{"id":2612,"date":"2024-08-05T07:33:38","date_gmt":"2024-08-05T07:33:38","guid":{"rendered":"http:\/\/wwwnowa.chemar-piping.pl\/?page_id=2612"},"modified":"2026-04-09T09:45:52","modified_gmt":"2026-04-09T07:45:52","slug":"badania-inne","status":"publish","type":"page","link":"http:\/\/www.chemar-piping.pl\/en\/laboratorium\/badania-inne\/","title":{"rendered":"Other research"},"content":{"rendered":"<div class=\"wp-block-stackable-columns alignfull stk-block-columns stk-block stk-579b117 stk-block-background stk--has-background-overlay\" data-block-id=\"579b117\"><style>.stk-579b117 {background-color:var(--theme-palette-color-3, #38454A) !important;background-image:url(http:\/\/www.chemar-piping.pl\/wp-content\/uploads\/2024\/09\/download-9-1.png) !important;background-position:center center !important;background-size:custom !important;min-height:120px !important;padding-top:26px !important;padding-bottom:43px !important;margin-bottom:0px !important;}.stk-579b117:before{background-color:var(--theme-palette-color-3, #38454A) !important;opacity:0.7 !important;}@media screen and (max-width:999px){.stk-579b117 {padding-top:80px !important;padding-bottom:80px !important;}}@media screen and (max-width:689px){.stk-579b117 {padding-top:60px !important;padding-bottom:60px !important;}}<\/style><div class=\"stk-row stk-inner-blocks stk-block-content stk-content-align stk-579b117-column\">\n<div class=\"wp-block-stackable-column stk-block-column stk-column stk-block stk-f8a03ee\" data-v=\"4\" data-block-id=\"f8a03ee\"><div class=\"stk-column-wrapper stk-block-column__content stk-container stk-f8a03ee-container stk--no-background stk--no-padding\"><div class=\"stk-block-content stk-inner-blocks stk-f8a03ee-inner-blocks\">\n<div class=\"wp-block-uagb-container uagb-layout-flex uagb-block-b89157ef alignfull uagb-is-root-container\"><div class=\"uagb-container-inner-blocks-wrap\">\n<h2 class=\"wp-block-heading\" id=\"rurociagi-1\" style=\"font-size:clamp(33.419px, 2.089rem + ((1vw - 3.2px) * 2.077), 60px);\"><span style=\"color: #ffffff;\" class=\"stk-highlight\">Other research<\/span><\/h2>\n\n\n\n<div class=\"wp-block-stackable-divider stk-block-divider stk-block stk-227f16c\" data-block-id=\"227f16c\"><style>.stk-227f16c hr.stk-block-divider__hr{background:var(--theme-palette-color-8, #ffffff) !important;height:4px !important;width:100% !important;}.stk-227f16c {margin-bottom:0px !important;top:-55px !important;}<\/style><hr class=\"stk-block-divider__hr\"\/><\/div>\n<\/div><\/div>\n<\/div><\/div><\/div>\n<\/div><\/div>\n\n\n\n\n\n<div class=\"wp-block-stackable-columns stk-block-columns stk-block stk-fca5a8b animated fadeInUp\" data-block-id=\"fca5a8b\"><style>.stk-fca5a8b {margin-bottom:65px !important;}.stk-fca5a8b-column{--stk-columns-spacing:0px !important;}@media screen and (max-width:689px){.stk-fca5a8b {margin-bottom:0px !important;}.stk-fca5a8b-column{row-gap:5px !important;}}<\/style><div class=\"stk-row stk-inner-blocks has-text-align-center stk-block-content stk-content-align stk-fca5a8b-column\">\n<div class=\"wp-block-stackable-column stk-block-column stk-column stk-block stk-0642e55\" data-v=\"4\" data-block-id=\"0642e55\"><style>.stk-0642e55-container{max-width:390px !important;min-width:auto !important;}.stk-0642e55 {left:97px !important;}@media screen and (max-width:689px){.stk-0642e55 {left:0px !important;}}<\/style><div class=\"stk-column-wrapper stk-block-column__content stk-container stk-0642e55-container stk--no-background stk--no-padding\"><div class=\"has-text-align-right stk-block-content stk-inner-blocks stk-0642e55-inner-blocks\">\n<div class=\"wp-block-stackable-card stk-block-card stk-block stk-2231841 hvr-grow\" data-v=\"2\" data-block-id=\"2231841\"><style>.stk-2231841-container{background-color:var(--theme-palette-color-2, #264796) !important;}.stk-2231841-container:before{background-color:var(--theme-palette-color-2, #264796) !important;}.stk-2231841 .stk-block-card__image{height:250px !important;}<\/style><div class=\"stk--no-padding stk-container stk-2231841-container stk-hover-parent\"><figure class=\"stk-block-card__image stk-img-wrapper stk-image--shape-stretch\"><img loading=\"lazy\" decoding=\"async\" class=\"stk-img wp-image-4282\" src=\"https:\/\/www.chemar-piping.pl\/wp-content\/uploads\/2026\/02\/IMG_20211110_110028.webp\" width=\"1440\" height=\"1920\" srcset=\"https:\/\/www.chemar-piping.pl\/wp-content\/uploads\/2026\/02\/IMG_20211110_110028.webp 1440w, https:\/\/www.chemar-piping.pl\/wp-content\/uploads\/2026\/02\/IMG_20211110_110028-225x300.webp 225w, https:\/\/www.chemar-piping.pl\/wp-content\/uploads\/2026\/02\/IMG_20211110_110028-768x1024.webp 768w, https:\/\/www.chemar-piping.pl\/wp-content\/uploads\/2026\/02\/IMG_20211110_110028-1152x1536.webp 1152w, https:\/\/www.chemar-piping.pl\/wp-content\/uploads\/2026\/02\/IMG_20211110_110028-9x12.webp 9w\" sizes=\"auto, (max-width: 1440px) 100vw, 1440px\" \/><\/figure><div class=\"stk-container-padding stk-block-card__content\"><div class=\"stk-block-content stk-inner-blocks stk-2231841-inner-blocks\">\n<div class=\"wp-block-stackable-heading stk-block-heading stk-block-heading--v2 stk-block stk-8eb89ce\" id=\"proby-hydrauliczne\" data-block-id=\"8eb89ce\"><style>.stk-8eb89ce {margin-top:-20px !important;margin-bottom:72px !important;}.stk-8eb89ce .stk-block-heading__text{font-size:25px !important;color:var(--theme-palette-color-8, #ffffff) !important;}@media screen and (max-width:999px){.stk-8eb89ce .stk-block-heading__text{font-size:25px !important;}}<\/style><h3 class=\"stk-block-heading__text has-text-color has-text-align-left\">Hydraulic tests<\/h3><\/div>\n\n\n\n<div class=\"wp-block-stackable-button-group stk-block-button-group stk-block stk-ef8928e\" data-block-id=\"ef8928e\"><div class=\"stk-row stk-inner-blocks has-text-align-left stk-block-content stk-button-group\">\n<div class=\"wp-block-stackable-button stk-block-button is-style-plain stk-block stk-0a05543\" data-block-id=\"0a05543\"><style>.stk-0a05543 {margin-top:0px !important;margin-right:0px !important;margin-bottom:0px !important;margin-left:0px !important;}.stk-0a05543:hover{opacity:0.6 !important;}.stk-0a05543 .stk-button{padding-top:0px !important;padding-right:0px !important;padding-bottom:0px !important;padding-left:0px !important;background:#00000000 !important;}.stk-0a05543 .stk-button:hover:after{background:transparent !important;opacity:1 !important;}:where(.stk-hover-parent:hover,  .stk-hover-parent.stk--is-hovered) .stk-0a05543 .stk-button:after{background:transparent !important;opacity:1 !important;}.stk-0a05543 .stk-button .stk--inner-svg svg:last-child{height:13px !important;width:13px !important;}.stk-0a05543 .stk-button .stk--inner-svg svg:last-child, .stk-0a05543 .stk-button .stk--inner-svg svg:last-child :is(g, path, rect, polygon, ellipse){fill:var(--theme-palette-color-8, #ffffff) !important;}.stk-0a05543 .stk-button:hover .stk--inner-svg svg:last-child, .stk-0a05543 .stk-button:hover .stk--inner-svg svg:last-child :is(g, path, rect, polygon, ellipse){fill:var(--theme-palette-color-8, #ffffff) !important;}:where(.stk-hover-parent:hover,  .stk-hover-parent.stk--is-hovered) .stk-0a05543 .stk-button .stk--inner-svg svg:last-child,  :where(.stk-hover-parent:hover,  .stk-hover-parent.stk--is-hovered) .stk-0a05543 .stk-button .stk--inner-svg svg:last-child :is(g, path, rect, polygon, ellipse){fill:var(--theme-palette-color-8, #ffffff) !important;}.stk-0a05543 .stk-button__inner-text{font-size:20px !important;color:var(--theme-palette-color-8, #ffffff) !important;font-weight:600 !important;}.stk-0a05543 .stk-button:hover .stk-button__inner-text{color:var(--theme-palette-color-8, #ffffff) !important;}:where(.stk-hover-parent:hover,  .stk-hover-parent.stk--is-hovered) .stk-0a05543 .stk-button__inner-text{color:var(--theme-palette-color-8, #ffffff) !important;}@media screen and (max-width:999px){.stk-0a05543 .stk-button__inner-text{font-size:20px !important;}}<\/style><a class=\"stk-link stk-button stk--hover-effect-darken\" href=\"\"><span class=\"has-text-color has-palette-color-4-color stk-button__inner-text\">See more<\/span><span class=\"stk--svg-wrapper\"><div class=\"stk--inner-svg\"><svg class=\"ugb-custom-icon\" xmlns=\"http:\/\/www.w3.org\/2000\/svg\" viewbox=\"0 0 15 15\" style=\"enable-background:new 0 0 15 15\" xml:space=\"preserve\" aria-hidden=\"true\" width=\"32\" height=\"32\"><path d=\"M14.9.8c-.1-.1-.2-.2-.3-.4-.1-.1-.2-.2-.4-.3 0 0-.1-.1-.2-.1H1.3C.9 0 .6.1.3.4c-.2.2-.3.5-.3.9 0 .3.1.7.3.9.2.2.6.4.9.4h9.5L.4 12.9c-.5.5-.5 1.2-.1 1.7l.1.1c.1.1.2.2.4.3h.5c.2 0 .3 0 .5-.1.1-.1.3-.2.4-.3L12.5 4.2v9.5c0 .6.4 1.2 1.1 1.2h.1c.3 0 .7-.1.9-.3.2-.2.4-.6.3-.9V1.1c.1-.2 0-.3 0-.3z\" style=\"fill:#fff\"\/><\/svg><\/div><\/span><\/a><\/div>\n<\/div><\/div>\n<\/div><\/div><a class=\"stk-link stk-block-link stk--transparent-overlay\" href=\"https:\/\/www.chemar-piping.pl\/en\/laboratorium\/badania-inne\/proba-hydrauliczna\/\" aria-hidden=\"true\" tabindex=\"-1\"><\/a><\/div><\/div>\n<\/div><\/div><\/div>\n\n\n\n<div class=\"wp-block-stackable-column stk-block-column stk-column stk-block stk-9b8c6ed\" data-v=\"4\" data-block-id=\"9b8c6ed\"><style>.stk-9b8c6ed-container{max-width:390px !important;min-width:auto !important;}.stk-9b8c6ed {right:97px !important;}@media screen and (max-width:689px){.stk-9b8c6ed {right:0px !important;}}<\/style><div class=\"stk-column-wrapper stk-block-column__content stk-container stk-9b8c6ed-container stk--no-background stk--no-padding\"><div class=\"stk-block-content stk-inner-blocks stk-9b8c6ed-inner-blocks\">\n<div class=\"wp-block-stackable-card stk-block-card stk-block stk-36f4439 hvr-grow\" data-v=\"2\" data-block-id=\"36f4439\"><style>.stk-36f4439-container{background-color:var(--theme-palette-color-2, #264796) !important;}.stk-36f4439-container:before{background-color:var(--theme-palette-color-2, #264796) !important;}.stk-36f4439 .stk-block-card__image{height:250px !important;}<\/style><div class=\"stk--no-padding stk-container stk-36f4439-container stk-hover-parent\"><figure class=\"stk-block-card__image stk-img-wrapper stk-image--shape-stretch\"><img loading=\"lazy\" decoding=\"async\" class=\"stk-img wp-image-4285\" src=\"https:\/\/www.chemar-piping.pl\/wp-content\/uploads\/2026\/02\/atestacja_1-e1774535718701.webp\" width=\"1635\" height=\"1242\" srcset=\"https:\/\/www.chemar-piping.pl\/wp-content\/uploads\/2026\/02\/atestacja_1-e1774535718701.webp 1635w, https:\/\/www.chemar-piping.pl\/wp-content\/uploads\/2026\/02\/atestacja_1-e1774535718701-300x228.webp 300w, https:\/\/www.chemar-piping.pl\/wp-content\/uploads\/2026\/02\/atestacja_1-e1774535718701-1024x778.webp 1024w, https:\/\/www.chemar-piping.pl\/wp-content\/uploads\/2026\/02\/atestacja_1-e1774535718701-768x583.webp 768w, https:\/\/www.chemar-piping.pl\/wp-content\/uploads\/2026\/02\/atestacja_1-e1774535718701-1536x1167.webp 1536w, https:\/\/www.chemar-piping.pl\/wp-content\/uploads\/2026\/02\/atestacja_1-e1774535718701-16x12.webp 16w\" sizes=\"auto, (max-width: 1635px) 100vw, 1635px\" \/><\/figure><div class=\"stk-container-padding stk-block-card__content\"><div class=\"stk-block-content stk-inner-blocks has-text-align-left stk-36f4439-inner-blocks\">\n<div class=\"wp-block-stackable-heading stk-block-heading stk-block-heading--v2 stk-block stk-929538c\" id=\"atestacja-zamocowan\" data-block-id=\"929538c\"><style>.stk-929538c {margin-top:-20px !important;margin-bottom:72px !important;}.stk-929538c .stk-block-heading__text{font-size:25px !important;color:var(--theme-palette-color-8, #ffffff) !important;}@media screen and (max-width:999px){.stk-929538c .stk-block-heading__text{font-size:25px !important;}}<\/style><h3 class=\"stk-block-heading__text has-text-color has-text-align-left\">Certification of fasteners<\/h3><\/div>\n\n\n\n<div class=\"wp-block-stackable-button-group stk-block-button-group stk-block stk-eeced89\" data-block-id=\"eeced89\"><div class=\"stk-row stk-inner-blocks has-text-align-left stk-block-content stk-button-group\">\n<div class=\"wp-block-stackable-button stk-block-button is-style-plain stk-block stk-7687942\" data-block-id=\"7687942\"><style>.stk-7687942 {margin-top:0px !important;margin-right:0px !important;margin-bottom:0px !important;margin-left:0px !important;}.stk-7687942:hover{opacity:0.6 !important;}.stk-7687942 .stk-button{padding-top:0px !important;padding-right:0px !important;padding-bottom:0px !important;padding-left:0px !important;background:#00000000 !important;}.stk-7687942 .stk-button:hover:after{background:transparent !important;opacity:1 !important;}:where(.stk-hover-parent:hover,  .stk-hover-parent.stk--is-hovered) .stk-7687942 .stk-button:after{background:transparent !important;opacity:1 !important;}.stk-7687942 .stk-button .stk--inner-svg svg:last-child{height:13px !important;width:13px !important;}.stk-7687942 .stk-button .stk--inner-svg svg:last-child, .stk-7687942 .stk-button .stk--inner-svg svg:last-child :is(g, path, rect, polygon, ellipse){fill:var(--theme-palette-color-8, #ffffff) !important;}.stk-7687942 .stk-button:hover .stk--inner-svg svg:last-child, .stk-7687942 .stk-button:hover .stk--inner-svg svg:last-child :is(g, path, rect, polygon, ellipse){fill:var(--theme-palette-color-8, #ffffff) !important;}:where(.stk-hover-parent:hover,  .stk-hover-parent.stk--is-hovered) .stk-7687942 .stk-button .stk--inner-svg svg:last-child,  :where(.stk-hover-parent:hover,  .stk-hover-parent.stk--is-hovered) .stk-7687942 .stk-button .stk--inner-svg svg:last-child :is(g, path, rect, polygon, ellipse){fill:var(--theme-palette-color-8, #ffffff) !important;}.stk-7687942 .stk-button__inner-text{font-size:20px !important;color:var(--theme-palette-color-8, #ffffff) !important;font-weight:600 !important;}.stk-7687942 .stk-button:hover .stk-button__inner-text{color:var(--theme-palette-color-8, #ffffff) !important;}:where(.stk-hover-parent:hover,  .stk-hover-parent.stk--is-hovered) .stk-7687942 .stk-button__inner-text{color:var(--theme-palette-color-8, #ffffff) !important;}@media screen and (max-width:999px){.stk-7687942 .stk-button__inner-text{font-size:20px !important;}}<\/style><a class=\"stk-link stk-button stk--hover-effect-darken\" href=\"\"><span class=\"has-text-color has-palette-color-4-color stk-button__inner-text\">See more<\/span><span class=\"stk--svg-wrapper\"><div class=\"stk--inner-svg\"><svg class=\"ugb-custom-icon\" xmlns=\"http:\/\/www.w3.org\/2000\/svg\" viewbox=\"0 0 15 15\" style=\"enable-background:new 0 0 15 15\" xml:space=\"preserve\" aria-hidden=\"true\" width=\"32\" height=\"32\"><path d=\"M14.9.8c-.1-.1-.2-.2-.3-.4-.1-.1-.2-.2-.4-.3 0 0-.1-.1-.2-.1H1.3C.9 0 .6.1.3.4c-.2.2-.3.5-.3.9 0 .3.1.7.3.9.2.2.6.4.9.4h9.5L.4 12.9c-.5.5-.5 1.2-.1 1.7l.1.1c.1.1.2.2.4.3h.5c.2 0 .3 0 .5-.1.1-.1.3-.2.4-.3L12.5 4.2v9.5c0 .6.4 1.2 1.1 1.2h.1c.3 0 .7-.1.9-.3.2-.2.4-.6.3-.9V1.1c.1-.2 0-.3 0-.3z\" style=\"fill:#fff\"\/><\/svg><\/div><\/span><\/a><\/div>\n<\/div><\/div>\n<\/div><\/div><a class=\"stk-link stk-block-link stk--transparent-overlay\" href=\"https:\/\/www.chemar-piping.pl\/en\/laboratorium\/badania-inne\/atestacja-zamocowan\/\" aria-hidden=\"true\" tabindex=\"-1\"><\/a><\/div><\/div>\n<\/div><\/div><\/div>\n<\/div><\/div>\n\n\n\n<div class=\"wp-block-stackable-spacer stk-block-spacer stk--no-padding stk-block stk-2a202a2\" data-block-id=\"2a202a2\"><style>@media screen and (max-width:689px){.stk-2a202a2 {height:20px !important;}}<\/style><\/div>\n\n\n\n<div class=\"wp-block-stackable-columns stk-block-columns stk-block stk-45929f8 stk-block-background animated fadeInUp uag-blocks-common-selector\" style=\"--z-index-desktop:2;;--z-index-tablet:undefined;;--z-index-mobile:undefined;\" data-block-id=\"45929f8\"><style>.stk-45929f8 .stk--block-align-45929f8{align-items:center !important;}.stk-45929f8 {background-color:var(--theme-palette-color-1, #224DB7) !important;padding-top:50px !important;padding-right:55px !important;padding-bottom:50px !important;padding-left:55px !important;margin-bottom:92px !important;z-index:2 !important;}.stk-45929f8:before{background-color:var(--theme-palette-color-1, #224DB7) !important;}.stk-45929f8-column{--stk-column-gap:50px !important;row-gap:50px !important;}@media screen and (max-width:689px){.stk-45929f8-column{--stk-columns-spacing:30px !important;}}<\/style><div class=\"stk-row stk-inner-blocks stk--block-align-45929f8 stk-block-content stk-content-align stk-45929f8-column\">\n<div class=\"wp-block-stackable-column stk-block-column stk-column stk-block stk-7a55db8\" data-v=\"4\" data-block-id=\"7a55db8\"><style>.stk-7a55db8-container{margin-top:0px !important;margin-right:0px !important;margin-bottom:0px !important;margin-left:0px !important;}@media screen and (min-width:690px) and (max-width:999px){.stk-7a55db8 {flex:var(--stk-flex-grow, 1) 1 calc(100% - var(--stk-column-gap, 0px) * 0 \/ 1 ) !important;}}<\/style><div class=\"stk-column-wrapper stk-block-column__content stk-container stk-7a55db8-container stk--no-background stk--no-padding\"><div class=\"stk-block-content stk-inner-blocks stk-7a55db8-inner-blocks\">\n<div class=\"wp-block-stackable-heading stk-block-heading stk-block-heading--v2 stk-block stk-e3ff0d9\" id=\"span-style-color-00000000-class-stk-highlight-span-skontaktuj-sie-z-nami\" data-block-id=\"e3ff0d9\"><style>.stk-e3ff0d9 {margin-top:-5px !important;margin-bottom:10px !important;top:4px !important;}.stk-e3ff0d9 .stk-block-heading__text{color:var(--theme-palette-color-8, #ffffff) !important;}@media screen and (max-width:999px){.stk-e3ff0d9 {margin-bottom:20px !important;}.stk-e3ff0d9 .stk-block-heading__text{font-size:30px !important;}}<\/style><h2 class=\"stk-block-heading__text has-text-color has-palette-color-8-color has-text-align-center-tablet stk-block-heading--use-theme-margins\"><span style=\"color: #00000000;\" class=\"stk-highlight\">.  <\/span>     Contact us<\/h2><\/div>\n\n\n\n<div class=\"wp-block-stackable-text stk-block-text stk-block stk-bc5b221\" data-block-id=\"bc5b221\"><style>.stk-bc5b221 {opacity:0.6 !important;}.stk-bc5b221 .stk-block-text__text{color:var(--theme-palette-color-8, #ffffff) !important;}<\/style><p class=\"stk-block-text__text has-text-color has-palette-color-8-color has-text-align-center-tablet\"><\/p><\/div>\n<\/div><\/div><\/div>\n\n\n\n<div class=\"wp-block-stackable-column stk-block-column stk-column stk-block stk-5da9125\" data-v=\"4\" data-block-id=\"5da9125\"><style>.stk-5da9125-container{margin-top:0px !important;margin-right:0px !important;margin-bottom:0px !important;margin-left:0px !important;}@media screen and (min-width:690px) and (max-width:999px){.stk-5da9125 {flex:var(--stk-flex-grow, 1) 1 calc(100% - var(--stk-column-gap, 0px) * 0 \/ 1 ) !important;}}<\/style><div class=\"stk-column-wrapper stk-block-column__content stk-container stk-5da9125-container stk--no-background stk--no-padding\"><div class=\"stk-block-content stk-inner-blocks stk-5da9125-inner-blocks\">\n<div class=\"wp-block-stackable-button-group stk-block-button-group stk-block stk-0de13d8\" data-block-id=\"0de13d8\"><style>.stk-0de13d8 .stk-inner-blocks{column-gap:30px !important;row-gap:20px !important;}<\/style><div class=\"stk-row stk-inner-blocks has-text-align-right has-text-align-center-tablet stk-block-content stk-button-group\">\n<div class=\"wp-block-stackable-button stk-block-button hvr-grow stk-block stk-fad9ac7\" data-block-id=\"fad9ac7\"><style>.stk-fad9ac7 {margin-top:0px !important;margin-right:0px !important;margin-bottom:0px !important;margin-left:0px !important;}.stk-fad9ac7 .stk-button{padding-top:18px !important;padding-right:30px !important;padding-bottom:18px !important;padding-left:30px !important;background:transparent !important;}.stk-fad9ac7 .stk-button:hover:after{background:var(--theme-palette-color-4, #0A1821) !important;opacity:1 !important;}:where(.stk-hover-parent:hover,  .stk-hover-parent.stk--is-hovered) .stk-fad9ac7 .stk-button:after{background:transparent !important;opacity:1 !important;}.stk-fad9ac7 .stk-button:before{border-style:solid !important;border-color:var(--theme-palette-color-8, #ffffff) !important;border-top-width:2px !important;border-right-width:2px !important;border-bottom-width:2px !important;border-left-width:2px !important;}.stk-fad9ac7 .stk-button:hover:before{border-color:var(--theme-palette-color-4, #0A1821) !important;}.stk-fad9ac7 .stk-button .stk--inner-svg svg:last-child, .stk-fad9ac7 .stk-button .stk--inner-svg svg:last-child :is(g, path, rect, polygon, ellipse){fill:var(--theme-palette-color-4, #0A1821) !important;}.stk-fad9ac7 .stk-button:hover .stk--inner-svg svg:last-child, .stk-fad9ac7 .stk-button:hover .stk--inner-svg svg:last-child :is(g, path, rect, polygon, ellipse){fill:var(--theme-palette-color-2, #224DB7) !important;}.stk-fad9ac7 .stk-button__inner-text{font-size:16px !important;color:var(--theme-palette-color-8, #ffffff) !important;font-weight:700 !important;text-transform:uppercase !important;}.stk-fad9ac7 .stk-button:hover .stk-button__inner-text{color:var(--theme-palette-color-8, #ffffff) !important;}@media screen and (max-width:999px){.stk-fad9ac7 .stk-button__inner-text{font-size:16px !important;}}<\/style><a class=\"stk-link stk-button stk--hover-effect-darken\" href=\"\"><span class=\"has-text-color has-palette-color-8-color stk-button__inner-text\">     contact     <\/span><\/a><\/div>\n\n\n\n<div class=\"wp-block-stackable-button stk-block-button hvr-grow stk-block stk-82f3f35\" data-block-id=\"82f3f35\"><style>.stk-82f3f35 {margin-top:0px !important;margin-right:0px !important;margin-bottom:0px !important;margin-left:0px !important;}.stk-82f3f35 .stk-button{padding-top:18px !important;padding-right:30px !important;padding-bottom:18px !important;padding-left:30px !important;background:var(--theme-palette-color-8, #ffffff) !important;}.stk-82f3f35 .stk-button:hover:after{background:var(--theme-palette-color-4, #0A1821) !important;opacity:1 !important;}.stk-82f3f35 .stk-button__inner-text{font-size:16px !important;color:var(--theme-palette-color-2, #224DB7) !important;font-weight:700 !important;text-transform:uppercase !important;}.stk-82f3f35 .stk-button:hover .stk-button__inner-text{color:var(--theme-palette-color-8, #ffffff) !important;}@media screen and (max-width:999px){.stk-82f3f35 .stk-button__inner-text{font-size:16px !important;}}<\/style><a class=\"stk-link stk-button stk--hover-effect-darken\" href=\"\"><span class=\"has-text-color has-palette-color-2-color stk-button__inner-text\">contact form<\/span><\/a><\/div>\n<\/div><\/div>\n<\/div><\/div><\/div>\n<\/div><\/div>","protected":false},"excerpt":{"rendered":"<p>Badania inne Pr\u00f3by hydrauliczne Zobacz wi\u0119cej Atestacja zamocowa\u0144 Zobacz wi\u0119cej . Skontaktuj si\u0119 z nami kontakt formularz kontaktowy<\/p>","protected":false},"author":1,"featured_media":0,"parent":2615,"menu_order":0,"comment_status":"closed","ping_status":"closed","template":"","meta":{"_gspb_post_css":"","_uag_custom_page_level_css":"","iawp_total_views":15,"footnotes":""},"class_list":["post-2612","page","type-page","status-publish","hentry"],"blocksy_meta":[],"featured_image_src":null,"uagb_featured_image_src":{"full":false,"thumbnail":false,"medium":false,"medium_large":false,"large":false,"1536x1536":false,"2048x2048":false,"trp-custom-language-flag":false},"uagb_author_info":{"display_name":"Chemar Ruroci\u0105gi","author_link":"http:\/\/www.chemar-piping.pl\/en\/author\/michpaj\/"},"uagb_comment_info":0,"uagb_excerpt":"Badania inne Pr\u00f3by hydrauliczne Zobacz wi\u0119cej Atestacja zamocowa\u0144 Zobacz wi\u0119cej . Skontaktuj si\u0119 z nami kontakt formularz kontaktowy","_links":{"self":[{"href":"http:\/\/www.chemar-piping.pl\/en\/wp-json\/wp\/v2\/pages\/2612","targetHints":{"allow":["GET"]}}],"collection":[{"href":"http:\/\/www.chemar-piping.pl\/en\/wp-json\/wp\/v2\/pages"}],"about":[{"href":"http:\/\/www.chemar-piping.pl\/en\/wp-json\/wp\/v2\/types\/page"}],"author":[{"embeddable":true,"href":"http:\/\/www.chemar-piping.pl\/en\/wp-json\/wp\/v2\/users\/1"}],"replies":[{"embeddable":true,"href":"http:\/\/www.chemar-piping.pl\/en\/wp-json\/wp\/v2\/comments?post=2612"}],"version-history":[{"count":19,"href":"http:\/\/www.chemar-piping.pl\/en\/wp-json\/wp\/v2\/pages\/2612\/revisions"}],"predecessor-version":[{"id":4852,"href":"http:\/\/www.chemar-piping.pl\/en\/wp-json\/wp\/v2\/pages\/2612\/revisions\/4852"}],"up":[{"embeddable":true,"href":"http:\/\/www.chemar-piping.pl\/en\/wp-json\/wp\/v2\/pages\/2615"}],"wp:attachment":[{"href":"http:\/\/www.chemar-piping.pl\/en\/wp-json\/wp\/v2\/media?parent=2612"}],"curies":[{"name":"wp","href":"https:\/\/api.w.org\/{rel}","templated":true}]}}