{"id":1310,"date":"2024-07-03T05:52:39","date_gmt":"2024-07-03T05:52:39","guid":{"rendered":"http:\/\/wwwnowa.chemar-piping.pl\/?page_id=1310"},"modified":"2025-10-20T14:43:43","modified_gmt":"2025-10-20T12:43:43","slug":"certyfikaty-i-uprawnienia","status":"publish","type":"page","link":"https:\/\/www.chemar-piping.pl\/en\/certyfikaty-i-uprawnienia\/","title":{"rendered":"Certificates and entitlements"},"content":{"rendered":"<div class=\"wp-block-stackable-columns alignfull stk-block-columns stk-block stk-579b117 stk-block-background stk--has-background-overlay\" data-block-id=\"579b117\"><style>.stk-579b117 {background-color:var(--theme-palette-color-3, #38454A) !important;background-image:url(http:\/\/www.chemar-piping.pl\/wp-content\/uploads\/2024\/09\/download-4-e1725958653223-1.png) !important;min-height:120px !important;padding-top:26px !important;padding-bottom:43px !important;margin-bottom:0px !important;}.stk-579b117:before{background-color:var(--theme-palette-color-3, #38454A) !important;opacity:0.7 !important;}@media screen and (max-width:999px){.stk-579b117 {padding-top:80px !important;padding-bottom:80px !important;}}@media screen and (max-width:689px){.stk-579b117 {padding-top:60px !important;padding-bottom:60px !important;}}<\/style><div class=\"stk-row stk-inner-blocks stk-block-content stk-content-align stk-579b117-column\">\n<div class=\"wp-block-stackable-column stk-block-column stk-column stk-block stk-f8a03ee\" data-v=\"4\" data-block-id=\"f8a03ee\"><div class=\"stk-column-wrapper stk-block-column__content stk-container stk-f8a03ee-container stk--no-background stk--no-padding\"><div class=\"stk-block-content stk-inner-blocks stk-f8a03ee-inner-blocks\">\n<div class=\"wp-block-uagb-container uagb-layout-flex uagb-block-b89157ef alignfull uagb-is-root-container\"><div class=\"uagb-container-inner-blocks-wrap\">\n<h2 class=\"wp-block-heading\" id=\"rurociagi-1\" style=\"font-size:clamp(37.821px, 2.364rem + ((1vw - 3.2px) * 2.514), 70px);letter-spacing:0.01px\"><span style=\"color: #ffffff;\" class=\"stk-highlight\">Certificates and entitlements<\/span><\/h2>\n\n\n\n<div class=\"wp-block-stackable-divider stk-block-divider stk-block stk-227f16c\" data-block-id=\"227f16c\"><style>.stk-227f16c hr.stk-block-divider__hr{background:var(--theme-palette-color-8, #ffffff) !important;height:4px !important;width:100% !important;}.stk-227f16c {margin-bottom:0px !important;top:-60px !important;}<\/style><hr class=\"stk-block-divider__hr\"\/><\/div>\n<\/div><\/div>\n<\/div><\/div><\/div>\n<\/div><\/div>\n\n\n\n\n\n<div class=\"wp-block-stackable-columns stk-block-columns stk-block stk-d7d7604 animated fadeInUp\" data-block-id=\"d7d7604\"><style>.stk-d7d7604 {margin-bottom:0px !important;}.stk-d7d7604-column{max-width:1050px !important;min-width:auto !important;}<\/style><div class=\"stk-row stk-inner-blocks stk-block-content stk-content-align stk-d7d7604-column\">\n<div class=\"wp-block-stackable-column stk-block-column stk-column stk-block stk-5a42583\" data-v=\"4\" data-block-id=\"5a42583\"><div class=\"stk-column-wrapper stk-block-column__content stk-container stk-5a42583-container stk--no-background stk--no-padding\"><div class=\"stk-block-content stk-inner-blocks stk-5a42583-inner-blocks\">\n<div style=\"height:20px\" aria-hidden=\"true\" class=\"wp-block-spacer\"><\/div>\n\n\n\n<div class=\"wp-block-stackable-text stk-block-text stk-block stk-34fbcc2\" data-block-id=\"34fbcc2\"><p class=\"stk-block-text__text\">In the company <strong>Chemar Ruroci\u0105gi Sp. z o.o.<\/strong> Certificates and authorizations play a key role in confirming employee competences and meeting industry requirements.<br><br>The certificates obtained mainly concern welding processes and bending technologies, which are under constant supervision and are constantly updated, ensuring their validity in line with the dynamically changing needs of customers resulting from the implementation of concluded contracts.<\/p><\/div>\n\n\n\n<h3 class=\"wp-block-heading\" id=\"certyfikaty-branzowe\">Industry certifications:<\/h3>\n\n\n\n<div class=\"wp-block-stackable-columns stk-block-columns stk-block stk-3ed6105\" data-block-id=\"3ed6105\"><style>.stk-3ed6105 {margin-top:0px !important;margin-left:20px !important;}<\/style><div class=\"stk-row stk-inner-blocks stk-block-content stk-content-align stk-3ed6105-column\">\n<div class=\"wp-block-stackable-column stk-block-column stk-column stk-block stk-567de30\" data-v=\"4\" data-block-id=\"567de30\"><style>.stk-567de30-container{margin-top:var(--stk--preset--spacing--20, 0.44rem) !important;margin-right:var(--stk--preset--spacing--20, 0.44rem) !important;margin-bottom:var(--stk--preset--spacing--20, 0.44rem) !important;margin-left:var(--stk--preset--spacing--20, 0.44rem) !important;}@media screen and (min-width:690px){.stk-567de30 {flex:var(--stk-flex-grow, 1) 1 calc(5.4% - var(--stk-column-gap, 0px) * 1 \/ 2 ) !important;}}<\/style><div class=\"stk-column-wrapper stk-block-column__content stk-container stk-567de30-container stk--no-background stk--no-padding\"><div class=\"stk-block-content stk-inner-blocks stk-567de30-inner-blocks\">\n<div class=\"wp-block-stackable-icon stk-block-icon stk-block stk-7f51226\" data-block-id=\"7f51226\"><style>.stk-7f51226 {margin-bottom:31px !important;}.stk-7f51226 .stk--svg-wrapper .stk--inner-svg svg:last-child{height:35px !important;width:35px !important;}.stk-7f51226 .stk--svg-wrapper .stk--inner-svg svg:last-child, .stk-7f51226 .stk--svg-wrapper .stk--inner-svg svg:last-child :is(g, path, rect, polygon, ellipse){fill:var(--theme-palette-color-1, #264796) !important;}<\/style><span class=\"stk--svg-wrapper\"><div class=\"stk--inner-svg\"><svg style=\"height:0;width:0\"><defs><lineargradient id=\"linear-gradient-7f51226\" x1=\"0\" x2=\"100%\" y1=\"0\" y2=\"0\"><stop offset=\"0%\" style=\"stop-opacity:1;stop-color:var(--linear-gradient-7-f-51226-color-1)\"><\/stop><stop offset=\"100%\" style=\"stop-opacity:1;stop-color:var(--linear-gradient-7-f-51226-color-2)\"><\/stop><\/lineargradient><\/defs><\/svg><svg xmlns=\"http:\/\/www.w3.org\/2000\/svg\" viewbox=\"0 0 512 512\" aria-hidden=\"true\" width=\"32\" height=\"32\"><path d=\"M40 48C26.7 48 16 58.7 16 72v48c0 13.3 10.7 24 24 24H88c13.3 0 24-10.7 24-24V72c0-13.3-10.7-24-24-24H40zM192 64c-17.7 0-32 14.3-32 32s14.3 32 32 32H480c17.7 0 32-14.3 32-32s-14.3-32-32-32H192zm0 160c-17.7 0-32 14.3-32 32s14.3 32 32 32H480c17.7 0 32-14.3 32-32s-14.3-32-32-32H192zm0 160c-17.7 0-32 14.3-32 32s14.3 32 32 32H480c17.7 0 32-14.3 32-32s-14.3-32-32-32H192zM16 232v48c0 13.3 10.7 24 24 24H88c13.3 0 24-10.7 24-24V232c0-13.3-10.7-24-24-24H40c-13.3 0-24 10.7-24 24zM40 368c-13.3 0-24 10.7-24 24v48c0 13.3 10.7 24 24 24H88c13.3 0 24-10.7 24-24V392c0-13.3-10.7-24-24-24H40z\"><\/path><\/svg><\/div><\/span><\/div>\n<\/div><\/div><\/div>\n\n\n\n<div class=\"wp-block-stackable-column stk-block-column stk-column stk-block stk-b7fa4b0\" data-v=\"4\" data-block-id=\"b7fa4b0\"><style>.stk-b7fa4b0-container{margin-top:11px !important;margin-right:11px !important;margin-bottom:11px !important;margin-left:11px !important;}@media screen and (min-width:690px){.stk-b7fa4b0 {flex:var(--stk-flex-grow, 1) 1 calc(94.6% - var(--stk-column-gap, 0px) * 1 \/ 2 ) !important;}}<\/style><div class=\"stk-column-wrapper stk-block-column__content stk-container stk-b7fa4b0-container stk--no-background stk--no-padding\"><div class=\"stk-block-content stk-inner-blocks stk-b7fa4b0-inner-blocks\">\n<div class=\"wp-block-stackable-text stk-block-text stk-block stk-6693369\" data-block-id=\"6693369\"><style>.stk-6693369 {margin-bottom:0px !important;}<\/style><p class=\"stk-block-text__text\"><a href=\"https:\/\/www.chemar-piping.pl\/wp-content\/uploads\/2025\/10\/Lista-certyfikatow_Certificates-List_2025.pdf\"><strong>Certificates-List_2025.pdf<\/strong><\/a><\/p><\/div>\n<\/div><\/div><\/div>\n<\/div><\/div>\n<\/div><\/div><\/div>\n<\/div><\/div>\n\n\n\n<div class=\"wp-block-stackable-columns stk-block-columns stk-block stk-15c6972 animated fadeInUp\" data-block-id=\"15c6972\"><style>.stk-15c6972-column{max-width:1050px !important;min-width:auto !important;}<\/style><div class=\"stk-row stk-inner-blocks stk-block-content stk-content-align stk-15c6972-column\">\n<div class=\"wp-block-stackable-column stk-block-column stk-column stk-block stk-57c796d\" data-v=\"4\" data-block-id=\"57c796d\"><div class=\"stk-column-wrapper stk-block-column__content stk-container stk-57c796d-container stk--no-background stk--no-padding\"><div class=\"stk-block-content stk-inner-blocks stk-57c796d-inner-blocks\">\n<h3 class=\"wp-block-heading\" id=\"znaczenie-certyfikatow-i-uprawnien\">Importance of certificates and authorizations:<\/h3>\n<\/div><\/div><\/div>\n<\/div><\/div>\n\n\n\n<div class=\"wp-block-stackable-columns stk-block-columns stk-block stk-8e28023 animated fadeInUp\" data-block-id=\"8e28023\"><style>.stk-8e28023 {margin-bottom:3px !important;}.stk-8e28023-column{max-width:1050px !important;min-width:auto !important;}<\/style><div class=\"stk-row stk-inner-blocks stk-block-content stk-content-align stk-8e28023-column\">\n<div class=\"wp-block-stackable-column stk-block-column stk-column stk-block stk-b09af69\" data-v=\"4\" data-block-id=\"b09af69\"><style>.stk-b09af69 {left:20px !important;}<\/style><div class=\"stk-column-wrapper stk-block-column__content stk-container stk-b09af69-container stk--no-background stk--no-padding\"><div class=\"stk-block-content stk-inner-blocks stk-b09af69-inner-blocks\">\n<ul data-aos=\"fade\" data-aos-easing=\"ease\" data-aos-duration=\"800\" class=\"gs_icon_list_120 gsbp-0c37f4e\">\n<li class=\"icon-list-item\">\n<div class=\"icon-list-wrapper gsbp-5d05b3f\">\n<svg viewbox=\"0 0 1024 1024\" width=\"1024\" height=\"1024\" class=\"icon-list-icon gsbp-47fcb1d\"><path d=\"M871.696 166.932l-526.088 526.088-193.304-193.304c-9.372-9.372-24.568-9.372-33.942 0l-56.568 56.568c-9.372 9.372-9.372 24.568 0 33.942l266.842 266.842c9.372 9.372 24.568 9.372 33.942 0l599.626-599.626c9.372-9.372 9.372-24.568 0-33.942l-56.568-56.568c-9.372-9.372-24.568-9.372-33.94 0z\" \/><\/svg>\n<\/div>\n\n\n\n<div class=\"icon-list-text\">Confirmation of competence<\/div>\n<\/li>\n\n\n\n<li class=\"icon-list-item\">\n<div class=\"icon-list-wrapper\">\n<svg viewbox=\"0 0 1024 1024\" width=\"1024\" height=\"1024\" class=\"icon-list-icon gsbp-306cd9b\"><path d=\"M871.696 166.932l-526.088 526.088-193.304-193.304c-9.372-9.372-24.568-9.372-33.942 0l-56.568 56.568c-9.372 9.372-9.372 24.568 0 33.942l266.842 266.842c9.372 9.372 24.568 9.372 33.942 0l599.626-599.626c9.372-9.372 9.372-24.568 0-33.942l-56.568-56.568c-9.372-9.372-24.568-9.372-33.94 0z\" \/><\/svg>\n<\/div>\n\n\n\n<div class=\"icon-list-text\">Increasing competitiveness<\/div>\n<\/li>\n\n\n\n<li class=\"icon-list-item\">\n<div class=\"icon-list-wrapper\">\n<svg viewbox=\"0 0 1024 1024\" width=\"1024\" height=\"1024\" class=\"icon-list-icon\"><path d=\"M871.696 166.932l-526.088 526.088-193.304-193.304c-9.372-9.372-24.568-9.372-33.942 0l-56.568 56.568c-9.372 9.372-9.372 24.568 0 33.942l266.842 266.842c9.372 9.372 24.568 9.372 33.942 0l599.626-599.626c9.372-9.372 9.372-24.568 0-33.942l-56.568-56.568c-9.372-9.372-24.568-9.372-33.94 0z\" \/><\/svg>\n<\/div>\n\n\n\n<div class=\"icon-list-text\">Meeting legal and industry requirements<\/div>\n<\/li>\n\n\n\n<li class=\"icon-list-item\">\n<div class=\"icon-list-wrapper\">\n<svg viewbox=\"0 0 1024 1024\" width=\"1024\" height=\"1024\" class=\"icon-list-icon\"><path d=\"M871.696 166.932l-526.088 526.088-193.304-193.304c-9.372-9.372-24.568-9.372-33.942 0l-56.568 56.568c-9.372 9.372-9.372 24.568 0 33.942l266.842 266.842c9.372 9.372 24.568 9.372 33.942 0l599.626-599.626c9.372-9.372 9.372-24.568 0-33.942l-56.568-56.568c-9.372-9.372-24.568-9.372-33.94 0z\" \/><\/svg>\n<\/div>\n\n\n\n<div class=\"icon-list-text\">Professional development<\/div>\n<\/li>\n\n\n\n<li class=\"icon-list-item\">\n<div class=\"icon-list-wrapper\">\n<svg viewbox=\"0 0 1024 1024\" width=\"1024\" height=\"1024\" class=\"icon-list-icon\"><path d=\"M871.696 166.932l-526.088 526.088-193.304-193.304c-9.372-9.372-24.568-9.372-33.942 0l-56.568 56.568c-9.372 9.372-9.372 24.568 0 33.942l266.842 266.842c9.372 9.372 24.568 9.372 33.942 0l599.626-599.626c9.372-9.372 9.372-24.568 0-33.942l-56.568-56.568c-9.372-9.372-24.568-9.372-33.94 0z\" \/><\/svg>\n<\/div>\n\n\n\n<div class=\"icon-list-text\">Company credibility<\/div>\n<\/li>\n<\/ul>\n<\/div><\/div><\/div>\n<\/div><\/div>\n\n\n\n<div style=\"height:20px\" aria-hidden=\"true\" class=\"wp-block-spacer\"><\/div>\n\n\n<style><\/style><style><\/style>\n<div class=\"wp-block-stackable-columns stk-block-columns stk-block stk-45929f8 stk-block-background animated fadeInUp uag-blocks-common-selector\" style=\"--z-index-desktop:2;;--z-index-tablet:undefined;;--z-index-mobile:undefined;\" data-block-id=\"45929f8\"><style>.stk-45929f8 .stk--block-align-45929f8{align-items:center !important;}.stk-45929f8 {background-color:var(--theme-palette-color-1, #224DB7) !important;padding-top:50px !important;padding-right:55px !important;padding-bottom:50px !important;padding-left:55px !important;margin-top:101px !important;margin-bottom:92px !important;z-index:2 !important;}.stk-45929f8:before{background-color:var(--theme-palette-color-1, #224DB7) !important;}.stk-45929f8-column{--stk-column-gap:50px !important;row-gap:50px !important;}<\/style><div class=\"stk-row stk-inner-blocks stk--block-align-45929f8 stk-block-content stk-content-align stk-45929f8-column\">\n<div class=\"wp-block-stackable-column stk-block-column stk-column stk-block stk-7a55db8\" data-v=\"4\" data-block-id=\"7a55db8\"><style>.stk-7a55db8-container{margin-top:0px !important;margin-right:0px !important;margin-bottom:0px !important;margin-left:0px !important;}@media screen and (min-width:690px) and (max-width:999px){.stk-7a55db8 {flex:var(--stk-flex-grow, 1) 1 calc(100% - var(--stk-column-gap, 0px) * 0 \/ 1 ) !important;}}<\/style><div class=\"stk-column-wrapper stk-block-column__content stk-container stk-7a55db8-container stk--no-background stk--no-padding\"><div class=\"stk-block-content stk-inner-blocks stk-7a55db8-inner-blocks\">\n<div class=\"wp-block-stackable-heading stk-block-heading stk-block-heading--v2 stk-block stk-e3ff0d9\" id=\"span-style-color-00000000-class-stk-highlight-span-skontaktuj-sie-z-nami\" data-block-id=\"e3ff0d9\"><style>.stk-e3ff0d9 {margin-top:-5px !important;margin-bottom:10px !important;top:4px !important;}.stk-e3ff0d9 .stk-block-heading__text{color:var(--theme-palette-color-8, #ffffff) !important;}@media screen and (max-width:999px){.stk-e3ff0d9 {margin-bottom:20px !important;}.stk-e3ff0d9 .stk-block-heading__text{font-size:30px !important;}}<\/style><h2 class=\"stk-block-heading__text has-text-color has-palette-color-8-color has-text-align-center-tablet stk-block-heading--use-theme-margins\"><span style=\"color: #00000000;\" class=\"stk-highlight\">.  <\/span>     Contact us<\/h2><\/div>\n\n\n\n<div class=\"wp-block-stackable-text stk-block-text stk-block stk-bc5b221\" data-block-id=\"bc5b221\"><style>.stk-bc5b221 {opacity:0.6 !important;}.stk-bc5b221 .stk-block-text__text{color:var(--theme-palette-color-8, #ffffff) !important;}<\/style><p class=\"stk-block-text__text has-text-color has-palette-color-8-color has-text-align-center-tablet\"><\/p><\/div>\n<\/div><\/div><\/div>\n\n\n\n<div class=\"wp-block-stackable-column stk-block-column stk-column stk-block stk-5da9125\" data-v=\"4\" data-block-id=\"5da9125\"><style>.stk-5da9125-container{margin-top:0px !important;margin-right:0px !important;margin-bottom:0px !important;margin-left:0px !important;}@media screen and (min-width:690px) and (max-width:999px){.stk-5da9125 {flex:var(--stk-flex-grow, 1) 1 calc(100% - var(--stk-column-gap, 0px) * 0 \/ 1 ) !important;}}<\/style><div class=\"stk-column-wrapper stk-block-column__content stk-container stk-5da9125-container stk--no-background stk--no-padding\"><div class=\"stk-block-content stk-inner-blocks stk-5da9125-inner-blocks\">\n<div class=\"wp-block-stackable-button-group stk-block-button-group stk-block stk-0de13d8\" data-block-id=\"0de13d8\"><style>.stk-0de13d8 .stk-inner-blocks{column-gap:30px !important;row-gap:20px !important;}<\/style><div class=\"stk-row stk-inner-blocks has-text-align-right has-text-align-center-tablet stk-block-content stk-button-group\">\n<div class=\"wp-block-stackable-button stk-block-button hvr-grow stk-block stk-fad9ac7\" data-block-id=\"fad9ac7\"><style>.stk-fad9ac7 {margin-top:0px !important;margin-right:0px !important;margin-bottom:0px !important;margin-left:0px !important;}.stk-fad9ac7 .stk-button{padding-top:18px !important;padding-right:30px !important;padding-bottom:18px !important;padding-left:30px !important;background:transparent !important;}.stk-fad9ac7 .stk-button:hover:after{background:var(--theme-palette-color-4, #0A1821) !important;opacity:1 !important;}:where(.stk-hover-parent:hover,  .stk-hover-parent.stk--is-hovered) .stk-fad9ac7 .stk-button:after{background:transparent !important;opacity:1 !important;}.stk-fad9ac7 .stk-button:before{border-style:solid !important;border-color:var(--theme-palette-color-8, #ffffff) !important;border-top-width:2px !important;border-right-width:2px !important;border-bottom-width:2px !important;border-left-width:2px !important;}.stk-fad9ac7 .stk-button:hover:before{border-color:var(--theme-palette-color-4, #0A1821) !important;}.stk-fad9ac7 .stk-button .stk--inner-svg svg:last-child, .stk-fad9ac7 .stk-button .stk--inner-svg svg:last-child :is(g, path, rect, polygon, ellipse){fill:var(--theme-palette-color-4, #0A1821) !important;}.stk-fad9ac7 .stk-button:hover .stk--inner-svg svg:last-child, .stk-fad9ac7 .stk-button:hover .stk--inner-svg svg:last-child :is(g, path, rect, polygon, ellipse){fill:var(--theme-palette-color-2, #224DB7) !important;}.stk-fad9ac7 .stk-button__inner-text{font-size:16px !important;color:var(--theme-palette-color-8, #ffffff) !important;font-weight:700 !important;text-transform:uppercase !important;}.stk-fad9ac7 .stk-button:hover .stk-button__inner-text{color:var(--theme-palette-color-8, #ffffff) !important;}@media screen and (max-width:999px){.stk-fad9ac7 .stk-button__inner-text{font-size:16px !important;}}<\/style><a class=\"stk-link stk-button stk--hover-effect-darken\" href=\"https:\/\/www.chemar-piping.pl\/en\/dane-kontaktowe\/\"><span class=\"has-text-color has-palette-color-8-color stk-button__inner-text\">     contact     <\/span><\/a><\/div>\n\n\n\n<div class=\"wp-block-stackable-button stk-block-button hvr-grow stk-block stk-82f3f35\" data-block-id=\"82f3f35\"><style>.stk-82f3f35 {margin-top:0px !important;margin-right:0px !important;margin-bottom:0px !important;margin-left:0px !important;}.stk-82f3f35 .stk-button{padding-top:18px !important;padding-right:30px !important;padding-bottom:18px !important;padding-left:30px !important;background:var(--theme-palette-color-8, #ffffff) !important;}.stk-82f3f35 .stk-button:hover:after{background:var(--theme-palette-color-4, #0A1821) !important;opacity:1 !important;}.stk-82f3f35 .stk-button__inner-text{font-size:16px !important;color:var(--theme-palette-color-2, #224DB7) !important;font-weight:700 !important;text-transform:uppercase !important;}.stk-82f3f35 .stk-button:hover .stk-button__inner-text{color:var(--theme-palette-color-8, #ffffff) !important;}@media screen and (max-width:999px){.stk-82f3f35 .stk-button__inner-text{font-size:16px !important;}}<\/style><a class=\"stk-link stk-button stk--hover-effect-darken\" href=\"https:\/\/www.chemar-piping.pl\/en\/formularz-kontaktowy\/\"><span class=\"has-text-color has-palette-color-2-color stk-button__inner-text\">contact form<\/span><\/a><\/div>\n<\/div><\/div>\n<\/div><\/div><\/div>\n<\/div><\/div>\n\n\n\n<p><\/p>","protected":false},"excerpt":{"rendered":"<p>Certyfikaty i uprawnienia W firmie Chemar Ruroci\u0105gi Sp. z o.o. certyfikaty i uprawnienia&nbsp;odgrywaj\u0105 kluczow\u0105 rol\u0119 w potwierdzaniu kompetencji pracownik\u00f3w oraz spe\u0142nianiu wymaga\u0144 bran\u017cowych. Uzyskane certyfikaty g\u0142\u00f3wnie dotycz\u0105cych proces\u00f3w spawalniczych i&nbsp;technologii gi\u0119cia, kt\u00f3re s\u0105 pod sta\u0142\u0105 kontrol\u0105 i&nbsp;s\u0105 na&nbsp;bie\u017c\u0105co uzupe\u0142niane, zapewniaj\u0105c ich&nbsp;aktualno\u015b\u0107 zgodnie z&nbsp;dynamicznie zmieniaj\u0105cymi si\u0119&nbsp;potrzebami Klient\u00f3w wynikaj\u0105cymi z&nbsp;realizacji zawartych kontrakt\u00f3w. Certyfikaty bran\u017cowe: Lista-certyfikatow_Certificates-List_2025.pdf Znaczenie certyfikat\u00f3w [&hellip;]<\/p>\n","protected":false},"author":1,"featured_media":0,"parent":0,"menu_order":0,"comment_status":"closed","ping_status":"closed","template":"","meta":{"_gspb_post_css":".gs_icon_list_120{margin:0;padding:0;display:flex;flex-direction:column;row-gap:15px}.gs_icon_list_120 .icon-list-item{display:flex;flex-direction:row;align-items:center;column-gap:15px}.gs_icon_list_120 .icon-list-wrapper{background-color:var(--wp--preset--color--palette-color-1, var(--theme-palette-color-1, #264796));width:33px;height:33px;display:flex;flex-direction:column;justify-content:center;align-items:center;border-bottom-left-radius:50%;border-bottom-right-radius:50%;border-top-left-radius:50%;border-top-right-radius:50%}.gs_icon_list_120 .icon-list-icon{width:18px;height:18px;fill:var(--wp--preset--color--text-on-secondary, #fffffc)}.gsbp-0c37f4e{transition-duration:.8s;transition-timing-function:var(--gs-root-animation-easing, cubic-bezier(0.42, 0, 0.58, 1));opacity:var(--gs-root-animation-opacity, 0);transition-property:opacity,transform,filter}.gsbp-0c37f4e.aos-animate,.gsbp-0c37f4e[data-gs-aos]{opacity:1;transform:translateZ(0)}.gsbp-5d05b3f{width:35px;height:35px}","_uag_custom_page_level_css":"","iawp_total_views":40,"footnotes":""},"class_list":["post-1310","page","type-page","status-publish","hentry"],"blocksy_meta":[],"featured_image_src":null,"uagb_featured_image_src":{"full":false,"thumbnail":false,"medium":false,"medium_large":false,"large":false,"1536x1536":false,"2048x2048":false,"trp-custom-language-flag":false},"uagb_author_info":{"display_name":"Chemar Ruroci\u0105gi","author_link":"https:\/\/www.chemar-piping.pl\/en\/author\/michpaj\/"},"uagb_comment_info":0,"uagb_excerpt":"Certyfikaty i uprawnienia W firmie Chemar Ruroci\u0105gi Sp. z o.o. certyfikaty i uprawnienia&nbsp;odgrywaj\u0105 kluczow\u0105 rol\u0119 w potwierdzaniu kompetencji pracownik\u00f3w oraz spe\u0142nianiu wymaga\u0144 bran\u017cowych. Uzyskane certyfikaty g\u0142\u00f3wnie dotycz\u0105cych proces\u00f3w spawalniczych i&nbsp;technologii gi\u0119cia, kt\u00f3re s\u0105 pod sta\u0142\u0105 kontrol\u0105 i&nbsp;s\u0105 na&nbsp;bie\u017c\u0105co uzupe\u0142niane, zapewniaj\u0105c ich&nbsp;aktualno\u015b\u0107 zgodnie z&nbsp;dynamicznie zmieniaj\u0105cymi si\u0119&nbsp;potrzebami Klient\u00f3w wynikaj\u0105cymi z&nbsp;realizacji zawartych kontrakt\u00f3w. Certyfikaty bran\u017cowe: Lista-certyfikatow_Certificates-List_2025.pdf Znaczenie certyfikat\u00f3w&hellip;","_links":{"self":[{"href":"https:\/\/www.chemar-piping.pl\/en\/wp-json\/wp\/v2\/pages\/1310","targetHints":{"allow":["GET"]}}],"collection":[{"href":"https:\/\/www.chemar-piping.pl\/en\/wp-json\/wp\/v2\/pages"}],"about":[{"href":"https:\/\/www.chemar-piping.pl\/en\/wp-json\/wp\/v2\/types\/page"}],"author":[{"embeddable":true,"href":"https:\/\/www.chemar-piping.pl\/en\/wp-json\/wp\/v2\/users\/1"}],"replies":[{"embeddable":true,"href":"https:\/\/www.chemar-piping.pl\/en\/wp-json\/wp\/v2\/comments?post=1310"}],"version-history":[{"count":30,"href":"https:\/\/www.chemar-piping.pl\/en\/wp-json\/wp\/v2\/pages\/1310\/revisions"}],"predecessor-version":[{"id":3744,"href":"https:\/\/www.chemar-piping.pl\/en\/wp-json\/wp\/v2\/pages\/1310\/revisions\/3744"}],"wp:attachment":[{"href":"https:\/\/www.chemar-piping.pl\/en\/wp-json\/wp\/v2\/media?parent=1310"}],"curies":[{"name":"wp","href":"https:\/\/api.w.org\/{rel}","templated":true}]}}