{"id":1359,"date":"2024-07-03T06:33:20","date_gmt":"2024-07-03T06:33:20","guid":{"rendered":"http:\/\/wwwnowa.chemar-piping.pl\/?page_id=1359"},"modified":"2024-09-10T14:43:08","modified_gmt":"2024-09-10T12:43:08","slug":"dane-osobowe-rodo","status":"publish","type":"page","link":"https:\/\/www.chemar-piping.pl\/en\/dane-osobowe-rodo\/","title":{"rendered":"Personal data RODO"},"content":{"rendered":"<div class=\"wp-block-stackable-columns alignfull stk-block-columns stk-block stk-579b117 stk-block-background stk--has-background-overlay\" data-block-id=\"579b117\"><style>.stk-579b117{background-color:var(--theme-palette-color-3,#38454A) !important;background-image:url(http:\/\/www.chemar-piping.pl\/wp-content\/uploads\/2024\/09\/download-4-e1725958653223-1.png) !important;min-height:120px !important;padding-top:26px !important;padding-bottom:43px !important;margin-bottom:0px !important}.stk-579b117:before{background-color:var(--theme-palette-color-3,#38454A) !important;opacity:0.7 !important}@media screen and (max-width:999px){.stk-579b117{padding-top:80px !important;padding-bottom:80px !important}}@media screen and (max-width:689px){.stk-579b117{padding-top:60px !important;padding-bottom:60px !important}}<\/style><div class=\"stk-row stk-inner-blocks stk-block-content stk-content-align stk-579b117-column\">\n<div class=\"wp-block-stackable-column stk-block-column stk-column stk-block stk-f8a03ee\" data-v=\"4\" data-block-id=\"f8a03ee\"><div class=\"stk-column-wrapper stk-block-column__content stk-container stk-f8a03ee-container stk--no-background stk--no-padding\"><div class=\"stk-block-content stk-inner-blocks stk-f8a03ee-inner-blocks\">\n<div class=\"wp-block-uagb-container uagb-layout-flex uagb-block-b89157ef alignfull uagb-is-root-container\"><div class=\"uagb-container-inner-blocks-wrap\">\n<h2 class=\"wp-block-heading has-palette-color-8-color has-text-color has-link-color wp-elements-494018aae33465e318ff9c4ada40759b\" id=\"rurociagi-1\" style=\"font-size:clamp(33.419px, 2.089rem + ((1vw - 3.2px) * 2.077), 60px);\">Personal data RODO<\/h2>\n\n\n\n<div class=\"wp-block-stackable-divider stk-block-divider stk-block stk-227f16c\" data-block-id=\"227f16c\"><style>.stk-227f16c{margin-bottom:0px !important;top:-55px !important}.stk-227f16c hr.stk-block-divider__hr{background:var(--theme-palette-color-8,#ffffff) !important;height:4px !important;width:100% !important}<\/style><hr class=\"stk-block-divider__hr\"\/><\/div>\n<\/div><\/div>\n<\/div><\/div><\/div>\n<\/div><\/div>\n\n\n\n<div class=\"wp-block-uagb-container animated fadeInUp uagb-block-c5c31d9a alignfull uagb-is-root-container\"><div class=\"uagb-container-inner-blocks-wrap\">\n<div class=\"wp-block-stackable-divider stk-block-divider has-text-align-left stk-block stk-b2da1ae\" data-block-id=\"b2da1ae\"><style>.stk-b2da1ae{margin-bottom:0px !important;top:15px !important}.stk-b2da1ae hr.stk-block-divider__hr{height:5px !important;width:100% !important}<\/style><hr class=\"stk-block-divider__hr\"\/><\/div>\n\n\n\n<p>The processing of personal data at Chemar Ruroci\u0105gi Sp. z o.o. is governed by Regulation (EU) 2016\/679 of the European Parliament and of the Council of 27 April 2016 on the protection of natural persons with regard to the processing of personal data and on the free movement of such data, and repealing Directive 95\/46\/EC (General Data Protection Regulation, hereinafter &quot;GDPR&quot;) and national laws regarding the processing of personal data. Chemar Ruroci\u0105gi Sp. z o.o. attaches particular importance to the protection of privacy and respect for your personal data.<\/p>\n\n\n\n<div class=\"wp-block-stackable-divider stk-block-divider has-text-align-left stk-block stk-188c91e\" data-block-id=\"188c91e\"><style>.stk-188c91e{margin-top:-40px !important;margin-bottom:0px !important}.stk-188c91e hr.stk-block-divider__hr{height:5px !important;width:85% !important}<\/style><hr class=\"stk-block-divider__hr\"\/><\/div>\n<\/div><\/div>\n\n\n\n<div class=\"wp-block-uagb-container animated fadeInUp uagb-block-2f3780a5 alignfull uagb-is-root-container\"><div class=\"uagb-container-inner-blocks-wrap\">\n<div class=\"wp-block-stackable-divider stk-block-divider has-text-align-left stk-block stk-85c7c2d\" data-block-id=\"85c7c2d\"><style>.stk-85c7c2d{margin-bottom:0px !important;top:13px !important}.stk-85c7c2d hr.stk-block-divider__hr{height:5px !important;width:98% !important}<\/style><hr class=\"stk-block-divider__hr\"\/><\/div>\n\n\n\n<p>Every user has the right to know what data we collect, where we store it, how we use it, for what purpose, its source, and its storage period. Our website does not use cookies. Your personal data will not be processed in an automated manner, nor will it be profiled.<\/p>\n\n\n\n<div class=\"wp-block-stackable-divider stk-block-divider has-text-align-left stk-block stk-6057dc3\" data-block-id=\"6057dc3\"><style>.stk-6057dc3{margin-bottom:0px !important;top:-42px !important}.stk-6057dc3 hr.stk-block-divider__hr{height:5px !important;width:84% !important}<\/style><hr class=\"stk-block-divider__hr\"\/><\/div>\n<\/div><\/div>\n\n\n\n<div class=\"wp-block-uagb-container animated fadeInUp uagb-block-46942ac3 alignfull uagb-is-root-container\"><div class=\"uagb-container-inner-blocks-wrap\">\n<div class=\"wp-block-stackable-divider stk-block-divider has-text-align-left stk-block stk-4b951c2\" data-block-id=\"4b951c2\"><style>.stk-4b951c2{margin-bottom:0px !important;top:15px !important}.stk-4b951c2 hr.stk-block-divider__hr{height:5px !important;width:90% !important}<\/style><hr class=\"stk-block-divider__hr\"\/><\/div>\n\n\n\n<p>Information clauses regarding the processing of personal data have been grouped into areas to make it easier to find documents addressed to specific groups of people whose data we process as a controller.<\/p>\n\n\n\n<div class=\"wp-block-stackable-divider stk-block-divider has-text-align-left stk-block stk-fccb11c\" data-block-id=\"fccb11c\"><style>.stk-fccb11c{margin-bottom:0px !important;top:-40px !important}.stk-fccb11c hr.stk-block-divider__hr{height:5px !important;width:95% !important}<\/style><hr class=\"stk-block-divider__hr\"\/><\/div>\n<\/div><\/div>\n\n\n\n<div class=\"wp-block-stackable-columns stk-block-columns stk-block stk-d3a843b animated fadeInUp\" data-block-id=\"d3a843b\"><style>.stk-d3a843b{margin-bottom:43px !important}<\/style><div class=\"stk-row stk-inner-blocks stk-block-content stk-content-align stk-d3a843b-column\">\n<div class=\"wp-block-stackable-column stk-block-column stk-column stk-block stk-87c5d84\" data-v=\"4\" data-block-id=\"87c5d84\"><style>@media screen and (min-width:690px){.stk-87c5d84{flex:var(--stk-flex-grow,1) 1 calc(5% - var(--stk-column-gap,0px) * 2 \/ 3 ) !important}}<\/style><div class=\"stk-column-wrapper stk-block-column__content stk-container stk-87c5d84-container stk--no-background stk--no-padding\"><div class=\"stk-block-content stk-inner-blocks stk-87c5d84-inner-blocks\"><\/div><\/div><\/div>\n\n\n\n<div class=\"wp-block-stackable-column stk-block-column stk-column stk-block stk-dcf6152\" data-v=\"4\" data-block-id=\"dcf6152\"><style>@media screen and (min-width:690px){.stk-dcf6152{flex:var(--stk-flex-grow,1) 1 calc(5% - var(--stk-column-gap,0px) * 2 \/ 3 ) !important}}<\/style><div class=\"stk-column-wrapper stk-block-column__content stk-container stk-dcf6152-container stk--no-background stk--no-padding\"><div class=\"stk-block-content stk-inner-blocks stk-dcf6152-inner-blocks\">\n<div class=\"wp-block-stackable-icon stk-block-icon stk-block stk-3b22821\" data-block-id=\"3b22821\"><style>.stk-3b22821{margin-top:6px !important;margin-bottom:65px !important;top:2px !important}.stk-3b22821 .stk--svg-wrapper .stk--inner-svg svg:last-child,.stk-3b22821 .stk--svg-wrapper .stk--inner-svg svg:last-child :is(g,path,rect,polygon,ellipse){fill:var(--theme-palette-color-1,#264796) !important}<\/style><span class=\"stk--svg-wrapper\"><div class=\"stk--inner-svg\"><svg style=\"height:0;width:0\"><defs><lineargradient id=\"linear-gradient-3b22821\" x1=\"0\" x2=\"100%\" y1=\"0\" y2=\"0\"><stop offset=\"0%\" style=\"stop-opacity:1;stop-color:var(--linear-gradient-3-b-22821-color-1)\"><\/stop><stop offset=\"100%\" style=\"stop-opacity:1;stop-color:var(--linear-gradient-3-b-22821-color-2)\"><\/stop><\/lineargradient><\/defs><\/svg><svg xmlns=\"http:\/\/www.w3.org\/2000\/svg\" viewbox=\"0 0 512 512\" aria-hidden=\"true\" width=\"32\" height=\"32\"><path d=\"M256 512A256 256 0 1 0 256 0a256 256 0 1 0 0 512z\"><\/path><\/svg><\/div><\/span><\/div>\n\n\n\n<div class=\"wp-block-stackable-icon stk-block-icon stk-block stk-4995f2f\" data-block-id=\"4995f2f\"><style>.stk-4995f2f{margin-bottom:107px !important}.stk-4995f2f .stk--svg-wrapper .stk--inner-svg svg:last-child,.stk-4995f2f .stk--svg-wrapper .stk--inner-svg svg:last-child :is(g,path,rect,polygon,ellipse){fill:var(--theme-palette-color-1,#264796) !important}<\/style><span class=\"stk--svg-wrapper\"><div class=\"stk--inner-svg\"><svg style=\"height:0;width:0\"><defs><lineargradient id=\"linear-gradient-4995f2f\" x1=\"0\" x2=\"100%\" y1=\"0\" y2=\"0\"><stop offset=\"0%\" style=\"stop-opacity:1;stop-color:var(--linear-gradient-4995-f-2-f-color-1)\"><\/stop><stop offset=\"100%\" style=\"stop-opacity:1;stop-color:var(--linear-gradient-4995-f-2-f-color-2)\"><\/stop><\/lineargradient><\/defs><\/svg><svg xmlns=\"http:\/\/www.w3.org\/2000\/svg\" viewbox=\"0 0 512 512\" aria-hidden=\"true\" width=\"32\" height=\"32\"><path d=\"M256 512A256 256 0 1 0 256 0a256 256 0 1 0 0 512z\"><\/path><\/svg><\/div><\/span><\/div>\n\n\n\n<div class=\"wp-block-stackable-icon stk-block-icon stk-block stk-b9c4458\" data-block-id=\"b9c4458\"><style>.stk-b9c4458{margin-bottom:35px !important}.stk-b9c4458 .stk--svg-wrapper .stk--inner-svg svg:last-child,.stk-b9c4458 .stk--svg-wrapper .stk--inner-svg svg:last-child :is(g,path,rect,polygon,ellipse){fill:var(--theme-palette-color-1,#264796) !important}<\/style><span class=\"stk--svg-wrapper\"><div class=\"stk--inner-svg\"><svg style=\"height:0;width:0\"><defs><lineargradient id=\"linear-gradient-b9c4458\" x1=\"0\" x2=\"100%\" y1=\"0\" y2=\"0\"><stop offset=\"0%\" style=\"stop-opacity:1;stop-color:var(--linear-gradient-b-9-c-4458-color-1)\"><\/stop><stop offset=\"100%\" style=\"stop-opacity:1;stop-color:var(--linear-gradient-b-9-c-4458-color-2)\"><\/stop><\/lineargradient><\/defs><\/svg><svg xmlns=\"http:\/\/www.w3.org\/2000\/svg\" viewbox=\"0 0 512 512\" aria-hidden=\"true\" width=\"32\" height=\"32\"><path d=\"M256 512A256 256 0 1 0 256 0a256 256 0 1 0 0 512z\"><\/path><\/svg><\/div><\/span><\/div>\n\n\n\n<div class=\"wp-block-stackable-icon stk-block-icon stk-block stk-24506eb\" data-block-id=\"24506eb\"><style>.stk-24506eb{margin-bottom:109px !important}.stk-24506eb .stk--svg-wrapper .stk--inner-svg svg:last-child,.stk-24506eb .stk--svg-wrapper .stk--inner-svg svg:last-child :is(g,path,rect,polygon,ellipse){fill:var(--theme-palette-color-1,#264796) !important}<\/style><span class=\"stk--svg-wrapper\"><div class=\"stk--inner-svg\"><svg style=\"height:0;width:0\"><defs><lineargradient id=\"linear-gradient-24506eb\" x1=\"0\" x2=\"100%\" y1=\"0\" y2=\"0\"><stop offset=\"0%\" style=\"stop-opacity:1;stop-color:var(--linear-gradient-24506-eb-color-1)\"><\/stop><stop offset=\"100%\" style=\"stop-opacity:1;stop-color:var(--linear-gradient-24506-eb-color-2)\"><\/stop><\/lineargradient><\/defs><\/svg><svg xmlns=\"http:\/\/www.w3.org\/2000\/svg\" viewbox=\"0 0 512 512\" aria-hidden=\"true\" width=\"32\" height=\"32\"><path d=\"M256 512A256 256 0 1 0 256 0a256 256 0 1 0 0 512z\"><\/path><\/svg><\/div><\/span><\/div>\n\n\n\n<div class=\"wp-block-stackable-icon stk-block-icon stk-block stk-2b95bc9\" data-block-id=\"2b95bc9\"><style>.stk-2b95bc9{margin-bottom:65px !important}.stk-2b95bc9 .stk--svg-wrapper .stk--inner-svg svg:last-child,.stk-2b95bc9 .stk--svg-wrapper .stk--inner-svg svg:last-child :is(g,path,rect,polygon,ellipse){fill:var(--theme-palette-color-1,#264796) !important}<\/style><span class=\"stk--svg-wrapper\"><div class=\"stk--inner-svg\"><svg style=\"height:0;width:0\"><defs><lineargradient id=\"linear-gradient-2b95bc9\" x1=\"0\" x2=\"100%\" y1=\"0\" y2=\"0\"><stop offset=\"0%\" style=\"stop-opacity:1;stop-color:var(--linear-gradient-2-b-95-bc-9-color-1)\"><\/stop><stop offset=\"100%\" style=\"stop-opacity:1;stop-color:var(--linear-gradient-2-b-95-bc-9-color-2)\"><\/stop><\/lineargradient><\/defs><\/svg><svg xmlns=\"http:\/\/www.w3.org\/2000\/svg\" viewbox=\"0 0 512 512\" aria-hidden=\"true\" width=\"32\" height=\"32\"><path d=\"M256 512A256 256 0 1 0 256 0a256 256 0 1 0 0 512z\"><\/path><\/svg><\/div><\/span><\/div>\n\n\n\n<div class=\"wp-block-stackable-icon stk-block-icon stk-block stk-4b57759\" data-block-id=\"4b57759\"><style>.stk-4b57759 .stk--svg-wrapper .stk--inner-svg svg:last-child,.stk-4b57759 .stk--svg-wrapper .stk--inner-svg svg:last-child :is(g,path,rect,polygon,ellipse){fill:var(--theme-palette-color-1,#264796) !important}<\/style><span class=\"stk--svg-wrapper\"><div class=\"stk--inner-svg\"><svg style=\"height:0;width:0\"><defs><lineargradient id=\"linear-gradient-4b57759\" x1=\"0\" x2=\"100%\" y1=\"0\" y2=\"0\"><stop offset=\"0%\" style=\"stop-opacity:1;stop-color:var(--linear-gradient-4-b-57759-color-1)\"><\/stop><stop offset=\"100%\" style=\"stop-opacity:1;stop-color:var(--linear-gradient-4-b-57759-color-2)\"><\/stop><\/lineargradient><\/defs><\/svg><svg xmlns=\"http:\/\/www.w3.org\/2000\/svg\" viewbox=\"0 0 512 512\" aria-hidden=\"true\" width=\"32\" height=\"32\"><path d=\"M256 512A256 256 0 1 0 256 0a256 256 0 1 0 0 512z\"><\/path><\/svg><\/div><\/span><\/div>\n<\/div><\/div><\/div>\n\n\n\n<div class=\"wp-block-stackable-column stk-block-column stk-column stk-block stk-ed40843\" data-v=\"4\" data-block-id=\"ed40843\"><style>.stk-ed40843-container{max-width:925px !important}@media screen and (min-width:690px){.stk-ed40843{flex:var(--stk-flex-grow,1) 1 calc(90% - var(--stk-column-gap,0px) * 2 \/ 3 ) !important}}<\/style><div class=\"stk-column-wrapper stk-block-column__content stk-container stk-ed40843-container stk--no-background stk--no-padding\"><div class=\"stk-block-content stk-inner-blocks stk-ed40843-inner-blocks\">\n<p style=\"font-size:clamp(14.642px, 0.915rem + ((1vw - 3.2px) * 0.575), 22px);\"><a href=\"https:\/\/www.chemar-piping.pl\/files\/chr_rodo_rekrut.pdf\" target=\"_blank\" rel=\"noreferrer noopener\">Information clause on the processing of personal data for persons participating in recruitment processes (jobs, internships, apprenticeships) at Chemar Ruroci\u0105gi Sp. z o. o.<\/a><\/p>\n\n\n\n<p style=\"font-size:clamp(14.642px, 0.915rem + ((1vw - 3.2px) * 0.575), 22px);\"><a href=\"https:\/\/www.chemar-piping.pl\/files\/chr_rodo_form.pdf\" target=\"_blank\" rel=\"noreferrer noopener\">Information clause on the processing of personal data for persons contacting Chemar Ruroci\u0105gi Sp. z o.o. using the forms available on the website or sending an inquiry to the general email address of Chemar Ruroci\u0105gi Sp. z o.o.<\/a><\/p>\n\n\n\n<p style=\"font-size:clamp(14.642px, 0.915rem + ((1vw - 3.2px) * 0.575), 22px);\"><a href=\"https:\/\/www.chemar-piping.pl\/files\/chr_rodo_admin.pdf\" target=\"_blank\" rel=\"noreferrer noopener\">Information clause on the processing of contractors&#039; personal data.&nbsp;<\/a><\/p>\n\n\n\n<p style=\"font-size:clamp(14.642px, 0.915rem + ((1vw - 3.2px) * 0.575), 22px);\"><a href=\"https:\/\/www.chemar-piping.pl\/files\/chr_rodo_oferent.pdf\" target=\"_blank\" rel=\"noreferrer noopener\">Information clause on the processing of personal data of the employees of the Bidder\/Contractor\/Contractor or persons cooperating with the Bidder\/Contractor\/Contractor.&nbsp;<\/a><\/p>\n\n\n\n<p style=\"font-size:clamp(14.642px, 0.915rem + ((1vw - 3.2px) * 0.575), 22px);\"><a href=\"https:\/\/www.chemar-piping.pl\/files\/chr_rodo_monitor.pdf\" target=\"_blank\" rel=\"noreferrer noopener\">Information clause on the processing of personal data relating to video surveillance and access control at Chemar Ruroci\u0105gi Sp. z o. o. facilities.<\/a><\/p>\n\n\n\n<p style=\"font-size:clamp(14.642px, 0.915rem + ((1vw - 3.2px) * 0.575), 22px);\"><a href=\"https:\/\/www.chemar-piping.pl\/files\/regul_mon.pdf\" target=\"_blank\" rel=\"noreferrer noopener\">Regulations on video monitoring and access control at Chemar Pipelines<\/a><\/p>\n<\/div><\/div><\/div>\n<\/div><\/div>\n\n\n\n<div class=\"wp-block-stackable-columns stk-block-columns stk-block stk-45929f8 stk-block-background animated fadeInUp uag-blocks-common-selector\" style=\"--z-index-desktop:2;;--z-index-tablet:undefined;;--z-index-mobile:undefined;\" data-block-id=\"45929f8\"><style>.stk-45929f8 .stk--block-align-45929f8{align-items:center !important}.stk-45929f8{background-color:var(--theme-palette-color-1,#224DB7) !important;padding-top:50px !important;padding-right:55px !important;padding-bottom:50px !important;padding-left:55px !important;margin-bottom:92px !important;z-index:2 !important}.stk-45929f8:before{background-color:var(--theme-palette-color-1,#224DB7) !important}.stk-45929f8-column{--stk-column-gap:50px !important;row-gap:50px !important}<\/style><div class=\"stk-row stk-inner-blocks stk--block-align-45929f8 stk-block-content stk-content-align stk-45929f8-column\">\n<div class=\"wp-block-stackable-column stk-block-column stk-column stk-block stk-7a55db8\" data-v=\"4\" data-block-id=\"7a55db8\"><style>.stk-7a55db8-container{margin-top:0px !important;margin-right:0px !important;margin-bottom:0px !important;margin-left:0px !important}@media screen and (min-width:690px) and (max-width:999px){.stk-7a55db8{flex:var(--stk-flex-grow,1) 1 calc(100% - var(--stk-column-gap,0px) * 0 \/ 1 ) !important}}<\/style><div class=\"stk-column-wrapper stk-block-column__content stk-container stk-7a55db8-container stk--no-background stk--no-padding\"><div class=\"stk-block-content stk-inner-blocks stk-7a55db8-inner-blocks\">\n<div class=\"wp-block-stackable-heading stk-block-heading stk-block-heading--v2 stk-block stk-e3ff0d9\" id=\"span-style-color-00000000-class-stk-highlight-span-skontaktuj-sie-z-nami\" data-block-id=\"e3ff0d9\"><style>.stk-e3ff0d9{margin-top:-5px !important;margin-bottom:10px !important;top:4px !important}.stk-e3ff0d9 .stk-block-heading__text{color:var(--theme-palette-color-8,#ffffff) !important}@media screen and (max-width:999px){.stk-e3ff0d9{margin-bottom:20px !important}.stk-e3ff0d9 .stk-block-heading__text{font-size:30px !important}}<\/style><h2 class=\"stk-block-heading__text has-text-color has-palette-color-8-color has-text-align-center-tablet stk-block-heading--use-theme-margins\"><span style=\"color: #00000000;\" class=\"stk-highlight\">.  <\/span>     Contact us<\/h2><\/div>\n\n\n\n<div class=\"wp-block-stackable-text stk-block-text stk-block stk-bc5b221\" data-block-id=\"bc5b221\"><style>.stk-bc5b221{opacity:0.6 !important}.stk-bc5b221 .stk-block-text__text{color:var(--theme-palette-color-8,#ffffff) !important}<\/style><p class=\"stk-block-text__text has-text-color has-palette-color-8-color has-text-align-center-tablet\"><\/p><\/div>\n<\/div><\/div><\/div>\n\n\n\n<div class=\"wp-block-stackable-column stk-block-column stk-column stk-block stk-5da9125\" data-v=\"4\" data-block-id=\"5da9125\"><style>.stk-5da9125-container{margin-top:0px !important;margin-right:0px !important;margin-bottom:0px !important;margin-left:0px !important}@media screen and (min-width:690px) and (max-width:999px){.stk-5da9125{flex:var(--stk-flex-grow,1) 1 calc(100% - var(--stk-column-gap,0px) * 0 \/ 1 ) !important}}<\/style><div class=\"stk-column-wrapper stk-block-column__content stk-container stk-5da9125-container stk--no-background stk--no-padding\"><div class=\"stk-block-content stk-inner-blocks stk-5da9125-inner-blocks\">\n<div class=\"wp-block-stackable-button-group stk-block-button-group stk-block stk-0de13d8\" data-block-id=\"0de13d8\"><style>.stk-0de13d8 .stk-inner-blocks{column-gap:30px !important;row-gap:20px !important}<\/style><div class=\"stk-row stk-inner-blocks has-text-align-right has-text-align-center-tablet stk-block-content stk-button-group\">\n<div class=\"wp-block-stackable-button stk-block-button hvr-grow stk-block stk-fad9ac7\" data-block-id=\"fad9ac7\"><style>.stk-fad9ac7{margin-top:0px !important;margin-right:0px !important;margin-bottom:0px !important;margin-left:0px !important}.stk-fad9ac7 .stk-button{padding-top:18px !important;padding-right:30px !important;padding-bottom:18px !important;padding-left:30px !important;background:transparent !important}.stk-fad9ac7 .stk-button:hover:after{background:var(--theme-palette-color-4,#0A1821) !important;opacity:1 !important}:where(.stk-hover-parent:hover,.stk-hover-parent.stk--is-hovered) .stk-fad9ac7 .stk-button:after{background:transparent !important;opacity:1 !important}.stk-fad9ac7 .stk-button:before{border-style:solid !important;border-color:var(--theme-palette-color-8,#ffffff) !important;border-top-width:2px !important;border-right-width:2px !important;border-bottom-width:2px !important;border-left-width:2px !important}.stk-fad9ac7 .stk-button:hover:before{border-color:var(--theme-palette-color-4,#0A1821) !important}.stk-fad9ac7 .stk-button .stk--inner-svg svg:last-child,.stk-fad9ac7 .stk-button .stk--inner-svg svg:last-child :is(g,path,rect,polygon,ellipse){fill:var(--theme-palette-color-4,#0A1821) !important}.stk-fad9ac7 .stk-button:hover .stk--inner-svg svg:last-child,.stk-fad9ac7 .stk-button:hover .stk--inner-svg svg:last-child :is(g,path,rect,polygon,ellipse){fill:var(--theme-palette-color-2,#224DB7) !important}.stk-fad9ac7 .stk-button__inner-text{font-size:16px !important;color:var(--theme-palette-color-8,#ffffff) !important;font-weight:700 !important;text-transform:uppercase !important}.stk-fad9ac7 .stk-button:hover .stk-button__inner-text{color:var(--theme-palette-color-8,#ffffff) !important}@media screen and (max-width:999px){.stk-fad9ac7 .stk-button__inner-text{font-size:16px !important}}<\/style><a class=\"stk-link stk-button stk--hover-effect-darken\" href=\"\"><span class=\"has-text-color has-palette-color-8-color stk-button__inner-text\">     contact     <\/span><\/a><\/div>\n\n\n\n<div class=\"wp-block-stackable-button stk-block-button hvr-grow stk-block stk-82f3f35\" data-block-id=\"82f3f35\"><style>.stk-82f3f35{margin-top:0px !important;margin-right:0px !important;margin-bottom:0px !important;margin-left:0px !important}.stk-82f3f35 .stk-button{padding-top:18px !important;padding-right:30px !important;padding-bottom:18px !important;padding-left:30px !important;background:var(--theme-palette-color-8,#ffffff) !important}.stk-82f3f35 .stk-button:hover:after{background:var(--theme-palette-color-4,#0A1821) !important;opacity:1 !important}.stk-82f3f35 .stk-button__inner-text{font-size:16px !important;color:var(--theme-palette-color-2,#224DB7) !important;font-weight:700 !important;text-transform:uppercase !important}.stk-82f3f35 .stk-button:hover .stk-button__inner-text{color:var(--theme-palette-color-8,#ffffff) !important}@media screen and (max-width:999px){.stk-82f3f35 .stk-button__inner-text{font-size:16px !important}}<\/style><a class=\"stk-link stk-button stk--hover-effect-darken\" href=\"\"><span class=\"has-text-color has-palette-color-2-color stk-button__inner-text\">contact form<\/span><\/a><\/div>\n<\/div><\/div>\n<\/div><\/div><\/div>\n<\/div><\/div>\n\n\n\n<p><\/p>","protected":false},"excerpt":{"rendered":"<p>Dane osobowe RODO Przetwarzanie danych osobowych w Chemar Ruroci\u0105gi Sp. z o.o. reguluj\u0105 przepisy Rozporz\u0105dzenia Parlamentu Europejskiego i Rady (UE) 2016\/679 z dnia 27 kwietnia 2016 r. w sprawie ochrony os\u00f3b fizycznych w zwi\u0105zku z przetwarzaniem danych osobowych i w sprawie swobodnego przep\u0142ywu takich danych oraz uchylenia dyrektywy 95\/46\/WE (og\u00f3lne rozporz\u0105dzenie o ochronie danych, dalej [&hellip;]<\/p>\n","protected":false},"author":1,"featured_media":0,"parent":0,"menu_order":0,"comment_status":"closed","ping_status":"closed","template":"","meta":{"_gspb_post_css":"","_uag_custom_page_level_css":"","iawp_total_views":16,"footnotes":""},"class_list":["post-1359","page","type-page","status-publish","hentry"],"blocksy_meta":[],"featured_image_src":null,"uagb_featured_image_src":{"full":false,"thumbnail":false,"medium":false,"medium_large":false,"large":false,"1536x1536":false,"2048x2048":false,"trp-custom-language-flag":false},"uagb_author_info":{"display_name":"Chemar Ruroci\u0105gi","author_link":"https:\/\/www.chemar-piping.pl\/en\/author\/michpaj\/"},"uagb_comment_info":0,"uagb_excerpt":"Dane osobowe RODO Przetwarzanie danych osobowych w Chemar Ruroci\u0105gi Sp. z o.o. reguluj\u0105 przepisy Rozporz\u0105dzenia Parlamentu Europejskiego i Rady (UE) 2016\/679 z dnia 27 kwietnia 2016 r. w sprawie ochrony os\u00f3b fizycznych w zwi\u0105zku z przetwarzaniem danych osobowych i w sprawie swobodnego przep\u0142ywu takich danych oraz uchylenia dyrektywy 95\/46\/WE (og\u00f3lne rozporz\u0105dzenie o ochronie danych, dalej&hellip;","_links":{"self":[{"href":"https:\/\/www.chemar-piping.pl\/en\/wp-json\/wp\/v2\/pages\/1359","targetHints":{"allow":["GET"]}}],"collection":[{"href":"https:\/\/www.chemar-piping.pl\/en\/wp-json\/wp\/v2\/pages"}],"about":[{"href":"https:\/\/www.chemar-piping.pl\/en\/wp-json\/wp\/v2\/types\/page"}],"author":[{"embeddable":true,"href":"https:\/\/www.chemar-piping.pl\/en\/wp-json\/wp\/v2\/users\/1"}],"replies":[{"embeddable":true,"href":"https:\/\/www.chemar-piping.pl\/en\/wp-json\/wp\/v2\/comments?post=1359"}],"version-history":[{"count":40,"href":"https:\/\/www.chemar-piping.pl\/en\/wp-json\/wp\/v2\/pages\/1359\/revisions"}],"predecessor-version":[{"id":3366,"href":"https:\/\/www.chemar-piping.pl\/en\/wp-json\/wp\/v2\/pages\/1359\/revisions\/3366"}],"wp:attachment":[{"href":"https:\/\/www.chemar-piping.pl\/en\/wp-json\/wp\/v2\/media?parent=1359"}],"curies":[{"name":"wp","href":"https:\/\/api.w.org\/{rel}","templated":true}]}}