{"id":1472,"date":"2024-07-04T11:42:34","date_gmt":"2024-07-04T11:42:34","guid":{"rendered":"http:\/\/wwwnowa.chemar-piping.pl\/?page_id=1472"},"modified":"2026-02-26T15:39:02","modified_gmt":"2026-02-26T14:39:02","slug":"ultradzwiekowe-pomiary-grubosci-utt","status":"publish","type":"page","link":"https:\/\/www.chemar-piping.pl\/en\/laboratorium\/badania-ndt\/ultradzwiekowe-pomiary-grubosci-utt\/","title":{"rendered":"Ultrasonic thickness measurements (UTT)"},"content":{"rendered":"<div class=\"wp-block-stackable-columns alignfull stk-block-columns stk-block stk-579b117 stk-block-background stk--has-background-overlay\" data-block-id=\"579b117\"><style>.stk-579b117 {background-color:var(--theme-palette-color-3, #38454A) !important;background-image:url(http:\/\/www.chemar-piping.pl\/wp-content\/uploads\/2024\/09\/download-9-1.png) !important;background-position:center center !important;background-size:custom !important;min-height:120px !important;padding-top:26px !important;padding-bottom:43px !important;margin-bottom:0px !important;}.stk-579b117:before{background-color:var(--theme-palette-color-3, #38454A) !important;opacity:0.7 !important;}@media screen and (max-width:999px){.stk-579b117 {padding-top:80px !important;padding-bottom:80px !important;}}@media screen and (max-width:689px){.stk-579b117 {padding-top:60px !important;padding-bottom:60px !important;}}<\/style><div class=\"stk-row stk-inner-blocks stk-block-content stk-content-align stk-579b117-column\">\n<div class=\"wp-block-stackable-column stk-block-column stk-column stk-block stk-f8a03ee\" data-v=\"4\" data-block-id=\"f8a03ee\"><div class=\"stk-column-wrapper stk-block-column__content stk-container stk-f8a03ee-container stk--no-background stk--no-padding\"><div class=\"stk-block-content stk-inner-blocks stk-f8a03ee-inner-blocks\">\n<div class=\"wp-block-uagb-container uagb-layout-flex uagb-block-b89157ef alignfull uagb-is-root-container\"><div class=\"uagb-container-inner-blocks-wrap\">\n<h2 class=\"wp-block-heading\" id=\"rurociagi-1\" style=\"font-size:clamp(28.836px, 1.802rem + ((1vw - 3.2px) * 1.653), 50px);\"><span style=\"color: #ffffff;\" class=\"stk-highlight\">Ultrasonic thickness measurements (UTT)<\/span><\/h2>\n\n\n\n<div class=\"wp-block-stackable-divider stk-block-divider stk-block stk-227f16c\" data-block-id=\"227f16c\"><style>.stk-227f16c hr.stk-block-divider__hr{background:var(--theme-palette-color-8, #ffffff) !important;height:4px !important;width:100% !important;}.stk-227f16c {margin-bottom:0px !important;top:-50px !important;}<\/style><hr class=\"stk-block-divider__hr\"\/><\/div>\n<\/div><\/div>\n<\/div><\/div><\/div>\n<\/div><\/div>\n\n\n\n\n\n<div class=\"wp-block-stackable-columns stk-block-columns stk-block stk-ab2ca28 animated fadeInUp\" data-block-id=\"ab2ca28\"><style>.stk-ab2ca28 {margin-top:30px !important;margin-bottom:8px !important;}.stk-ab2ca28-column{max-width:1050px !important;min-width:auto !important;}<\/style><div class=\"stk-row stk-inner-blocks stk-block-content stk-content-align stk-ab2ca28-column\">\n<div class=\"wp-block-stackable-column stk-block-column stk-column stk-block stk-056df11\" data-v=\"4\" data-block-id=\"056df11\"><div class=\"stk-column-wrapper stk-block-column__content stk-container stk-056df11-container stk--no-background stk--no-padding\"><div class=\"stk-block-content stk-inner-blocks stk-056df11-inner-blocks\">\n<p class=\"has-palette-color-1-color has-text-color has-link-color wp-elements-d41b751b523f89a5aa8b7b5b62186e40\"><strong>Ultrasonic thickness measurements (UTT)<\/strong>\u00a0classified as non-destructive testing (NDT) methods, they involve the use of longitudinal ultrasonic waves and measuring the wave transit time in the object, which gives the result of its thickness.<\/p>\n\n\n\n<div class=\"wp-block-stackable-columns stk-block-columns stk-block stk-ee45ea3\" data-block-id=\"ee45ea3\"><style>.stk-ee45ea3 {margin-bottom:15px !important;}.stk-ee45ea3-column{max-width:1050px !important;min-width:auto !important;}<\/style><div class=\"stk-row stk-inner-blocks stk-block-content stk-content-align stk-ee45ea3-column\">\n<div class=\"wp-block-stackable-column stk-block-column stk-column stk-block stk-8a3f133\" data-v=\"4\" data-block-id=\"8a3f133\"><div class=\"stk-column-wrapper stk-block-column__content stk-container stk-8a3f133-container stk--no-background stk--no-padding\"><div class=\"stk-block-content stk-inner-blocks stk-8a3f133-inner-blocks\">\n<p>This method also allows for determining the wall thickness of pipes, pipelines, tanks, plates and sheets, castings, and other products. It is used during manufacturing and operational processes in cases where one-sided access to the tested object is possible. It is also used to determine the depth of discontinuities in ultrasonic testing and the condition of the entire volume of the tested element. Ultrasonic thickness measurements are performed on objects made of metals, plastics, glass, rubber, glass fibers, composite materials, and other materials.<\/p>\n<\/div><\/div><\/div>\n\n\n\n<div class=\"wp-block-stackable-column stk-block-column stk-column stk-block stk-efda317 stk-block-background\" data-v=\"4\" data-block-id=\"efda317\"><style>.stk-efda317-container{margin-top:0px !important;margin-right:0px !important;margin-bottom:0px !important;margin-left:0px !important;padding-right:0px !important;padding-bottom:0px !important;padding-left:0px !important;}.stk-efda317 {align-self:flex-start !important;background-color:#abb7c229 !important;top:-10px !important;bottom:-100px !important;}.stk-efda317-inner-blocks{align-items:center !important;justify-content:center !important;}.stk-efda317:before{background-color:#abb7c229 !important;}<\/style><div class=\"stk-column-wrapper stk-block-column__content stk-container stk-efda317-container stk--no-background stk--no-padding\"><div class=\"stk--column-flex stk-block-content stk-inner-blocks stk-efda317-inner-blocks\">\n<div class=\"wp-block-uagb-container uagb-layout-flex uagb-block-0829b820 default uagb-is-root-container\"><div style=\"margin-left: 0px; min-height: 335px;; \" class=\"ub_image_slider alignfull swiper-container wp-block-ub-image-slider\" id=\"ub_image_slider_4d9eb02b-4e7f-4df1-acc4-bdcf8f8a68c2\" data-swiper-data='{\"speed\":300,\"spaceBetween\":5,\"slidesPerView\":1,\"loop\":true,\"pagination\":{\"el\": \".swiper-pagination\" , \"type\": \"bullets\", \"clickable\":true},\"navigation\": {\"nextEl\": \".swiper-button-next\", \"prevEl\": \".swiper-button-prev\"}, \"keyboard\": { \"enabled\": true }, \"effect\": \"slide\",\"autoplay\":{\"delay\": 3000},\"simulateTouch\":false}'>\n            <div class=\"swiper-wrapper\"><figure class=\"swiper-slide\">\n                <img decoding=\"async\" src=\"https:\/\/www.chemar-piping.pl\/wp-content\/uploads\/2026\/02\/utt_1.webp\" alt=\"\" style=\"height: 300px;; \">\n                <figcaption class=\"ub_image_slider_image_caption\"><\/figcaption>\n            <\/figure><figure class=\"swiper-slide\">\n                <img decoding=\"async\" src=\"https:\/\/www.chemar-piping.pl\/wp-content\/uploads\/2026\/02\/utt_2.webp\" alt=\"\" style=\"height: 300px;; \">\n                <figcaption class=\"ub_image_slider_image_caption\"><\/figcaption>\n            <\/figure><figure class=\"swiper-slide\">\n                <img decoding=\"async\" src=\"https:\/\/www.chemar-piping.pl\/wp-content\/uploads\/2026\/02\/utt_3.webp\" alt=\"\" style=\"height: 300px;; \">\n                <figcaption class=\"ub_image_slider_image_caption\"><\/figcaption>\n            <\/figure><figure class=\"swiper-slide\">\n                <img decoding=\"async\" src=\"https:\/\/www.chemar-piping.pl\/wp-content\/uploads\/2024\/07\/3-4-1.jpg\" alt=\"\" style=\"height: 300px;; \">\n                <figcaption class=\"ub_image_slider_image_caption\"><\/figcaption>\n            <\/figure><figure class=\"swiper-slide\">\n                <img decoding=\"async\" src=\"https:\/\/www.chemar-piping.pl\/wp-content\/uploads\/2024\/07\/4-1-2.jpg\" alt=\"\" style=\"height: 300px;; \">\n                <figcaption class=\"ub_image_slider_image_caption\"><\/figcaption>\n            <\/figure><\/div>\n            <div class=\"swiper-pagination\"><\/div>\n            <div class=\"swiper-button-prev\"><\/div> <div class=\"swiper-button-next\"><\/div>\n        <\/div><\/div>\n<\/div><\/div><\/div>\n<\/div><\/div>\n<\/div><\/div><\/div>\n<\/div><\/div>\n\n\n\n<div class=\"wp-block-stackable-columns stk-block-columns stk-block stk-e482423 stk-block-background animated fadeInUp uag-blocks-common-selector\" style=\"--z-index-desktop:2;;--z-index-tablet:undefined;;--z-index-mobile:undefined;\" data-block-id=\"e482423\"><style>.stk-e482423 .stk--block-align-e482423{align-items:center !important;}.stk-e482423 {background-color:var(--theme-palette-color-1, #224DB7) !important;padding-top:50px !important;padding-right:55px !important;padding-bottom:50px !important;padding-left:55px !important;margin-top:101px !important;margin-bottom:92px !important;z-index:2 !important;}.stk-e482423:before{background-color:var(--theme-palette-color-1, #224DB7) !important;}.stk-e482423-column{--stk-column-gap:50px !important;row-gap:50px !important;}<\/style><div class=\"stk-row stk-inner-blocks stk--block-align-e482423 stk-block-content stk-content-align stk-e482423-column\">\n<div class=\"wp-block-stackable-column stk-block-column stk-column stk-block stk-53b9a29\" data-v=\"4\" data-block-id=\"53b9a29\"><style>.stk-53b9a29-container{margin-top:0px !important;margin-right:0px !important;margin-bottom:0px !important;margin-left:0px !important;}@media screen and (min-width:690px) and (max-width:999px){.stk-53b9a29 {flex:var(--stk-flex-grow, 1) 1 calc(100% - var(--stk-column-gap, 0px) * 0 \/ 1 ) !important;}}<\/style><div class=\"stk-column-wrapper stk-block-column__content stk-container stk-53b9a29-container stk--no-background stk--no-padding\"><div class=\"stk-block-content stk-inner-blocks stk-53b9a29-inner-blocks\">\n<div class=\"wp-block-stackable-heading stk-block-heading stk-block-heading--v2 stk-block stk-06456a3\" id=\"span-style-color-00000000-class-stk-highlight-span-skontaktuj-sie-z-nami\" data-block-id=\"06456a3\"><style>.stk-06456a3 {margin-top:-5px !important;margin-bottom:10px !important;top:4px !important;}.stk-06456a3 .stk-block-heading__text{color:var(--theme-palette-color-8, #ffffff) !important;}@media screen and (max-width:999px){.stk-06456a3 {margin-bottom:20px !important;}.stk-06456a3 .stk-block-heading__text{font-size:30px !important;}}<\/style><h2 class=\"stk-block-heading__text has-text-color has-palette-color-8-color has-text-align-center-tablet stk-block-heading--use-theme-margins\"><span style=\"color: #00000000;\" class=\"stk-highlight\">.  <\/span>     Contact us<\/h2><\/div>\n\n\n\n<div class=\"wp-block-stackable-text stk-block-text stk-block stk-8ce566f\" data-block-id=\"8ce566f\"><style>.stk-8ce566f {opacity:0.6 !important;}.stk-8ce566f .stk-block-text__text{color:var(--theme-palette-color-8, #ffffff) !important;}<\/style><p class=\"stk-block-text__text has-text-color has-palette-color-8-color has-text-align-center-tablet\"><\/p><\/div>\n<\/div><\/div><\/div>\n\n\n\n<div class=\"wp-block-stackable-column stk-block-column stk-column stk-block stk-539e452\" data-v=\"4\" data-block-id=\"539e452\"><style>.stk-539e452-container{margin-top:0px !important;margin-right:0px !important;margin-bottom:0px !important;margin-left:0px !important;}@media screen and (min-width:690px) and (max-width:999px){.stk-539e452 {flex:var(--stk-flex-grow, 1) 1 calc(100% - var(--stk-column-gap, 0px) * 0 \/ 1 ) !important;}}<\/style><div class=\"stk-column-wrapper stk-block-column__content stk-container stk-539e452-container stk--no-background stk--no-padding\"><div class=\"stk-block-content stk-inner-blocks stk-539e452-inner-blocks\">\n<div class=\"wp-block-stackable-button-group stk-block-button-group stk-block stk-7196d2b\" data-block-id=\"7196d2b\"><style>.stk-7196d2b .stk-inner-blocks{column-gap:30px !important;row-gap:20px !important;}<\/style><div class=\"stk-row stk-inner-blocks has-text-align-right has-text-align-center-tablet stk-block-content stk-button-group\">\n<div class=\"wp-block-stackable-button stk-block-button hvr-grow stk-block stk-912e007\" data-block-id=\"912e007\"><style>.stk-912e007 {margin-top:0px !important;margin-right:0px !important;margin-bottom:0px !important;margin-left:0px !important;}.stk-912e007 .stk-button{padding-top:18px !important;padding-right:30px !important;padding-bottom:18px !important;padding-left:30px !important;background:transparent !important;}.stk-912e007 .stk-button:hover:after{background:var(--theme-palette-color-4, #0A1821) !important;opacity:1 !important;}:where(.stk-hover-parent:hover,  .stk-hover-parent.stk--is-hovered) .stk-912e007 .stk-button:after{background:transparent !important;opacity:1 !important;}.stk-912e007 .stk-button:before{border-style:solid !important;border-color:var(--theme-palette-color-8, #ffffff) !important;border-top-width:2px !important;border-right-width:2px !important;border-bottom-width:2px !important;border-left-width:2px !important;}.stk-912e007 .stk-button:hover:before{border-color:var(--theme-palette-color-4, #0A1821) !important;}.stk-912e007 .stk-button .stk--inner-svg svg:last-child, .stk-912e007 .stk-button .stk--inner-svg svg:last-child :is(g, path, rect, polygon, ellipse){fill:var(--theme-palette-color-4, #0A1821) !important;}.stk-912e007 .stk-button:hover .stk--inner-svg svg:last-child, .stk-912e007 .stk-button:hover .stk--inner-svg svg:last-child :is(g, path, rect, polygon, ellipse){fill:var(--theme-palette-color-2, #224DB7) !important;}.stk-912e007 .stk-button__inner-text{font-size:16px !important;color:var(--theme-palette-color-8, #ffffff) !important;font-weight:700 !important;text-transform:uppercase !important;}.stk-912e007 .stk-button:hover .stk-button__inner-text{color:var(--theme-palette-color-8, #ffffff) !important;}@media screen and (max-width:999px){.stk-912e007 .stk-button__inner-text{font-size:16px !important;}}<\/style><a class=\"stk-link stk-button stk--hover-effect-darken\" href=\"https:\/\/www.chemar-piping.pl\/en\/dane-kontaktowe\/\"><span class=\"has-text-color has-palette-color-8-color stk-button__inner-text\">     contact     <\/span><\/a><\/div>\n\n\n\n<div class=\"wp-block-stackable-button stk-block-button hvr-grow stk-block stk-15e26ad\" data-block-id=\"15e26ad\"><style>.stk-15e26ad {margin-top:0px !important;margin-right:0px !important;margin-bottom:0px !important;margin-left:0px !important;}.stk-15e26ad .stk-button{padding-top:18px !important;padding-right:30px !important;padding-bottom:18px !important;padding-left:30px !important;background:var(--theme-palette-color-8, #ffffff) !important;}.stk-15e26ad .stk-button:hover:after{background:var(--theme-palette-color-4, #0A1821) !important;opacity:1 !important;}.stk-15e26ad .stk-button__inner-text{font-size:16px !important;color:var(--theme-palette-color-2, #224DB7) !important;font-weight:700 !important;text-transform:uppercase !important;}.stk-15e26ad .stk-button:hover .stk-button__inner-text{color:var(--theme-palette-color-8, #ffffff) !important;}@media screen and (max-width:999px){.stk-15e26ad .stk-button__inner-text{font-size:16px !important;}}<\/style><a class=\"stk-link stk-button stk--hover-effect-darken\" href=\"https:\/\/www.chemar-piping.pl\/en\/formularz-kontaktowy\/\"><span class=\"has-text-color has-palette-color-2-color stk-button__inner-text\">contact form<\/span><\/a><\/div>\n<\/div><\/div>\n<\/div><\/div><\/div>\n<\/div><\/div>\n\n\n\n<p><\/p>","protected":false},"excerpt":{"rendered":"<p>Ultrad\u017awi\u0119kowe pomiary grubo\u015bci (UTT) Ultrad\u017awi\u0119kowe pomiary grubo\u015bci (UTT)\u00a0zaliczane do metod bada\u0144 nieniszcz\u0105cych NDT, polegaj\u0105 wykorzystaniu pod\u0142u\u017cnych fal ultrad\u017awi\u0119kowych i pomiarze czasu przej\u015bcia fali w obiekcie daj\u0105ce wynik jego grubo\u015bci. Metoda pozwala tak\u017ce na okre\u015blenie grubo\u015bci \u015bcianek rur, ruroci\u0105g\u00f3w, zbiornik\u00f3w, p\u0142yt i blach, odlew\u00f3w i innych wyrob\u00f3w. Jest stosowana podczas proces\u00f3w wytwarzania i eksploatacji w przypadkach, [&hellip;]<\/p>\n","protected":false},"author":1,"featured_media":0,"parent":2609,"menu_order":0,"comment_status":"closed","ping_status":"closed","template":"","meta":{"_gspb_post_css":"","_uag_custom_page_level_css":"","iawp_total_views":6,"footnotes":""},"class_list":["post-1472","page","type-page","status-publish","hentry"],"blocksy_meta":[],"featured_image_src":null,"uagb_featured_image_src":{"full":false,"thumbnail":false,"medium":false,"medium_large":false,"large":false,"1536x1536":false,"2048x2048":false,"trp-custom-language-flag":false},"uagb_author_info":{"display_name":"Chemar Ruroci\u0105gi","author_link":"https:\/\/www.chemar-piping.pl\/en\/author\/michpaj\/"},"uagb_comment_info":0,"uagb_excerpt":"Ultrad\u017awi\u0119kowe pomiary grubo\u015bci (UTT) Ultrad\u017awi\u0119kowe pomiary grubo\u015bci (UTT)\u00a0zaliczane do metod bada\u0144 nieniszcz\u0105cych NDT, polegaj\u0105 wykorzystaniu pod\u0142u\u017cnych fal ultrad\u017awi\u0119kowych i pomiarze czasu przej\u015bcia fali w obiekcie daj\u0105ce wynik jego grubo\u015bci. Metoda pozwala tak\u017ce na okre\u015blenie grubo\u015bci \u015bcianek rur, ruroci\u0105g\u00f3w, zbiornik\u00f3w, p\u0142yt i blach, odlew\u00f3w i innych wyrob\u00f3w. Jest stosowana podczas proces\u00f3w wytwarzania i eksploatacji w przypadkach,&hellip;","_links":{"self":[{"href":"https:\/\/www.chemar-piping.pl\/en\/wp-json\/wp\/v2\/pages\/1472","targetHints":{"allow":["GET"]}}],"collection":[{"href":"https:\/\/www.chemar-piping.pl\/en\/wp-json\/wp\/v2\/pages"}],"about":[{"href":"https:\/\/www.chemar-piping.pl\/en\/wp-json\/wp\/v2\/types\/page"}],"author":[{"embeddable":true,"href":"https:\/\/www.chemar-piping.pl\/en\/wp-json\/wp\/v2\/users\/1"}],"replies":[{"embeddable":true,"href":"https:\/\/www.chemar-piping.pl\/en\/wp-json\/wp\/v2\/comments?post=1472"}],"version-history":[{"count":18,"href":"https:\/\/www.chemar-piping.pl\/en\/wp-json\/wp\/v2\/pages\/1472\/revisions"}],"predecessor-version":[{"id":4223,"href":"https:\/\/www.chemar-piping.pl\/en\/wp-json\/wp\/v2\/pages\/1472\/revisions\/4223"}],"up":[{"embeddable":true,"href":"https:\/\/www.chemar-piping.pl\/en\/wp-json\/wp\/v2\/pages\/2609"}],"wp:attachment":[{"href":"https:\/\/www.chemar-piping.pl\/en\/wp-json\/wp\/v2\/media?parent=1472"}],"curies":[{"name":"wp","href":"https:\/\/api.w.org\/{rel}","templated":true}]}}