{"id":1935,"date":"2024-07-16T12:27:04","date_gmt":"2024-07-16T12:27:04","guid":{"rendered":"http:\/\/wwwnowa.chemar-piping.pl\/?page_id=1935"},"modified":"2026-02-27T12:43:26","modified_gmt":"2026-02-27T11:43:26","slug":"rurociagi-dla-przemyslu-chemicznego","status":"publish","type":"page","link":"https:\/\/www.chemar-piping.pl\/en\/oferta\/produkty\/rurociagi-dla-przemyslu-chemicznego\/","title":{"rendered":"Pipelines for the Chemical Industry"},"content":{"rendered":"<div class=\"wp-block-stackable-columns alignfull stk-block-columns stk-block stk-579b117 stk-block-background stk--has-background-overlay\" data-block-id=\"579b117\"><style>.stk-579b117 {background-color:var(--theme-palette-color-3, #38454A) !important;background-image:url(http:\/\/www.chemar-piping.pl\/wp-content\/uploads\/2024\/09\/download-4-e1725958653223-1.png) !important;min-height:120px !important;padding-top:26px !important;padding-bottom:43px !important;margin-bottom:0px !important;}.stk-579b117:before{background-color:var(--theme-palette-color-3, #38454A) !important;opacity:0.7 !important;}@media screen and (max-width:999px){.stk-579b117 {padding-top:80px !important;padding-bottom:80px !important;}}@media screen and (max-width:689px){.stk-579b117 {padding-top:60px !important;padding-bottom:60px !important;}}<\/style><div class=\"stk-row stk-inner-blocks stk-block-content stk-content-align stk-579b117-column\">\n<div class=\"wp-block-stackable-column stk-block-column stk-column stk-block stk-f8a03ee\" data-v=\"4\" data-block-id=\"f8a03ee\"><div class=\"stk-column-wrapper stk-block-column__content stk-container stk-f8a03ee-container stk--no-background stk--no-padding\"><div class=\"stk-block-content stk-inner-blocks stk-f8a03ee-inner-blocks\">\n<div class=\"wp-block-uagb-container uagb-layout-flex uagb-block-b89157ef alignfull uagb-is-root-container\"><div class=\"uagb-container-inner-blocks-wrap\">\n<h2 class=\"wp-block-heading\" id=\"rurociagi-1\" style=\"font-size:clamp(33.419px, 2.089rem + ((1vw - 3.2px) * 2.077), 60px);letter-spacing:0.1px\"><span style=\"color: #ffffff;\" class=\"stk-highlight\">Pipelines for the Chemical Industry<\/span><span style=\"color: var(--theme-palette-color-8, #ffffff);\" class=\"stk-highlight\">negative<\/span><\/h2>\n\n\n\n<div class=\"wp-block-stackable-divider stk-block-divider stk-block stk-227f16c\" data-block-id=\"227f16c\"><style>.stk-227f16c hr.stk-block-divider__hr{background:var(--theme-palette-color-8, #ffffff) !important;height:4px !important;width:100% !important;}.stk-227f16c {margin-bottom:0px !important;top:-60px !important;}<\/style><hr class=\"stk-block-divider__hr\"\/><\/div>\n<\/div><\/div>\n<\/div><\/div><\/div>\n<\/div><\/div>\n\n\n\n\n\n<div class=\"wp-block-stackable-columns stk-block-columns stk-block stk-ab2ca28 animated fadeInUp\" data-block-id=\"ab2ca28\"><style>.stk-ab2ca28 {margin-top:30px !important;margin-bottom:8px !important;}.stk-ab2ca28-column{max-width:1050px !important;min-width:auto !important;}<\/style><div class=\"stk-row stk-inner-blocks stk-block-content stk-content-align stk-ab2ca28-column\">\n<div class=\"wp-block-stackable-column stk-block-column stk-column stk-block stk-056df11\" data-v=\"4\" data-block-id=\"056df11\"><div class=\"stk-column-wrapper stk-block-column__content stk-container stk-056df11-container stk--no-background stk--no-padding\"><div class=\"stk-block-content stk-inner-blocks stk-056df11-inner-blocks\">\n<p class=\"has-palette-color-1-color has-text-color has-link-color wp-elements-f27be066d4fb731298d48f8fe7388bac\"><strong>Constructing and modernizing pipelines in the chemical industry requires specialized knowledge and experience. Chemar Ruroci\u0105gi Sp. z o.o. specializes in this type of installation, offering comprehensive services from design and material selection to prefabrication, testing, delivery, and assembly (spooling).\u00a0<\/strong><\/p>\n\n\n\n<div class=\"wp-block-stackable-columns stk-block-columns stk-block stk-3c21575\" data-block-id=\"3c21575\"><style>.stk-3c21575 {margin-bottom:0px !important;}<\/style><div class=\"stk-row stk-inner-blocks stk-block-content stk-content-align stk-3c21575-column\">\n<div class=\"wp-block-stackable-column stk-block-column stk-column stk-block stk-635a31b\" data-v=\"4\" data-block-id=\"635a31b\"><div class=\"stk-column-wrapper stk-block-column__content stk-container stk-635a31b-container stk--no-background stk--no-padding\"><div class=\"stk-block-content stk-inner-blocks stk-635a31b-inner-blocks\">\n<div class=\"wp-block-stackable-spacer stk-block-spacer stk--no-padding stk-block stk-43ed3c1\" data-block-id=\"43ed3c1\"><style>.stk-43ed3c1 {height:20px !important;}<\/style><\/div>\n<\/div><\/div><\/div>\n<\/div><\/div>\n\n\n\n<div class=\"wp-block-stackable-columns stk-block-columns stk-block stk-ee45ea3\" data-block-id=\"ee45ea3\"><style>.stk-ee45ea3 {margin-bottom:15px !important;}.stk-ee45ea3-column{max-width:1050px !important;min-width:auto !important;}<\/style><div class=\"stk-row stk-inner-blocks stk-block-content stk-content-align stk-ee45ea3-column\">\n<div class=\"wp-block-stackable-column stk-block-column stk-column stk-block stk-8a3f133\" data-v=\"4\" data-block-id=\"8a3f133\"><div class=\"stk-column-wrapper stk-block-column__content stk-container stk-8a3f133-container stk--no-background stk--no-padding\"><div class=\"stk-block-content stk-inner-blocks stk-8a3f133-inner-blocks\">\n<p class=\"has-palette-color-1-color has-text-color has-link-color wp-elements-612253eb52c65383283378895d834915\"><span style=\"color: #0f0e17;\" class=\"stk-highlight\">Most commonly used due to high corrosion resistance and durability in a wide range of temperatures and pressures <strong>Chemical Industry<\/strong> They are made of stainless and acid-resistant steel. This is crucial when transporting aggressive chemicals such as sulfuric acid, nitric acid, or hydrochloric acid. Thanks to their properties, these pipelines guarantee the safe flow of aggressive substances, minimizing the risk of damage, leaks, or equipment failure.<\/span><\/p>\n<\/div><\/div><\/div>\n\n\n\n<div class=\"wp-block-stackable-column stk-block-column stk-column stk-block stk-efda317 stk-block-background\" data-v=\"4\" data-block-id=\"efda317\"><style>.stk-efda317-container{margin-top:0px !important;margin-right:0px !important;margin-bottom:0px !important;margin-left:0px !important;padding-right:0px !important;padding-bottom:0px !important;padding-left:0px !important;}.stk-efda317 {align-self:flex-start !important;background-color:#abb7c229 !important;top:-10px !important;bottom:-100px !important;}.stk-efda317-inner-blocks{align-items:center !important;justify-content:center !important;}.stk-efda317:before{background-color:#abb7c229 !important;}<\/style><div class=\"stk-column-wrapper stk-block-column__content stk-container stk-efda317-container stk--no-background stk--no-padding\"><div class=\"stk--column-flex stk-block-content stk-inner-blocks stk-efda317-inner-blocks\">\n<div class=\"wp-block-uagb-container uagb-layout-flex uagb-block-0829b820 default uagb-is-root-container\"><div style=\"margin-left: 0px; min-height: 335px;; \" class=\"ub_image_slider alignfull swiper-container wp-block-ub-image-slider\" id=\"ub_image_slider_33cd0e6c-1957-4587-bc3d-b3a1f0a11bec\" data-swiper-data='{\"speed\":300,\"spaceBetween\":5,\"slidesPerView\":1,\"loop\":true,\"pagination\":{\"el\": \".swiper-pagination\" , \"type\": \"bullets\", \"clickable\":true},\"navigation\": {\"nextEl\": \".swiper-button-next\", \"prevEl\": \".swiper-button-prev\"}, \"keyboard\": { \"enabled\": true }, \"effect\": \"slide\",\"autoplay\":{\"delay\": 3000},\"simulateTouch\":false}'>\n            <div class=\"swiper-wrapper\"><figure class=\"swiper-slide\">\n                <img decoding=\"async\" src=\"https:\/\/www.chemar-piping.pl\/wp-content\/uploads\/2026\/02\/chemicznego_6.webp\" alt=\"\" style=\"height: 300px;; \">\n                <figcaption class=\"ub_image_slider_image_caption\"><\/figcaption>\n            <\/figure><figure class=\"swiper-slide\">\n                <img decoding=\"async\" src=\"https:\/\/www.chemar-piping.pl\/wp-content\/uploads\/2026\/02\/chemicznego_5.webp\" alt=\"\" style=\"height: 300px;; \">\n                <figcaption class=\"ub_image_slider_image_caption\"><\/figcaption>\n            <\/figure><figure class=\"swiper-slide\">\n                <img decoding=\"async\" src=\"https:\/\/www.chemar-piping.pl\/wp-content\/uploads\/2026\/02\/chemicznego_4.webp\" alt=\"\" style=\"height: 300px;; \">\n                <figcaption class=\"ub_image_slider_image_caption\"><\/figcaption>\n            <\/figure><figure class=\"swiper-slide\">\n                <img decoding=\"async\" src=\"https:\/\/www.chemar-piping.pl\/wp-content\/uploads\/2026\/02\/chemicznego_3.webp\" alt=\"\" style=\"height: 300px;; \">\n                <figcaption class=\"ub_image_slider_image_caption\"><\/figcaption>\n            <\/figure><figure class=\"swiper-slide\">\n                <img decoding=\"async\" src=\"https:\/\/www.chemar-piping.pl\/wp-content\/uploads\/2026\/02\/chemicznego_2.webp\" alt=\"\" style=\"height: 300px;; \">\n                <figcaption class=\"ub_image_slider_image_caption\"><\/figcaption>\n            <\/figure><figure class=\"swiper-slide\">\n                <img decoding=\"async\" src=\"https:\/\/www.chemar-piping.pl\/wp-content\/uploads\/2026\/02\/chemicznego_1.webp\" alt=\"\" style=\"height: 300px;; \">\n                <figcaption class=\"ub_image_slider_image_caption\"><\/figcaption>\n            <\/figure><\/div>\n            <div class=\"swiper-pagination\"><\/div>\n            <div class=\"swiper-button-prev\"><\/div> <div class=\"swiper-button-next\"><\/div>\n        <\/div><\/div>\n<\/div><\/div><\/div>\n<\/div><\/div>\n<\/div><\/div><\/div>\n<\/div><\/div>\n\n\n\n<div class=\"wp-block-stackable-columns stk-block-columns stk-block stk-f949866 animated fadeInUp\" data-block-id=\"f949866\"><style>.stk-f949866 {margin-top:30px !important;}.stk-f949866-column{max-width:1050px !important;min-width:auto !important;}<\/style><div class=\"stk-row stk-inner-blocks stk-block-content stk-content-align stk-f949866-column\">\n<div class=\"wp-block-stackable-column stk-block-column stk-column stk-block stk-edddfff\" data-v=\"4\" data-block-id=\"edddfff\"><div class=\"stk-column-wrapper stk-block-column__content stk-container stk-edddfff-container stk--no-background stk--no-padding\"><div class=\"stk-block-content stk-inner-blocks stk-edddfff-inner-blocks\">\n<p><strong>Chemar Ruroci\u0105gi Sp. z o.o.<\/strong> in its production it most often uses stainless and acid-resistant steels from group 8 and <strong>DUPLEX<\/strong> i <strong>SUPERDUPLEX<\/strong> from group 10 (classification according to the PN-CR ISO 15608:2000 standard).<\/p>\n\n\n\n<p>The manufactured pipeline elements, depending on the purpose and operating conditions, can be made of various grades of stainless steel, including austenitic grades: <strong>1.4301 (X5CrNi18-10), 1.4307 (X2CRNI18-9), 1.4401 (X5CrNiMo17-12-2), 1.4404 (X2CrNiMo17-12-2), 1.4529 (X1NiCrMoCuN25-20-7), 1.4535 (X2CrNiMo17-12-3), 1.4536, 1.4539 (X1NiCrMoCu25-20-5), 1.4547 (X1CrNiMoCuN20-18-7),<\/strong> ferritic: <strong>1.4000 (X6Cr13), 14016 (X6Cr17)<\/strong> and ferritic-austenitic duplex type <strong>1.4462 (X2CrNiMoN22-5-3<\/strong>) and superduplex <strong>(X2CrNiMoN25-7-4)<\/strong>. The above-mentioned species are characterized by varying corrosion resistance, especially in humid environments containing chlorides.<\/p>\n\n\n\n<p>Pipeline components manufactured by <strong>Chemar Ruroci\u0105gi Sp. z o.o.<\/strong> meet the requirements of the standards <strong>PN-EN 13480, PN-EN 12952, Directives 2014\/68\/EU<\/strong> and other technical specifications and technical conditions of execution and acceptance developed individually and agreed with the Client.<\/p>\n\n\n\n<p><strong>Chemar Ruroci\u0105gi Sp. z o.o.<\/strong> has a separate workshop dedicated to the production of stainless steel pipeline components. This protects the stainless steel from direct contact with special tooling components made from other steels, such as carbon or alloy steels. For stainless steel processing, we use tools designed exclusively for stainless steel processing. The tools are appropriately marked.<\/p>\n<\/div><\/div><\/div>\n<\/div><\/div>\n\n\n\n<div class=\"wp-block-stackable-columns stk-block-columns stk-block stk-45929f8 stk-block-background animated fadeInUp uag-blocks-common-selector\" style=\"--z-index-desktop:2;;--z-index-tablet:undefined;;--z-index-mobile:undefined;\" data-block-id=\"45929f8\"><style>.stk-45929f8 .stk--block-align-45929f8{align-items:center !important;}.stk-45929f8 {background-color:var(--theme-palette-color-1, #224DB7) !important;padding-top:50px !important;padding-right:55px !important;padding-bottom:50px !important;padding-left:55px !important;margin-top:101px !important;margin-bottom:92px !important;z-index:2 !important;}.stk-45929f8:before{background-color:var(--theme-palette-color-1, #224DB7) !important;}.stk-45929f8-column{--stk-column-gap:50px !important;row-gap:50px !important;}<\/style><div class=\"stk-row stk-inner-blocks stk--block-align-45929f8 stk-block-content stk-content-align stk-45929f8-column\">\n<div class=\"wp-block-stackable-column stk-block-column stk-column stk-block stk-7a55db8\" data-v=\"4\" data-block-id=\"7a55db8\"><style>.stk-7a55db8-container{margin-top:0px !important;margin-right:0px !important;margin-bottom:0px !important;margin-left:0px !important;}@media screen and (min-width:690px) and (max-width:999px){.stk-7a55db8 {flex:var(--stk-flex-grow, 1) 1 calc(100% - var(--stk-column-gap, 0px) * 0 \/ 1 ) !important;}}<\/style><div class=\"stk-column-wrapper stk-block-column__content stk-container stk-7a55db8-container stk--no-background stk--no-padding\"><div class=\"stk-block-content stk-inner-blocks stk-7a55db8-inner-blocks\">\n<div class=\"wp-block-stackable-heading stk-block-heading stk-block-heading--v2 stk-block stk-e3ff0d9\" id=\"span-style-color-00000000-class-stk-highlight-span-skontaktuj-sie-z-nami\" data-block-id=\"e3ff0d9\"><style>.stk-e3ff0d9 {margin-top:-5px !important;margin-bottom:10px !important;top:4px !important;}.stk-e3ff0d9 .stk-block-heading__text{color:var(--theme-palette-color-8, #ffffff) !important;}@media screen and (max-width:999px){.stk-e3ff0d9 {margin-bottom:20px !important;}.stk-e3ff0d9 .stk-block-heading__text{font-size:30px !important;}}<\/style><h2 class=\"stk-block-heading__text has-text-color has-palette-color-8-color has-text-align-center-tablet stk-block-heading--use-theme-margins\"><span style=\"color: #00000000;\" class=\"stk-highlight\">.  <\/span>     Contact us<\/h2><\/div>\n\n\n\n<div class=\"wp-block-stackable-text stk-block-text stk-block stk-bc5b221\" data-block-id=\"bc5b221\"><style>.stk-bc5b221 {opacity:0.6 !important;}.stk-bc5b221 .stk-block-text__text{color:var(--theme-palette-color-8, #ffffff) !important;}<\/style><p class=\"stk-block-text__text has-text-color has-palette-color-8-color has-text-align-center-tablet\"><\/p><\/div>\n<\/div><\/div><\/div>\n\n\n\n<div class=\"wp-block-stackable-column stk-block-column stk-column stk-block stk-5da9125\" data-v=\"4\" data-block-id=\"5da9125\"><style>.stk-5da9125-container{margin-top:0px !important;margin-right:0px !important;margin-bottom:0px !important;margin-left:0px !important;}@media screen and (min-width:690px) and (max-width:999px){.stk-5da9125 {flex:var(--stk-flex-grow, 1) 1 calc(100% - var(--stk-column-gap, 0px) * 0 \/ 1 ) !important;}}<\/style><div class=\"stk-column-wrapper stk-block-column__content stk-container stk-5da9125-container stk--no-background stk--no-padding\"><div class=\"stk-block-content stk-inner-blocks stk-5da9125-inner-blocks\">\n<div class=\"wp-block-stackable-button-group stk-block-button-group stk-block stk-0de13d8\" data-block-id=\"0de13d8\"><style>.stk-0de13d8 .stk-inner-blocks{column-gap:30px !important;row-gap:20px !important;}<\/style><div class=\"stk-row stk-inner-blocks has-text-align-right has-text-align-center-tablet stk-block-content stk-button-group\">\n<div class=\"wp-block-stackable-button stk-block-button hvr-grow stk-block stk-fad9ac7\" data-block-id=\"fad9ac7\"><style>.stk-fad9ac7 {margin-top:0px !important;margin-right:0px !important;margin-bottom:0px !important;margin-left:0px !important;}.stk-fad9ac7 .stk-button{padding-top:18px !important;padding-right:30px !important;padding-bottom:18px !important;padding-left:30px !important;background:transparent !important;}.stk-fad9ac7 .stk-button:hover:after{background:var(--theme-palette-color-4, #0A1821) !important;opacity:1 !important;}:where(.stk-hover-parent:hover,  .stk-hover-parent.stk--is-hovered) .stk-fad9ac7 .stk-button:after{background:transparent !important;opacity:1 !important;}.stk-fad9ac7 .stk-button:before{border-style:solid !important;border-color:var(--theme-palette-color-8, #ffffff) !important;border-top-width:2px !important;border-right-width:2px !important;border-bottom-width:2px !important;border-left-width:2px !important;}.stk-fad9ac7 .stk-button:hover:before{border-color:var(--theme-palette-color-4, #0A1821) !important;}.stk-fad9ac7 .stk-button .stk--inner-svg svg:last-child, .stk-fad9ac7 .stk-button .stk--inner-svg svg:last-child :is(g, path, rect, polygon, ellipse){fill:var(--theme-palette-color-4, #0A1821) !important;}.stk-fad9ac7 .stk-button:hover .stk--inner-svg svg:last-child, .stk-fad9ac7 .stk-button:hover .stk--inner-svg svg:last-child :is(g, path, rect, polygon, ellipse){fill:var(--theme-palette-color-2, #224DB7) !important;}.stk-fad9ac7 .stk-button__inner-text{font-size:16px !important;color:var(--theme-palette-color-8, #ffffff) !important;font-weight:700 !important;text-transform:uppercase !important;}.stk-fad9ac7 .stk-button:hover .stk-button__inner-text{color:var(--theme-palette-color-8, #ffffff) !important;}@media screen and (max-width:999px){.stk-fad9ac7 .stk-button__inner-text{font-size:16px !important;}}<\/style><a class=\"stk-link stk-button stk--hover-effect-darken\" href=\"https:\/\/www.chemar-piping.pl\/en\/dane-kontaktowe\/\"><span class=\"has-text-color has-palette-color-8-color stk-button__inner-text\">     contact     <\/span><\/a><\/div>\n\n\n\n<div class=\"wp-block-stackable-button stk-block-button hvr-grow stk-block stk-82f3f35\" data-block-id=\"82f3f35\"><style>.stk-82f3f35 {margin-top:0px !important;margin-right:0px !important;margin-bottom:0px !important;margin-left:0px !important;}.stk-82f3f35 .stk-button{padding-top:18px !important;padding-right:30px !important;padding-bottom:18px !important;padding-left:30px !important;background:var(--theme-palette-color-8, #ffffff) !important;}.stk-82f3f35 .stk-button:hover:after{background:var(--theme-palette-color-4, #0A1821) !important;opacity:1 !important;}.stk-82f3f35 .stk-button__inner-text{font-size:16px !important;color:var(--theme-palette-color-2, #224DB7) !important;font-weight:700 !important;text-transform:uppercase !important;}.stk-82f3f35 .stk-button:hover .stk-button__inner-text{color:var(--theme-palette-color-8, #ffffff) !important;}@media screen and (max-width:999px){.stk-82f3f35 .stk-button__inner-text{font-size:16px !important;}}<\/style><a class=\"stk-link stk-button stk--hover-effect-darken\" href=\"https:\/\/www.chemar-piping.pl\/en\/formularz-kontaktowy\/\"><span class=\"has-text-color has-palette-color-2-color stk-button__inner-text\">contact form<\/span><\/a><\/div>\n<\/div><\/div>\n<\/div><\/div><\/div>\n<\/div><\/div>\n\n\n\n<p><\/p>","protected":false},"excerpt":{"rendered":"<p>Ruroci\u0105gi dla Przemys\u0142u Chemicznego Budowa i modernizacja ruroci\u0105g\u00f3w w przemy\u015ble chemicznym to zadanie wymagaj\u0105ce specjalistycznej wiedzy i do\u015bwiadczenia.\u00a0Chemar Ruroci\u0105gi Sp. z o.o. specjalizuj\u0105ce si\u0119 w tego typu instalacjach oferuj\u0105c kompleksowe us\u0142ugi od projektowania i doboru materia\u0142\u00f3w, po prefabrykacj\u0119, badania, dostaw\u0119 i monta\u017c (spoolowanie).\u00a0 Najcz\u0119\u015bciej stosowane ze wzgl\u0119du na wysok\u0105 odporno\u015b\u0107 na korozj\u0119 i wytrzyma\u0142o\u015b\u0107 w [&hellip;]<\/p>\n","protected":false},"author":1,"featured_media":0,"parent":2596,"menu_order":0,"comment_status":"closed","ping_status":"closed","template":"","meta":{"_gspb_post_css":"","_uag_custom_page_level_css":"","iawp_total_views":15,"footnotes":""},"class_list":["post-1935","page","type-page","status-publish","hentry"],"blocksy_meta":[],"featured_image_src":null,"uagb_featured_image_src":{"full":false,"thumbnail":false,"medium":false,"medium_large":false,"large":false,"1536x1536":false,"2048x2048":false,"trp-custom-language-flag":false},"uagb_author_info":{"display_name":"Chemar Ruroci\u0105gi","author_link":"https:\/\/www.chemar-piping.pl\/en\/author\/michpaj\/"},"uagb_comment_info":0,"uagb_excerpt":"Ruroci\u0105gi dla Przemys\u0142u Chemicznego Budowa i modernizacja ruroci\u0105g\u00f3w w przemy\u015ble chemicznym to zadanie wymagaj\u0105ce specjalistycznej wiedzy i do\u015bwiadczenia.\u00a0Chemar Ruroci\u0105gi Sp. z o.o. specjalizuj\u0105ce si\u0119 w tego typu instalacjach oferuj\u0105c kompleksowe us\u0142ugi od projektowania i doboru materia\u0142\u00f3w, po prefabrykacj\u0119, badania, dostaw\u0119 i monta\u017c (spoolowanie).\u00a0 Najcz\u0119\u015bciej stosowane ze wzgl\u0119du na wysok\u0105 odporno\u015b\u0107 na korozj\u0119 i wytrzyma\u0142o\u015b\u0107 w&hellip;","_links":{"self":[{"href":"https:\/\/www.chemar-piping.pl\/en\/wp-json\/wp\/v2\/pages\/1935","targetHints":{"allow":["GET"]}}],"collection":[{"href":"https:\/\/www.chemar-piping.pl\/en\/wp-json\/wp\/v2\/pages"}],"about":[{"href":"https:\/\/www.chemar-piping.pl\/en\/wp-json\/wp\/v2\/types\/page"}],"author":[{"embeddable":true,"href":"https:\/\/www.chemar-piping.pl\/en\/wp-json\/wp\/v2\/users\/1"}],"replies":[{"embeddable":true,"href":"https:\/\/www.chemar-piping.pl\/en\/wp-json\/wp\/v2\/comments?post=1935"}],"version-history":[{"count":15,"href":"https:\/\/www.chemar-piping.pl\/en\/wp-json\/wp\/v2\/pages\/1935\/revisions"}],"predecessor-version":[{"id":4391,"href":"https:\/\/www.chemar-piping.pl\/en\/wp-json\/wp\/v2\/pages\/1935\/revisions\/4391"}],"up":[{"embeddable":true,"href":"https:\/\/www.chemar-piping.pl\/en\/wp-json\/wp\/v2\/pages\/2596"}],"wp:attachment":[{"href":"https:\/\/www.chemar-piping.pl\/en\/wp-json\/wp\/v2\/media?parent=1935"}],"curies":[{"name":"wp","href":"https:\/\/api.w.org\/{rel}","templated":true}]}}