{"id":1942,"date":"2024-07-16T12:28:23","date_gmt":"2024-07-16T12:28:23","guid":{"rendered":"http:\/\/wwwnowa.chemar-piping.pl\/?page_id=1942"},"modified":"2026-03-27T10:32:56","modified_gmt":"2026-03-27T09:32:56","slug":"rurociagi-dla-energetyki-jadrowej","status":"publish","type":"page","link":"https:\/\/www.chemar-piping.pl\/en\/oferta\/produkty\/rurociagi-dla-energetyki-jadrowej\/","title":{"rendered":"Pipelines for Nuclear Power Generation"},"content":{"rendered":"<div class=\"wp-block-stackable-columns alignfull stk-block-columns stk-block stk-579b117 stk-block-background stk--has-background-overlay\" data-block-id=\"579b117\"><style>.stk-579b117 {background-color:var(--theme-palette-color-3, #38454A) !important;background-image:url(http:\/\/www.chemar-piping.pl\/wp-content\/uploads\/2024\/09\/download-4-e1725958653223-1.png) !important;min-height:120px !important;padding-top:26px !important;padding-bottom:43px !important;margin-bottom:0px !important;}.stk-579b117:before{background-color:var(--theme-palette-color-3, #38454A) !important;opacity:0.7 !important;}@media screen and (max-width:999px){.stk-579b117 {padding-top:80px !important;padding-bottom:80px !important;}}@media screen and (max-width:689px){.stk-579b117 {padding-top:60px !important;padding-bottom:60px !important;}}<\/style><div class=\"stk-row stk-inner-blocks stk-block-content stk-content-align stk-579b117-column\">\n<div class=\"wp-block-stackable-column stk-block-column stk-column stk-block stk-f8a03ee\" data-v=\"4\" data-block-id=\"f8a03ee\"><div class=\"stk-column-wrapper stk-block-column__content stk-container stk-f8a03ee-container stk--no-background stk--no-padding\"><div class=\"stk-block-content stk-inner-blocks stk-f8a03ee-inner-blocks\">\n<div class=\"wp-block-uagb-container uagb-layout-flex uagb-block-b89157ef alignfull uagb-is-root-container\"><div class=\"uagb-container-inner-blocks-wrap\">\n<h2 class=\"wp-block-heading\" id=\"rurociagi-1\" style=\"font-size:clamp(36.08px, 2.255rem + ((1vw - 3.2px) * 2.338), 66px);\"><span style=\"color: #ffffff;\" class=\"stk-highlight\">Pipelines for Energy J<\/span><span style=\"color: var(--theme-palette-color-8, #ffffff);\" class=\"stk-highlight\">nuclear<\/span><\/h2>\n\n\n\n<div class=\"wp-block-stackable-divider stk-block-divider stk-block stk-227f16c\" data-block-id=\"227f16c\"><style>.stk-227f16c hr.stk-block-divider__hr{background:var(--theme-palette-color-8, #ffffff) !important;height:4px !important;width:100% !important;}.stk-227f16c {margin-bottom:0px !important;top:-55px !important;}<\/style><hr class=\"stk-block-divider__hr\"\/><\/div>\n<\/div><\/div>\n<\/div><\/div><\/div>\n<\/div><\/div>\n\n\n\n\n\n<div class=\"wp-block-stackable-columns stk-block-columns stk-block stk-7a28748 animated fadeInUp\" data-block-id=\"7a28748\"><style>.stk-7a28748 {margin-top:30px !important;margin-bottom:0px !important;}.stk-7a28748-column{max-width:1050px !important;min-width:auto !important;}<\/style><div class=\"stk-row stk-inner-blocks stk-block-content stk-content-align stk-7a28748-column\">\n<div class=\"wp-block-stackable-column stk-block-column stk-column stk-block stk-8018b05\" data-v=\"4\" data-block-id=\"8018b05\"><div class=\"stk-column-wrapper stk-block-column__content stk-container stk-8018b05-container stk--no-background stk--no-padding\"><div class=\"stk-block-content stk-inner-blocks stk-8018b05-inner-blocks\">\n<p class=\"has-palette-color-1-color has-text-color has-link-color wp-elements-977cb7fd9271e47343cde44a2424d79c\">Business <strong>Chemar Ruroci\u0105gi Sp. z o.o.<\/strong> thanks to its experience in the energy sector, solid technical background, certificates and production of pipelines\/pressure installations - it is among the Polish companies that are currently preparing to cooperate in the planned construction of the first AP 1000 Nuclear Power Plant by the consortium <strong>Westinghouse Electric Company<\/strong> and <strong>Bechtel Global Corporation<\/strong>.<\/p>\n\n\n\n<div class=\"wp-block-stackable-columns stk-block-columns stk-block stk-3c27bc6\" data-block-id=\"3c27bc6\"><style>.stk-3c27bc6 {margin-bottom:0px !important;}<\/style><div class=\"stk-row stk-inner-blocks stk-block-content stk-content-align stk-3c27bc6-column\">\n<div class=\"wp-block-stackable-column stk-block-column stk-column stk-block stk-f3168ef\" data-v=\"4\" data-block-id=\"f3168ef\"><div class=\"stk-column-wrapper stk-block-column__content stk-container stk-f3168ef-container stk--no-background stk--no-padding\"><div class=\"stk-block-content stk-inner-blocks stk-f3168ef-inner-blocks\">\n<div class=\"wp-block-stackable-spacer stk-block-spacer stk--no-padding stk-block stk-c2078f3\" data-block-id=\"c2078f3\"><style>.stk-c2078f3 {height:20px !important;}<\/style><\/div>\n<\/div><\/div><\/div>\n<\/div><\/div>\n\n\n\n<div class=\"wp-block-stackable-columns stk-block-columns stk-block stk-c847777\" data-block-id=\"c847777\"><style>.stk-c847777 {margin-bottom:15px !important;}.stk-c847777-column{max-width:1050px !important;min-width:auto !important;}<\/style><div class=\"stk-row stk-inner-blocks stk-block-content stk-content-align stk-c847777-column\">\n<div class=\"wp-block-stackable-column stk-block-column stk-column stk-block stk-efda317 stk-block-background\" data-v=\"4\" data-block-id=\"efda317\"><style>.stk-efda317-container{margin-top:0px !important;margin-right:0px !important;margin-bottom:0px !important;margin-left:0px !important;padding-right:0px !important;padding-bottom:0px !important;padding-left:0px !important;}.stk-efda317 {align-self:flex-start !important;background-color:#abb7c229 !important;top:-10px !important;bottom:-100px !important;}.stk-efda317-inner-blocks{align-items:center !important;justify-content:center !important;}.stk-efda317:before{background-color:#abb7c229 !important;}<\/style><div class=\"stk-column-wrapper stk-block-column__content stk-container stk-efda317-container stk--no-background stk--no-padding\"><div class=\"stk--column-flex stk-block-content stk-inner-blocks stk-efda317-inner-blocks\">\n<div class=\"wp-block-uagb-container uagb-layout-flex uagb-block-0829b820 default uagb-is-root-container\"><div style=\"margin-left: 0px; min-height: 555px;; \" class=\"ub_image_slider alignfull swiper-container wp-block-ub-image-slider\" id=\"ub_image_slider_7e1459ef-8063-4bfb-875d-9013715628c8\" data-swiper-data='{\"speed\":300,\"spaceBetween\":5,\"slidesPerView\":1,\"loop\":true,\"pagination\":{\"el\": \".swiper-pagination\" , \"type\": \"bullets\", \"clickable\":true},\"navigation\": {\"nextEl\": \".swiper-button-next\", \"prevEl\": \".swiper-button-prev\"}, \"keyboard\": { \"enabled\": true }, \"effect\": \"slide\",\"autoplay\":{\"delay\": 3000},\"simulateTouch\":false}'>\n            <div class=\"swiper-wrapper\"><figure class=\"swiper-slide\">\n                <img decoding=\"async\" src=\"https:\/\/www.chemar-piping.pl\/wp-content\/uploads\/2026\/03\/doosan_1.webp\" alt=\"\" style=\"height: 520px;; \">\n                <figcaption class=\"ub_image_slider_image_caption\"><\/figcaption>\n            <\/figure><figure class=\"swiper-slide\">\n                <img decoding=\"async\" src=\"https:\/\/www.chemar-piping.pl\/wp-content\/uploads\/2026\/03\/doosan_2.webp\" alt=\"\" style=\"height: 520px;; \">\n                <figcaption class=\"ub_image_slider_image_caption\"><\/figcaption>\n            <\/figure><figure class=\"swiper-slide\">\n                <img decoding=\"async\" src=\"https:\/\/www.chemar-piping.pl\/wp-content\/uploads\/2026\/03\/doosan_3.webp\" alt=\"\" style=\"height: 520px;; \">\n                <figcaption class=\"ub_image_slider_image_caption\"><\/figcaption>\n            <\/figure><figure class=\"swiper-slide\">\n                <img decoding=\"async\" src=\"https:\/\/www.chemar-piping.pl\/wp-content\/uploads\/2026\/03\/edf_1.webp\" alt=\"\" style=\"height: 520px;; \">\n                <figcaption class=\"ub_image_slider_image_caption\"><\/figcaption>\n            <\/figure><figure class=\"swiper-slide\">\n                <img decoding=\"async\" src=\"https:\/\/www.chemar-piping.pl\/wp-content\/uploads\/2026\/03\/edf_2.webp\" alt=\"\" style=\"height: 520px;; \">\n                <figcaption class=\"ub_image_slider_image_caption\"><\/figcaption>\n            <\/figure><figure class=\"swiper-slide\">\n                <img decoding=\"async\" src=\"https:\/\/www.chemar-piping.pl\/wp-content\/uploads\/2026\/03\/edf_3.webp\" alt=\"\" style=\"height: 520px;; \">\n                <figcaption class=\"ub_image_slider_image_caption\"><\/figcaption>\n            <\/figure><figure class=\"swiper-slide\">\n                <img decoding=\"async\" src=\"https:\/\/www.chemar-piping.pl\/wp-content\/uploads\/2026\/03\/edf_4.webp\" alt=\"\" style=\"height: 520px;; \">\n                <figcaption class=\"ub_image_slider_image_caption\"><\/figcaption>\n            <\/figure><\/div>\n            <div class=\"swiper-pagination\"><\/div>\n            <div class=\"swiper-button-prev\"><\/div> <div class=\"swiper-button-next\"><\/div>\n        <\/div><\/div>\n<\/div><\/div><\/div>\n<\/div><\/div>\n<\/div><\/div><\/div>\n<\/div><\/div>\n\n\n\n<div class=\"wp-block-stackable-columns stk-block-columns stk-block stk-ab2ca28 animated fadeInUp\" data-block-id=\"ab2ca28\"><style>.stk-ab2ca28 {margin-top:0px !important;margin-bottom:0px !important;}.stk-ab2ca28-column{max-width:1050px !important;min-width:auto !important;}<\/style><div class=\"stk-row stk-inner-blocks stk-block-content stk-content-align stk-ab2ca28-column\">\n<div class=\"wp-block-stackable-column stk-block-column stk-column stk-block stk-056df11\" data-v=\"4\" data-block-id=\"056df11\"><div class=\"stk-column-wrapper stk-block-column__content stk-container stk-056df11-container stk--no-background stk--no-padding\"><div class=\"stk-block-content stk-inner-blocks stk-056df11-inner-blocks\">\n<div class=\"wp-block-stackable-columns stk-block-columns stk-block stk-3c21575\" data-block-id=\"3c21575\"><style>.stk-3c21575 {margin-bottom:0px !important;}<\/style><div class=\"stk-row stk-inner-blocks stk-block-content stk-content-align stk-3c21575-column\">\n<div class=\"wp-block-stackable-column stk-block-column stk-column stk-block stk-635a31b\" data-v=\"4\" data-block-id=\"635a31b\"><div class=\"stk-column-wrapper stk-block-column__content stk-container stk-635a31b-container stk--no-background stk--no-padding\"><div class=\"stk-block-content stk-inner-blocks stk-635a31b-inner-blocks\">\n<div class=\"wp-block-stackable-spacer stk-block-spacer stk--no-padding stk-block stk-43ed3c1\" data-block-id=\"43ed3c1\"><style>.stk-43ed3c1 {height:20px !important;}<\/style><\/div>\n<\/div><\/div><\/div>\n<\/div><\/div>\n\n\n\n<div class=\"wp-block-stackable-columns stk-block-columns stk-block stk-ee45ea3\" data-block-id=\"ee45ea3\"><style>.stk-ee45ea3 {margin-bottom:15px !important;}.stk-ee45ea3-column{max-width:1050px !important;min-width:auto !important;}<\/style><div class=\"stk-row stk-inner-blocks stk-block-content stk-content-align stk-ee45ea3-column\">\n<div class=\"wp-block-stackable-column stk-block-column stk-column stk-block stk-8a3f133\" data-v=\"4\" data-block-id=\"8a3f133\"><div class=\"stk-column-wrapper stk-block-column__content stk-container stk-8a3f133-container stk--no-background stk--no-padding\"><div class=\"stk-block-content stk-inner-blocks stk-8a3f133-inner-blocks\">\n<p class=\"has-palette-color-1-color has-text-color has-link-color wp-elements-164d75cd4e8df4ad7070547713f7063d\"><span style=\"color: #0f0e17;\" class=\"stk-highlight\">In November 2023, the company entered into an agreement with <strong>EDF<\/strong> (French energy company) &quot;Memorandum of Cooperation&quot;\u2014a cooperation agreement\u2014along with several other Polish companies aimed at building a European supply chain as part of the nuclear energy renaissance. This initiative is part of EDF&#039;s strategy, which assumes that local industrial companies\u2014including suppliers of pipelines, steel structures, valves, tanks, and transformers\u2014will be prepared to manufacture components for nuclear power plants. In this context, Chemar Ruroci\u0105gi stands out among domestic companies\u2014as a pipeline manufacturer with experience in the energy sector, giving it a real opportunity to become a supplier for nuclear projects.<\/span><\/p>\n<\/div><\/div><\/div>\n<\/div><\/div>\n<\/div><\/div><\/div>\n<\/div><\/div>\n\n\n\n<div class=\"wp-block-stackable-columns stk-block-columns stk-block stk-341589d animated fadeInUp\" data-block-id=\"341589d\"><style>.stk-341589d {margin-top:30px !important;margin-bottom:8px !important;}.stk-341589d-column{max-width:1050px !important;min-width:auto !important;}<\/style><div class=\"stk-row stk-inner-blocks stk-block-content stk-content-align stk-341589d-column\">\n<div class=\"wp-block-stackable-column stk-block-column stk-column stk-block stk-afd3f78\" data-v=\"4\" data-block-id=\"afd3f78\"><div class=\"stk-column-wrapper stk-block-column__content stk-container stk-afd3f78-container stk--no-background stk--no-padding\"><div class=\"stk-block-content stk-inner-blocks stk-afd3f78-inner-blocks\">\n<div class=\"wp-block-stackable-columns stk-block-columns stk-block stk-6ddbaa1\" data-block-id=\"6ddbaa1\"><style>.stk-6ddbaa1 {margin-bottom:0px !important;}<\/style><div class=\"stk-row stk-inner-blocks stk-block-content stk-content-align stk-6ddbaa1-column\">\n<div class=\"wp-block-stackable-column stk-block-column stk-column stk-block stk-382bd08\" data-v=\"4\" data-block-id=\"382bd08\"><div class=\"stk-column-wrapper stk-block-column__content stk-container stk-382bd08-container stk--no-background stk--no-padding\"><div class=\"stk-block-content stk-inner-blocks stk-382bd08-inner-blocks\">\n<p class=\"has-palette-color-1-color has-text-color has-link-color wp-elements-9ff4977dbea241cdc44476b5339f4feb\"><span style=\"color: #0f0e17;\" class=\"stk-highlight\">In November 2021 in Warsaw the company <strong>Chemar Ruroci\u0105gi Sp. z o.o.<\/strong> signed a Memorandum of Understanding for Mutual Cooperation on Nuclear New Build in the Republic of Poland with a company belonging to the TeamKorea expert group \u2013 <strong>Doosan Heavy Industries &amp; Construction<\/strong>. The aim of the agreement is to establish close cooperation in the supply of pipeline components for planned investments involving the construction of new nuclear power units in Poland.<\/span><\/p>\n\n\n\n<div class=\"wp-block-stackable-spacer stk-block-spacer stk--no-padding stk-block stk-c170c5a\" data-block-id=\"c170c5a\"><style>.stk-c170c5a {height:20px !important;}<\/style><\/div>\n<\/div><\/div><\/div>\n<\/div><\/div>\n\n\n\n<div class=\"wp-block-stackable-columns stk-block-columns stk-block stk-f73b996\" data-block-id=\"f73b996\"><style>.stk-f73b996 {margin-bottom:15px !important;}.stk-f73b996-column{max-width:1050px !important;min-width:auto !important;}<\/style><div class=\"stk-row stk-inner-blocks stk-block-content stk-content-align stk-f73b996-column\">\n<div class=\"wp-block-stackable-column stk-block-column stk-column stk-block stk-ee498eb\" data-v=\"4\" data-block-id=\"ee498eb\"><div class=\"stk-column-wrapper stk-block-column__content stk-container stk-ee498eb-container stk--no-background stk--no-padding\"><div class=\"stk-block-content stk-inner-blocks stk-ee498eb-inner-blocks\">\n<p class=\"has-palette-color-1-color has-text-color has-link-color wp-elements-e99fb2ce37371b0b8121779522e3ffad\"><span style=\"color: #0f0e17;\" class=\"stk-highlight\">Although <strong>Chemar Ruroci\u0105gi Sp. z o.o.<\/strong> has experience and certificates for industrial and conventional energy, the nuclear industry often requires additional, very restrictive standards \u2013 e.g. regarding quality control, strict safety procedures, documentation, certification in accordance with nuclear standards.<\/span><\/p>\n\n\n\n<p>By joining the supply chain for nuclear projects, the company is ready for audits, adjustments to production processes, employee training, documentation and compliance with international standards applicable in the nuclear sector.<\/p>\n\n\n\n<p class=\"has-palette-color-1-color has-text-color has-link-color wp-elements-c604dc32bec9e89da7b36927551af81d\"><span style=\"color: #0f0e17;\" class=\"stk-highlight\">Representatives <strong>Chemar Ruroci\u0105gi Sp. z o.o. <\/strong>They also actively participate in conferences, webinars and training courses related to the construction of nuclear power plants in Poland, organized mainly by <strong>Chamber of Commerce for Energy and Environment <\/strong>(IGEO\u015a) and <strong>Ministry of Energy<\/strong> The aim of the training is to improve the competences of Polish industry and familiarize enterprises with the business and technical requirements of nuclear technology suppliers: Westinghause-Bechtel (USA), KHNP (South Korea) and EDF (France).<\/span><\/p>\n<\/div><\/div><\/div>\n<\/div><\/div>\n<\/div><\/div><\/div>\n<\/div><\/div>\n\n\n\n<div class=\"wp-block-stackable-columns stk-block-columns stk-block stk-45929f8 stk-block-background animated fadeInUp uag-blocks-common-selector\" style=\"--z-index-desktop:2;;--z-index-tablet:undefined;;--z-index-mobile:undefined;\" data-block-id=\"45929f8\"><style>.stk-45929f8 .stk--block-align-45929f8{align-items:center !important;}.stk-45929f8 {background-color:var(--theme-palette-color-1, #224DB7) !important;padding-top:50px !important;padding-right:55px !important;padding-bottom:50px !important;padding-left:55px !important;margin-top:101px !important;margin-bottom:92px !important;z-index:2 !important;}.stk-45929f8:before{background-color:var(--theme-palette-color-1, #224DB7) !important;}.stk-45929f8-column{--stk-column-gap:50px !important;row-gap:50px !important;}<\/style><div class=\"stk-row stk-inner-blocks stk--block-align-45929f8 stk-block-content stk-content-align stk-45929f8-column\">\n<div class=\"wp-block-stackable-column stk-block-column stk-column stk-block stk-7a55db8\" data-v=\"4\" data-block-id=\"7a55db8\"><style>.stk-7a55db8-container{margin-top:0px !important;margin-right:0px !important;margin-bottom:0px !important;margin-left:0px !important;}@media screen and (min-width:690px) and (max-width:999px){.stk-7a55db8 {flex:var(--stk-flex-grow, 1) 1 calc(100% - var(--stk-column-gap, 0px) * 0 \/ 1 ) !important;}}<\/style><div class=\"stk-column-wrapper stk-block-column__content stk-container stk-7a55db8-container stk--no-background stk--no-padding\"><div class=\"stk-block-content stk-inner-blocks stk-7a55db8-inner-blocks\">\n<div class=\"wp-block-stackable-heading stk-block-heading stk-block-heading--v2 stk-block stk-e3ff0d9\" id=\"span-style-color-00000000-class-stk-highlight-span-skontaktuj-sie-z-nami\" data-block-id=\"e3ff0d9\"><style>.stk-e3ff0d9 {margin-top:-5px !important;margin-bottom:10px !important;top:4px !important;}.stk-e3ff0d9 .stk-block-heading__text{color:var(--theme-palette-color-8, #ffffff) !important;}@media screen and (max-width:999px){.stk-e3ff0d9 {margin-bottom:20px !important;}.stk-e3ff0d9 .stk-block-heading__text{font-size:30px !important;}}<\/style><h2 class=\"stk-block-heading__text has-text-color has-palette-color-8-color has-text-align-center-tablet stk-block-heading--use-theme-margins\"><span style=\"color: #00000000;\" class=\"stk-highlight\">.  <\/span>     Contact us<\/h2><\/div>\n\n\n\n<div class=\"wp-block-stackable-text stk-block-text stk-block stk-bc5b221\" data-block-id=\"bc5b221\"><style>.stk-bc5b221 {opacity:0.6 !important;}.stk-bc5b221 .stk-block-text__text{color:var(--theme-palette-color-8, #ffffff) !important;}<\/style><p class=\"stk-block-text__text has-text-color has-palette-color-8-color has-text-align-center-tablet\"><\/p><\/div>\n<\/div><\/div><\/div>\n\n\n\n<div class=\"wp-block-stackable-column stk-block-column stk-column stk-block stk-5da9125\" data-v=\"4\" data-block-id=\"5da9125\"><style>.stk-5da9125-container{margin-top:0px !important;margin-right:0px !important;margin-bottom:0px !important;margin-left:0px !important;}@media screen and (min-width:690px) and (max-width:999px){.stk-5da9125 {flex:var(--stk-flex-grow, 1) 1 calc(100% - var(--stk-column-gap, 0px) * 0 \/ 1 ) !important;}}<\/style><div class=\"stk-column-wrapper stk-block-column__content stk-container stk-5da9125-container stk--no-background stk--no-padding\"><div class=\"stk-block-content stk-inner-blocks stk-5da9125-inner-blocks\">\n<div class=\"wp-block-stackable-button-group stk-block-button-group stk-block stk-0de13d8\" data-block-id=\"0de13d8\"><style>.stk-0de13d8 .stk-inner-blocks{column-gap:30px !important;row-gap:20px !important;}<\/style><div class=\"stk-row stk-inner-blocks has-text-align-right has-text-align-center-tablet stk-block-content stk-button-group\">\n<div class=\"wp-block-stackable-button stk-block-button hvr-grow stk-block stk-fad9ac7\" data-block-id=\"fad9ac7\"><style>.stk-fad9ac7 {margin-top:0px !important;margin-right:0px !important;margin-bottom:0px !important;margin-left:0px !important;}.stk-fad9ac7 .stk-button{padding-top:18px !important;padding-right:30px !important;padding-bottom:18px !important;padding-left:30px !important;background:transparent !important;}.stk-fad9ac7 .stk-button:hover:after{background:var(--theme-palette-color-4, #0A1821) !important;opacity:1 !important;}:where(.stk-hover-parent:hover,  .stk-hover-parent.stk--is-hovered) .stk-fad9ac7 .stk-button:after{background:transparent !important;opacity:1 !important;}.stk-fad9ac7 .stk-button:before{border-style:solid !important;border-color:var(--theme-palette-color-8, #ffffff) !important;border-top-width:2px !important;border-right-width:2px !important;border-bottom-width:2px !important;border-left-width:2px !important;}.stk-fad9ac7 .stk-button:hover:before{border-color:var(--theme-palette-color-4, #0A1821) !important;}.stk-fad9ac7 .stk-button .stk--inner-svg svg:last-child, .stk-fad9ac7 .stk-button .stk--inner-svg svg:last-child :is(g, path, rect, polygon, ellipse){fill:var(--theme-palette-color-4, #0A1821) !important;}.stk-fad9ac7 .stk-button:hover .stk--inner-svg svg:last-child, .stk-fad9ac7 .stk-button:hover .stk--inner-svg svg:last-child :is(g, path, rect, polygon, ellipse){fill:var(--theme-palette-color-2, #224DB7) !important;}.stk-fad9ac7 .stk-button__inner-text{font-size:16px !important;color:var(--theme-palette-color-8, #ffffff) !important;font-weight:700 !important;text-transform:uppercase !important;}.stk-fad9ac7 .stk-button:hover .stk-button__inner-text{color:var(--theme-palette-color-8, #ffffff) !important;}@media screen and (max-width:999px){.stk-fad9ac7 .stk-button__inner-text{font-size:16px !important;}}<\/style><a class=\"stk-link stk-button stk--hover-effect-darken\" href=\"\"><span class=\"has-text-color has-palette-color-8-color stk-button__inner-text\">     contact     <\/span><\/a><\/div>\n\n\n\n<div class=\"wp-block-stackable-button stk-block-button hvr-grow stk-block stk-82f3f35\" data-block-id=\"82f3f35\"><style>.stk-82f3f35 {margin-top:0px !important;margin-right:0px !important;margin-bottom:0px !important;margin-left:0px !important;}.stk-82f3f35 .stk-button{padding-top:18px !important;padding-right:30px !important;padding-bottom:18px !important;padding-left:30px !important;background:var(--theme-palette-color-8, #ffffff) !important;}.stk-82f3f35 .stk-button:hover:after{background:var(--theme-palette-color-4, #0A1821) !important;opacity:1 !important;}.stk-82f3f35 .stk-button__inner-text{font-size:16px !important;color:var(--theme-palette-color-2, #224DB7) !important;font-weight:700 !important;text-transform:uppercase !important;}.stk-82f3f35 .stk-button:hover .stk-button__inner-text{color:var(--theme-palette-color-8, #ffffff) !important;}@media screen and (max-width:999px){.stk-82f3f35 .stk-button__inner-text{font-size:16px !important;}}<\/style><a class=\"stk-link stk-button stk--hover-effect-darken\" href=\"\"><span class=\"has-text-color has-palette-color-2-color stk-button__inner-text\">contact form<\/span><\/a><\/div>\n<\/div><\/div>\n<\/div><\/div><\/div>\n<\/div><\/div>","protected":false},"excerpt":{"rendered":"<p>Ruroci\u0105gi dla Energetyki J\u0105drowej Firma Chemar Ruroci\u0105gi Sp. z o.o. dzi\u0119ki swojemu do\u015bwiadczeniu w energetyce, solidnym zapleczu technicznemu, certyfikatom i produkcji ruroci\u0105g\u00f3w \/ instalacji ci\u015bnieniowych \u2014 znalaz\u0142a si\u0119 w gronie polskich firm, kt\u00f3re obecnie przygotowuj\u0105 si\u0119 do wsp\u00f3\u0142pracy przy planowanej budowie pierwszej elektrowni J\u0105drowej AP 1000 przez konsorcjum Westinghouse Electric Company oraz Bechtel Global Corporation. [&hellip;]<\/p>\n","protected":false},"author":1,"featured_media":0,"parent":2596,"menu_order":0,"comment_status":"closed","ping_status":"closed","template":"","meta":{"_gspb_post_css":"","_uag_custom_page_level_css":"","iawp_total_views":20,"footnotes":""},"class_list":["post-1942","page","type-page","status-publish","hentry"],"blocksy_meta":[],"featured_image_src":null,"uagb_featured_image_src":{"full":false,"thumbnail":false,"medium":false,"medium_large":false,"large":false,"1536x1536":false,"2048x2048":false,"trp-custom-language-flag":false},"uagb_author_info":{"display_name":"Chemar Ruroci\u0105gi","author_link":"https:\/\/www.chemar-piping.pl\/en\/author\/michpaj\/"},"uagb_comment_info":0,"uagb_excerpt":"Ruroci\u0105gi dla Energetyki J\u0105drowej Firma Chemar Ruroci\u0105gi Sp. z o.o. dzi\u0119ki swojemu do\u015bwiadczeniu w energetyce, solidnym zapleczu technicznemu, certyfikatom i produkcji ruroci\u0105g\u00f3w \/ instalacji ci\u015bnieniowych \u2014 znalaz\u0142a si\u0119 w gronie polskich firm, kt\u00f3re obecnie przygotowuj\u0105 si\u0119 do wsp\u00f3\u0142pracy przy planowanej budowie pierwszej elektrowni J\u0105drowej AP 1000 przez konsorcjum Westinghouse Electric Company oraz Bechtel Global Corporation.&hellip;","_links":{"self":[{"href":"https:\/\/www.chemar-piping.pl\/en\/wp-json\/wp\/v2\/pages\/1942","targetHints":{"allow":["GET"]}}],"collection":[{"href":"https:\/\/www.chemar-piping.pl\/en\/wp-json\/wp\/v2\/pages"}],"about":[{"href":"https:\/\/www.chemar-piping.pl\/en\/wp-json\/wp\/v2\/types\/page"}],"author":[{"embeddable":true,"href":"https:\/\/www.chemar-piping.pl\/en\/wp-json\/wp\/v2\/users\/1"}],"replies":[{"embeddable":true,"href":"https:\/\/www.chemar-piping.pl\/en\/wp-json\/wp\/v2\/comments?post=1942"}],"version-history":[{"count":18,"href":"https:\/\/www.chemar-piping.pl\/en\/wp-json\/wp\/v2\/pages\/1942\/revisions"}],"predecessor-version":[{"id":4721,"href":"https:\/\/www.chemar-piping.pl\/en\/wp-json\/wp\/v2\/pages\/1942\/revisions\/4721"}],"up":[{"embeddable":true,"href":"https:\/\/www.chemar-piping.pl\/en\/wp-json\/wp\/v2\/pages\/2596"}],"wp:attachment":[{"href":"https:\/\/www.chemar-piping.pl\/en\/wp-json\/wp\/v2\/media?parent=1942"}],"curies":[{"name":"wp","href":"https:\/\/api.w.org\/{rel}","templated":true}]}}