{"id":1997,"date":"2024-07-17T08:10:39","date_gmt":"2024-07-17T08:10:39","guid":{"rendered":"http:\/\/wwwnowa.chemar-piping.pl\/?page_id=1997"},"modified":"2025-10-28T13:17:32","modified_gmt":"2025-10-28T12:17:32","slug":"dofinansowanie-ze-srodkow-funduszu-ubezpieczen-spolecznych","status":"publish","type":"page","link":"https:\/\/www.chemar-piping.pl\/en\/dofinansowanie-ze-srodkow-funduszu-ubezpieczen-spolecznych\/","title":{"rendered":"Co-financing from the Social Insurance Fund"},"content":{"rendered":"<div class=\"wp-block-stackable-columns alignfull stk-block-columns stk-block stk-579b117 stk-block-background stk--has-background-overlay\" data-block-id=\"579b117\"><style>.stk-579b117 {background-color:var(--theme-palette-color-3, #38454A) !important;background-image:url(http:\/\/www.chemar-piping.pl\/wp-content\/uploads\/2024\/09\/download-4-e1725958653223-1.png) !important;min-height:175px !important;padding-top:26px !important;padding-bottom:43px !important;margin-bottom:0px !important;}.stk-579b117:before{background-color:var(--theme-palette-color-3, #38454A) !important;opacity:0.7 !important;}@media screen and (max-width:999px){.stk-579b117 {padding-top:80px !important;padding-bottom:80px !important;}}@media screen and (max-width:689px){.stk-579b117 {padding-top:60px !important;padding-bottom:60px !important;}}<\/style><div class=\"stk-row stk-inner-blocks stk-block-content stk-content-align stk-579b117-column\">\n<div class=\"wp-block-stackable-column stk-block-column stk-column stk-block stk-f8a03ee\" data-v=\"4\" data-block-id=\"f8a03ee\"><div class=\"stk-column-wrapper stk-block-column__content stk-container stk-f8a03ee-container stk--no-background stk--no-padding\"><div class=\"stk-block-content stk-inner-blocks stk-f8a03ee-inner-blocks\">\n<div class=\"wp-block-uagb-container uagb-layout-flex uagb-block-b89157ef alignfull uagb-is-root-container\"><div class=\"uagb-container-inner-blocks-wrap\">\n<h2 class=\"wp-block-heading\" id=\"rurociagi-1\" style=\"font-size:clamp(24.034px, 1.502rem + ((1vw - 3.2px) * 1.247), 40px);letter-spacing:0.01px\"><span style=\"color: #ffffff;\" class=\"stk-highlight\">Co-financing from the Social Insurance Fund<\/span><\/h2>\n\n\n\n<div class=\"wp-block-stackable-divider stk-block-divider stk-block stk-227f16c\" data-block-id=\"227f16c\"><style>.stk-227f16c hr.stk-block-divider__hr{background:var(--theme-palette-color-8, #ffffff) !important;height:4px !important;width:100% !important;}.stk-227f16c {margin-bottom:0px !important;top:-44px !important;}<\/style><hr class=\"stk-block-divider__hr\"\/><\/div>\n<\/div><\/div>\n<\/div><\/div><\/div>\n<\/div><\/div>\n\n\n\n<div class=\"wp-block-stackable-columns stk-block-columns stk-block stk-bb26713 animated fadeInUp\" data-block-id=\"bb26713\"><div class=\"stk-row stk-inner-blocks stk-block-content stk-content-align stk-bb26713-column\">\n<div class=\"wp-block-stackable-column stk-block-column stk-column stk-block stk-70c221d\" data-v=\"4\" data-block-id=\"70c221d\"><div class=\"stk-column-wrapper stk-block-column__content stk-container stk-70c221d-container stk--no-background stk--no-padding\"><div class=\"stk-block-content stk-inner-blocks stk-70c221d-inner-blocks\">\n<div class=\"wp-block-uagb-container uagb-block-832b3ea2 alignfull uagb-is-root-container\"><div class=\"uagb-container-inner-blocks-wrap\">\n<div class=\"wp-block-uagb-container uagb-block-1d291b44\">\n<figure class=\"wp-block-image size-large is-resized\"><img loading=\"lazy\" decoding=\"async\" width=\"1024\" height=\"640\" src=\"http:\/\/www.chemar-piping.pl\/wp-content\/uploads\/2024\/07\/flaga-Polski-1-1024x640.png\" alt=\"\" class=\"wp-image-2229\" style=\"width:400px\" srcset=\"https:\/\/www.chemar-piping.pl\/wp-content\/uploads\/2024\/07\/flaga-Polski-1-1024x640.png 1024w, https:\/\/www.chemar-piping.pl\/wp-content\/uploads\/2024\/07\/flaga-Polski-1-300x188.png 300w, https:\/\/www.chemar-piping.pl\/wp-content\/uploads\/2024\/07\/flaga-Polski-1-768x480.png 768w, https:\/\/www.chemar-piping.pl\/wp-content\/uploads\/2024\/07\/flaga-Polski-1-1536x960.png 1536w, https:\/\/www.chemar-piping.pl\/wp-content\/uploads\/2024\/07\/flaga-Polski-1.png 1600w\" sizes=\"auto, (max-width: 1024px) 100vw, 1024px\" \/><\/figure>\n<\/div>\n\n\n\n<div class=\"wp-block-uagb-container uagb-block-6b9aa998\">\n<figure class=\"wp-block-image alignright size-full is-resized\"><img loading=\"lazy\" decoding=\"async\" width=\"207\" height=\"244\" src=\"http:\/\/www.chemar-piping.pl\/wp-content\/uploads\/2024\/07\/Godlo.png\" alt=\"\" class=\"wp-image-2228\" style=\"width:223px;height:auto\"\/><\/figure>\n<\/div>\n<\/div><\/div>\n<\/div><\/div><\/div>\n<\/div><\/div>\n\n\n\n<div class=\"wp-block-uagb-container animated fadeInUp uagb-block-58bceea4 default uagb-is-root-container\">\n<div class=\"wp-block-stackable-text stk-block-text stk-block stk-60b006a\" data-block-id=\"60b006a\"><style>.stk-60b006a {margin-bottom:0px !important;}.stk-60b006a .stk-block-text__text{font-size:20px !important;}@media screen and (max-width:999px){.stk-60b006a .stk-block-text__text{font-size:20px !important;}}<\/style><p class=\"stk-block-text__text\"><strong>On March 25, 2023, Chemar Ruroci\u0105gi with its registered office in Kielce signed an agreement No. 2023-W1-0962 with the Social Insurance Institution (ZUS) for co-financing the implementation of the project entitled:<\/strong><\/p><\/div>\n<\/div>\n\n\n\n<div class=\"wp-block-uagb-container animated fadeInUp uagb-block-7ac85969 default uagb-is-root-container\">\n<p class=\"has-text-align-center has-large-font-size\"><strong><em>\u201e&quot;REDUCING THE NEGATIVE IMPACT OF WORK ENVIRONMENT FACTORS ON EMPLOYEES PARTICIPATING IN THE WORK PROCESS&quot;\u201d<\/em><\/strong><\/p>\n<\/div>\n\n\n\n<div class=\"wp-block-uagb-container animated fadeInUp uagb-block-428c5318 default uagb-is-root-container\">\n<div class=\"wp-block-stackable-text stk-block-text stk-block stk-020c59e\" data-block-id=\"020c59e\"><style>.stk-020c59e .stk-block-text__text{font-size:23px !important;}@media screen and (max-width:999px){.stk-020c59e .stk-block-text__text{font-size:23px !important;}}<\/style><p class=\"stk-block-text__text\"><strong>The investment is co-financed by the Social Insurance Fund as part of the project: <em>A project aimed at maintaining the ability to work throughout the entire period of professional activity.<\/em><\/strong><\/p><\/div>\n<\/div>\n\n\n\n<div class=\"wp-block-stackable-columns stk-block-columns stk-block stk-d22dbf0 animated fadeInUp\" data-block-id=\"d22dbf0\"><style>.stk-d22dbf0 {margin-bottom:40px !important;}.stk-d22dbf0-column{max-width:1050px !important;min-width:auto !important;}<\/style><div class=\"stk-row stk-inner-blocks stk-block-content stk-content-align stk-d22dbf0-column\">\n<div class=\"wp-block-stackable-column stk-block-column stk-column stk-block stk-1d2e752\" data-v=\"4\" data-block-id=\"1d2e752\"><style>.stk-1d2e752 {top:15px !important;}@media screen and (min-width:690px){.stk-1d2e752 {flex:var(--stk-flex-grow, 1) 1 calc(46.09999999999998% - var(--stk-column-gap, 0px) * 4 \/ 5 ) !important;}}<\/style><div class=\"stk-column-wrapper stk-block-column__content stk-container stk-1d2e752-container stk--no-background stk--no-padding\"><div class=\"stk-block-content stk-inner-blocks stk-1d2e752-inner-blocks\">\n<p class=\"has-palette-color-1-color has-text-color has-link-color wp-elements-997a20437a21e411abe63a567656d1c8\" style=\"padding-top:0px;font-size:clamp(20px, 1.25rem + ((1vw - 3.2px) * 0.938), 32px);font-style:normal;font-weight:800\"><strong>Total value of the task:<\/strong><\/p>\n\n\n\n<p class=\"has-palette-color-1-color has-text-color has-link-color wp-elements-dd7582c2e70c910641e1e8dbaa2c3510\" style=\"padding-top:20px;padding-bottom:0;font-size:clamp(20px, 1.25rem + ((1vw - 3.2px) * 0.938), 32px);font-style:normal;font-weight:800\"><strong>Funding value:<\/strong><\/p>\n<\/div><\/div><\/div>\n\n\n\n<div class=\"wp-block-stackable-column stk-block-column stk-column stk-block stk-c3c99c1\" data-v=\"4\" data-block-id=\"c3c99c1\"><style>@media screen and (min-width:690px){.stk-c3c99c1 {flex:var(--stk-flex-grow, 1) 1 calc(32.3% - var(--stk-column-gap, 0px) * 4 \/ 5 ) !important;}}<\/style><div class=\"stk-column-wrapper stk-block-column__content stk-container stk-c3c99c1-container stk--no-background stk--no-padding\"><div class=\"stk-block-content stk-inner-blocks stk-c3c99c1-inner-blocks\">\n<div class=\"wp-block-greenshift-blocks-counter gs-counterwrap gspb_counter-id-gsbp-8dedfef\"><div class=\"gs-counterdiv\"><div class=\"gs-counter\" data-start=\"0\" data-end=\"240601\" data-duration=\"2\">0<\/div><\/div><\/div>\n\n\n\n<div class=\"wp-block-greenshift-blocks-counter gs-counterwrap gspb_counter-id-gsbp-91d00ef\"><div class=\"gs-counterdiv\"><div class=\"gs-counter\" data-start=\"0\" data-end=\"192482\" data-duration=\"2\">0<\/div><\/div><\/div>\n<\/div><\/div><\/div>\n\n\n\n<div class=\"wp-block-stackable-column stk-block-column stk-column stk-block stk-85bc9f0\" data-v=\"4\" data-block-id=\"85bc9f0\"><style>@media screen and (min-width:690px){.stk-85bc9f0 {flex:var(--stk-flex-grow, 1) 1 calc(2.5% - var(--stk-column-gap, 0px) * 4 \/ 5 ) !important;}}<\/style><div class=\"stk-column-wrapper stk-block-column__content stk-container stk-85bc9f0-container stk--no-background stk--no-padding\"><div class=\"stk-block-content stk-inner-blocks stk-85bc9f0-inner-blocks\">\n<div class=\"wp-block-stackable-text stk-block-text stk-block stk-98db34b\" data-block-id=\"98db34b\"><style>.stk-98db34b {top:-46px !important;left:-10px !important;}.stk-98db34b .stk-block-text__text{font-size:94px !important;color:var(--theme-palette-color-1, #264796) !important;}@media screen and (max-width:999px){.stk-98db34b .stk-block-text__text{font-size:50px !important;}}<\/style><p class=\"stk-block-text__text has-text-color\">,<\/p><\/div>\n<\/div><\/div><\/div>\n\n\n\n<div class=\"wp-block-stackable-column stk-block-column stk-column stk-block stk-d438bad\" data-v=\"4\" data-block-id=\"d438bad\"><style>@media screen and (min-width:690px){.stk-d438bad {flex:var(--stk-flex-grow, 1) 1 calc(9.2% - var(--stk-column-gap, 0px) * 4 \/ 5 ) !important;}}<\/style><div class=\"stk-column-wrapper stk-block-column__content stk-container stk-d438bad-container stk--no-background stk--no-padding\"><div class=\"stk-block-content stk-inner-blocks stk-d438bad-inner-blocks\">\n<div class=\"wp-block-greenshift-blocks-counter gs-counterwrap gspb_counter-id-gsbp-fefee72\"><div class=\"gs-counterdiv\"><div class=\"gs-counter\" data-start=\"0\" data-end=\"60\" data-duration=\"2\">0<\/div><\/div><\/div>\n\n\n\n<div class=\"wp-block-stackable-text stk-block-text stk-block stk-8bee041\" data-block-id=\"8bee041\"><style>.stk-8bee041 {top:115px !important;left:-26px !important;}.stk-8bee041 .stk-block-text__text{font-size:68px !important;color:var(--theme-palette-color-1, #264796) !important;}@media screen and (max-width:999px){.stk-8bee041 .stk-block-text__text{font-size:50px !important;}}<\/style><p class=\"stk-block-text__text has-text-color\">z\u0142<\/p><\/div>\n<\/div><\/div><\/div>\n\n\n\n<div class=\"wp-block-stackable-column stk-block-column stk-column stk-block stk-6b4dabb\" data-v=\"4\" data-block-id=\"6b4dabb\"><style>@media screen and (min-width:690px){.stk-6b4dabb {flex:var(--stk-flex-grow, 1) 1 calc(9.9% - var(--stk-column-gap, 0px) * 4 \/ 5 ) !important;}}<\/style><div class=\"stk-column-wrapper stk-block-column__content stk-container stk-6b4dabb-container stk--no-background stk--no-padding\"><div class=\"stk-block-content stk-inner-blocks stk-6b4dabb-inner-blocks\">\n<div class=\"wp-block-stackable-text stk-block-text stk-block stk-00155ae\" data-block-id=\"00155ae\"><style>.stk-00155ae {top:-17px !important;left:-12px !important;}.stk-00155ae .stk-block-text__text{font-size:68px !important;color:var(--theme-palette-color-1, #264796) !important;}@media screen and (max-width:999px){.stk-00155ae .stk-block-text__text{font-size:50px !important;}}<\/style><p class=\"stk-block-text__text has-text-color\">z\u0142<\/p><\/div>\n<\/div><\/div><\/div>\n<\/div><\/div>\n\n\n\n<div class=\"wp-block-uagb-container animated fadeInUp uagb-block-6e3251b5 default uagb-is-root-container\">\n<div class=\"wp-block-stackable-text stk-block-text stk-block stk-1d7f8ea\" data-block-id=\"1d7f8ea\"><style>.stk-1d7f8ea .stk-block-text__text{font-size:23px !important;}@media screen and (max-width:999px){.stk-1d7f8ea .stk-block-text__text{font-size:23px !important;}}<\/style><p class=\"stk-block-text__text\"><strong>The main objective of the project is to improve occupational health and safety at the plant through the purchase of three filtering and ventilation systems with functions that limit the concentration of harmful substances in the air, eliminating the risk of respiratory diseases and cancer among employees, while improving work comfort.<\/strong><\/p><\/div>\n<\/div>\n\n\n\n<p><\/p>","protected":false},"excerpt":{"rendered":"<p>Dofinansowanie ze \u015arodk\u00f3w Funduszu Ubezpiecze\u0144 Spo\u0142ecznych W dniu 25 marca 2023 roku Sp\u00f3\u0142ka Chemar Ruroci\u0105gi z siedzib\u0105 w Kielcach podpisa\u0142a umow\u0119 nr 2023-W1-0962 z Zak\u0142adem Ubezpiecze\u0144 Spo\u0142ecznych o dofinansowanie realizacji projektu pod tytu\u0142em: \u201eOGRANICZENIE NEGATYWNEGO WP\u0141YWU CZYNNIK\u00d3W \u015aRODOWISKA PRACY NA PRACOWNIK\u00d3W UCZESTNICZ\u0104CYCH W PROCESIE PRACY\u201d Inwestycja dofinansowana jest \u015brodk\u00f3w Funduszu Ubezpiecze\u0144 Spo\u0142ecznych w ramach zadania: [&hellip;]<\/p>\n","protected":false},"author":1,"featured_media":0,"parent":0,"menu_order":0,"comment_status":"closed","ping_status":"closed","template":"","meta":{"_gspb_post_css":".gspb_counter-id-gsbp-8dedfef,.gspb_counter-id-gsbp-8dedfef .gs-counterwrap{display:flex;align-items:center}.gspb_counter-id-gsbp-8dedfef .gs-counterdiv{display:flex;text-align:center;flex-direction:column;justify-content:center;align-items:center}.gspb_counter-id-gsbp-8dedfef,.gspb_counter-id-gsbp-8dedfef .gs-counterwrap{justify-content:flex-end}.gspb_counter-id-gsbp-8dedfef .gs-counter,.gspb_counter-id-gsbp-8dedfef .gs-counterlabel{color:var(--wp--preset--color--palette-color-1, var(--theme-palette-color-1, #264796))}.gspb_counter-id-gsbp-8dedfef .gs-counterdiv{border-radius:5px}.gspb_counter-id-gsbp-8dedfef .gs-counter{line-height:80px;font-weight:400;margin-bottom:5px}.gspb_counter-id-gsbp-8dedfef .gs-counterlabel{font-size:16px;line-height:16px}.gspb_counter-id-gsbp-8dedfef .gs-counterdiv{min-width:200px}.gspb_counter-id-gsbp-8dedfef .gs-counter{font-size:80px}body.gspb-bodyfront .gspb_counter-id-gsbp-8dedfef .gs-counterdiv{position:absolute;top:-6px;left:4.037267080745342%}.gspb_counter-id-gsbp-8dedfef .gs-counterdiv{transform:translateX(0) translateY(0)}.gspb_counter-id-gsbp-91d00ef,.gspb_counter-id-gsbp-91d00ef .gs-counterwrap{display:flex;align-items:center}.gspb_counter-id-gsbp-91d00ef .gs-counterdiv{display:flex;text-align:center;flex-direction:column;justify-content:center;align-items:center}.gspb_counter-id-gsbp-91d00ef .gs-counter{color:var(--wp--preset--color--palette-color-1, var(--theme-palette-color-1, #264796))}.gspb_counter-id-gsbp-91d00ef .gs-counterdiv{border-radius:5px}.gspb_counter-id-gsbp-91d00ef .gs-counter{font-size:80px;line-height:80px;font-weight:400;margin-bottom:5px}.gspb_counter-id-gsbp-91d00ef .gs-counterlabel{font-size:16px;line-height:16px}.gspb_counter-id-gsbp-91d00ef .gs-counterdiv{min-width:200px}body.gspb-bodyfront .gspb_counter-id-gsbp-91d00ef .gs-counterdiv{position:absolute;top:127px;left:3.939393939393939%}.gspb_counter-id-gsbp-fefee72,.gspb_counter-id-gsbp-fefee72 .gs-counterwrap{display:flex;align-items:center}.gspb_counter-id-gsbp-fefee72 .gs-counterdiv{display:flex;text-align:center;flex-direction:column;justify-content:center;align-items:center}.gspb_counter-id-gsbp-fefee72 .gs-counter{color:var(--wp--preset--color--palette-color-1, var(--theme-palette-color-1, #264796))}.gspb_counter-id-gsbp-fefee72 .gs-counterdiv{border-radius:5px}.gspb_counter-id-gsbp-fefee72 .gs-counter{font-size:80px;line-height:80px;font-weight:400;margin-bottom:5px}.gspb_counter-id-gsbp-fefee72 .gs-counterlabel{font-size:16px;line-height:16px}.gspb_counter-id-gsbp-fefee72 .gs-counterdiv{min-width:200px}body.gspb-bodyfront .gspb_counter-id-gsbp-fefee72 .gs-counterdiv{position:absolute;top:-5px;left:-75.90361445783132%}","_uag_custom_page_level_css":"","iawp_total_views":3,"footnotes":""},"class_list":["post-1997","page","type-page","status-publish","hentry"],"blocksy_meta":[],"featured_image_src":null,"uagb_featured_image_src":{"full":false,"thumbnail":false,"medium":false,"medium_large":false,"large":false,"1536x1536":false,"2048x2048":false,"trp-custom-language-flag":false},"uagb_author_info":{"display_name":"Chemar Ruroci\u0105gi","author_link":"https:\/\/www.chemar-piping.pl\/en\/author\/michpaj\/"},"uagb_comment_info":0,"uagb_excerpt":"Dofinansowanie ze \u015arodk\u00f3w Funduszu Ubezpiecze\u0144 Spo\u0142ecznych W dniu 25 marca 2023 roku Sp\u00f3\u0142ka Chemar Ruroci\u0105gi z siedzib\u0105 w Kielcach podpisa\u0142a umow\u0119 nr 2023-W1-0962 z Zak\u0142adem Ubezpiecze\u0144 Spo\u0142ecznych o dofinansowanie realizacji projektu pod tytu\u0142em: \u201eOGRANICZENIE NEGATYWNEGO WP\u0141YWU CZYNNIK\u00d3W \u015aRODOWISKA PRACY NA PRACOWNIK\u00d3W UCZESTNICZ\u0104CYCH W PROCESIE PRACY\u201d Inwestycja dofinansowana jest \u015brodk\u00f3w Funduszu Ubezpiecze\u0144 Spo\u0142ecznych w ramach zadania:&hellip;","_links":{"self":[{"href":"https:\/\/www.chemar-piping.pl\/en\/wp-json\/wp\/v2\/pages\/1997","targetHints":{"allow":["GET"]}}],"collection":[{"href":"https:\/\/www.chemar-piping.pl\/en\/wp-json\/wp\/v2\/pages"}],"about":[{"href":"https:\/\/www.chemar-piping.pl\/en\/wp-json\/wp\/v2\/types\/page"}],"author":[{"embeddable":true,"href":"https:\/\/www.chemar-piping.pl\/en\/wp-json\/wp\/v2\/users\/1"}],"replies":[{"embeddable":true,"href":"https:\/\/www.chemar-piping.pl\/en\/wp-json\/wp\/v2\/comments?post=1997"}],"version-history":[{"count":45,"href":"https:\/\/www.chemar-piping.pl\/en\/wp-json\/wp\/v2\/pages\/1997\/revisions"}],"predecessor-version":[{"id":4653,"href":"https:\/\/www.chemar-piping.pl\/en\/wp-json\/wp\/v2\/pages\/1997\/revisions\/4653"}],"wp:attachment":[{"href":"https:\/\/www.chemar-piping.pl\/en\/wp-json\/wp\/v2\/media?parent=1997"}],"curies":[{"name":"wp","href":"https:\/\/api.w.org\/{rel}","templated":true}]}}