{"id":2000,"date":"2024-07-17T08:11:18","date_gmt":"2024-07-17T08:11:18","guid":{"rendered":"http:\/\/wwwnowa.chemar-piping.pl\/?page_id=2000"},"modified":"2024-09-10T14:14:01","modified_gmt":"2024-09-10T12:14:01","slug":"dofinansowanie-ze-srodkow-europejskiego-funduszu-rozwoju-regionalnego","status":"publish","type":"page","link":"https:\/\/www.chemar-piping.pl\/en\/dofinansowanie-ze-srodkow-europejskiego-funduszu-rozwoju-regionalnego\/","title":{"rendered":"Dofinansowanie ze \u015arodk\u00f3w Europejskiego Funduszu Rozwoju Regionalnego"},"content":{"rendered":"<div class=\"wp-block-stackable-columns alignfull stk-block-columns stk-block stk-579b117 stk-block-background stk--has-background-overlay\" data-block-id=\"579b117\"><style>.stk-579b117{background-color:var(--theme-palette-color-3,#38454A) !important;background-image:url(http:\/\/www.chemar-piping.pl\/wp-content\/uploads\/2024\/09\/download-4-e1725958653223-1.png) !important;min-height:175px !important;padding-top:26px !important;padding-bottom:43px !important;margin-bottom:0px !important}.stk-579b117:before{background-color:var(--theme-palette-color-3,#38454A) !important;opacity:0.7 !important}@media screen and (max-width:999px){.stk-579b117{padding-top:80px !important;padding-bottom:80px !important}}@media screen and (max-width:689px){.stk-579b117{padding-top:60px !important;padding-bottom:60px !important}}<\/style><div class=\"stk-row stk-inner-blocks stk-block-content stk-content-align stk-579b117-column\">\n<div class=\"wp-block-stackable-column stk-block-column stk-column stk-block stk-f8a03ee\" data-v=\"4\" data-block-id=\"f8a03ee\"><div class=\"stk-column-wrapper stk-block-column__content stk-container stk-f8a03ee-container stk--no-background stk--no-padding\"><div class=\"stk-block-content stk-inner-blocks stk-f8a03ee-inner-blocks\">\n<div class=\"wp-block-uagb-container uagb-layout-flex uagb-block-b89157ef alignfull uagb-is-root-container\"><div class=\"uagb-container-inner-blocks-wrap\">\n<h2 class=\"wp-block-heading\" id=\"rurociagi-1\" style=\"font-size:clamp(24.034px, 1.502rem + ((1vw - 3.2px) * 1.247), 40px);letter-spacing:0.01px\"><span style=\"color: #ffffff;\" class=\"stk-highlight\">Co-financing from the European Regional Development Fund<\/span><\/h2>\n\n\n\n<div class=\"wp-block-stackable-divider stk-block-divider stk-block stk-227f16c\" data-block-id=\"227f16c\"><style>.stk-227f16c{margin-bottom:0px !important;top:-44px !important}.stk-227f16c hr.stk-block-divider__hr{background:var(--theme-palette-color-8,#ffffff) !important;height:4px !important;width:100% !important}<\/style><hr class=\"stk-block-divider__hr\"\/><\/div>\n<\/div><\/div>\n<\/div><\/div><\/div>\n<\/div><\/div>\n\n\n\n<div class=\"wp-block-stackable-columns stk-block-columns stk-block stk-c2b00b8 animated fadeInUp\" data-block-id=\"c2b00b8\"><style>.stk-c2b00b8-column{max-width:1050px !important}<\/style><div class=\"stk-row stk-inner-blocks stk-block-content stk-content-align stk-c2b00b8-column\">\n<div class=\"wp-block-stackable-column stk-block-column stk-column stk-block stk-3560b04\" data-v=\"4\" data-block-id=\"3560b04\"><style>.stk-3560b04{margin-top:20px !important}<\/style><div class=\"stk-column-wrapper stk-block-column__content stk-container stk-3560b04-container stk--no-background stk--no-padding\"><div class=\"stk-block-content stk-inner-blocks stk-3560b04-inner-blocks\">\n<p style=\"font-size:clamp(14px, 0.875rem + ((1vw - 3.2px) * 0.469), 20px);\">On March 29, 2023.&nbsp;<strong>Chemar Ruroci\u0105gi Sp. z o.o.<\/strong>&nbsp;signed Agreement No. IR-XI-M\u015aP\/VI\/839\/2023 with&nbsp;<strong>Demand System Operator \u2013 Marshal&#039;s Office of the \u015awi\u0119tokrzyskie Voivodeship<\/strong>&nbsp;for a specialized consulting service&nbsp;<strong><em>\u201e&quot;Developing a roadmap \u2013 a plan for the company&#039;s digital transformation towards Industry 4.0.&quot;.<\/em><\/strong><\/p>\n<\/div><\/div><\/div>\n<\/div><\/div>\n\n\n\n<div class=\"wp-block-stackable-columns stk-block-columns stk-block stk-771679d animated fadeInUp\" data-block-id=\"771679d\"><style>.stk-771679d-column{max-width:1050px !important}<\/style><div class=\"stk-row stk-inner-blocks stk-block-content stk-content-align stk-771679d-column\">\n<div class=\"wp-block-stackable-column stk-block-column stk-column stk-block stk-cec7a37\" data-v=\"4\" data-block-id=\"cec7a37\"><style>@media screen and (min-width:690px){.stk-cec7a37{flex:var(--stk-flex-grow,1) 1 calc(70% - var(--stk-column-gap,0px) * 1 \/ 2 ) !important}}<\/style><div class=\"stk-column-wrapper stk-block-column__content stk-container stk-cec7a37-container stk--no-background stk--no-padding\"><div class=\"stk-block-content stk-inner-blocks stk-cec7a37-inner-blocks\">\n<div class=\"wp-block-stackable-text stk-block-text stk-block stk-6f18499\" data-block-id=\"6f18499\"><style>.stk-6f18499{margin-bottom:49px !important;top:42px !important}.stk-6f18499 .stk-block-text__text{font-size:20px !important}@media screen and (max-width:999px){.stk-6f18499 .stk-block-text__text{font-size:20px !important}}<\/style><p class=\"stk-block-text__text\">Voucher for the purchase of a consulting service financed from the project entitled:<em>&nbsp;<strong>\u201e&quot;Demand-Driven Innovation System \u2013 development of SMEs in the \u015awi\u0119tokrzyskie region through professional consulting services&quot;\u201d<\/strong><\/em>&nbsp;as part of the Regional Operational Programme of the \u015awi\u0119tokrzyskie Voivodeship for 2014-2020.<\/p><\/div>\n\n\n\n<div class=\"wp-block-stackable-text stk-block-text stk-block stk-3a2c682\" data-block-id=\"3a2c682\"><style>.stk-3a2c682 .stk-block-text__text{font-size:20px !important}@media screen and (max-width:999px){.stk-3a2c682 .stk-block-text__text{font-size:20px !important}}<\/style><p class=\"stk-block-text__text\">The purpose of the service is to prepare the Company&nbsp;<strong>Chemar Ruroci\u0105gi Sp. z o.o.<\/strong>&nbsp;to the process of changing the management system used and implementing modern information and communication technologies.<\/p><\/div>\n\n\n\n<div class=\"wp-block-stackable-text stk-block-text stk-block stk-205460c\" data-block-id=\"205460c\"><style>.stk-205460c .stk-block-text__text{font-size:20px !important}@media screen and (max-width:999px){.stk-205460c .stk-block-text__text{font-size:20px !important}}<\/style><p class=\"stk-block-text__text\">Completion date:&nbsp;<strong>March-September 2023.<\/strong><\/p><\/div>\n<\/div><\/div><\/div>\n\n\n\n<div class=\"wp-block-stackable-column stk-block-column stk-column stk-block stk-91f2f20\" data-v=\"4\" data-block-id=\"91f2f20\"><style>@media screen and (min-width:690px){.stk-91f2f20{flex:var(--stk-flex-grow,1) 1 calc(30% - var(--stk-column-gap,0px) * 1 \/ 2 ) !important}}<\/style><div class=\"stk-column-wrapper stk-block-column__content stk-container stk-91f2f20-container stk--no-background stk--no-padding\"><div class=\"stk-block-content stk-inner-blocks stk-91f2f20-inner-blocks\">\n<figure class=\"wp-block-gallery has-nested-images columns-default is-cropped wp-block-gallery-1 is-layout-flex wp-block-gallery-is-layout-flex\">\n<figure class=\"wp-block-image size-large\"><a href=\"http:\/\/www.chemar-piping.pl\/wp-content\/uploads\/2024\/07\/voucher_pl.jpg\" data-rel=\"lightbox-gallery-zsc39BFt\" data-rl_title=\"\" data-rl_caption=\"\" title=\"\"><img loading=\"lazy\" decoding=\"async\" width=\"540\" height=\"720\" data-id=\"2259\" src=\"http:\/\/www.chemar-piping.pl\/wp-content\/uploads\/2024\/07\/voucher_pl.jpg\" alt=\"\" class=\"wp-image-2259\" srcset=\"https:\/\/www.chemar-piping.pl\/wp-content\/uploads\/2024\/07\/voucher_pl.jpg 540w, https:\/\/www.chemar-piping.pl\/wp-content\/uploads\/2024\/07\/voucher_pl-225x300.jpg 225w, https:\/\/www.chemar-piping.pl\/wp-content\/uploads\/2024\/07\/voucher_pl-9x12.jpg 9w\" sizes=\"auto, (max-width: 540px) 100vw, 540px\" \/><\/a><\/figure>\n<\/figure>\n<\/div><\/div><\/div>\n<\/div><\/div>\n\n\n\n<p><\/p>","protected":false},"excerpt":{"rendered":"<p>Dofinansowanie ze \u015brodk\u00f3w Europejskiego Funduszu Rozwoju Regionalnego W dniu 29.03.2023 r.&nbsp;Chemar Ruroci\u0105gi Sp. z o.o.&nbsp;podpisa\u0142 Umow\u0119 nr IR-XI-M\u015aP\/VI\/839\/2023 z&nbsp;Operatorem Systemu Popytowego &#8211; Urz\u0119dem Marsza\u0142kowskim Wojew\u00f3dztwa \u015awi\u0119tokrzyskiego&nbsp;na specjalistyczn\u0105 us\u0142ug\u0119 doradcz\u0105&nbsp;\u201eOpracowanie mapy drogowej &#8211; planu transformacji cyfrowej firmy w kierunku Przemys\u0142u 4.0\u201d. Voucher na zakup us\u0142ugi doradczej finansowany z projektu pn.:&nbsp;\u201ePopytowy System Innowacji &#8211; rozw\u00f3j M\u015aP w [&hellip;]<\/p>\n","protected":false},"author":1,"featured_media":0,"parent":0,"menu_order":0,"comment_status":"closed","ping_status":"closed","template":"","meta":{"_gspb_post_css":"","_uag_custom_page_level_css":"","iawp_total_views":10,"footnotes":""},"class_list":["post-2000","page","type-page","status-publish","hentry"],"blocksy_meta":[],"featured_image_src":null,"uagb_featured_image_src":{"full":false,"thumbnail":false,"medium":false,"medium_large":false,"large":false,"1536x1536":false,"2048x2048":false,"trp-custom-language-flag":false},"uagb_author_info":{"display_name":"Chemar Ruroci\u0105gi","author_link":"https:\/\/www.chemar-piping.pl\/en\/author\/michpaj\/"},"uagb_comment_info":0,"uagb_excerpt":"Dofinansowanie ze \u015brodk\u00f3w Europejskiego Funduszu Rozwoju Regionalnego W dniu 29.03.2023 r.&nbsp;Chemar Ruroci\u0105gi Sp. z o.o.&nbsp;podpisa\u0142 Umow\u0119 nr IR-XI-M\u015aP\/VI\/839\/2023 z&nbsp;Operatorem Systemu Popytowego &#8211; Urz\u0119dem Marsza\u0142kowskim Wojew\u00f3dztwa \u015awi\u0119tokrzyskiego&nbsp;na specjalistyczn\u0105 us\u0142ug\u0119 doradcz\u0105&nbsp;\u201eOpracowanie mapy drogowej &#8211; planu transformacji cyfrowej firmy w kierunku Przemys\u0142u 4.0\u201d. Voucher na zakup us\u0142ugi doradczej finansowany z projektu pn.:&nbsp;\u201ePopytowy System Innowacji &#8211; rozw\u00f3j M\u015aP w&hellip;","_links":{"self":[{"href":"https:\/\/www.chemar-piping.pl\/en\/wp-json\/wp\/v2\/pages\/2000","targetHints":{"allow":["GET"]}}],"collection":[{"href":"https:\/\/www.chemar-piping.pl\/en\/wp-json\/wp\/v2\/pages"}],"about":[{"href":"https:\/\/www.chemar-piping.pl\/en\/wp-json\/wp\/v2\/types\/page"}],"author":[{"embeddable":true,"href":"https:\/\/www.chemar-piping.pl\/en\/wp-json\/wp\/v2\/users\/1"}],"replies":[{"embeddable":true,"href":"https:\/\/www.chemar-piping.pl\/en\/wp-json\/wp\/v2\/comments?post=2000"}],"version-history":[{"count":15,"href":"https:\/\/www.chemar-piping.pl\/en\/wp-json\/wp\/v2\/pages\/2000\/revisions"}],"predecessor-version":[{"id":3359,"href":"https:\/\/www.chemar-piping.pl\/en\/wp-json\/wp\/v2\/pages\/2000\/revisions\/3359"}],"wp:attachment":[{"href":"https:\/\/www.chemar-piping.pl\/en\/wp-json\/wp\/v2\/media?parent=2000"}],"curies":[{"name":"wp","href":"https:\/\/api.w.org\/{rel}","templated":true}]}}