{"id":2006,"date":"2024-07-17T08:14:02","date_gmt":"2024-07-17T08:14:02","guid":{"rendered":"http:\/\/wwwnowa.chemar-piping.pl\/?page_id=2006"},"modified":"2024-09-10T14:15:24","modified_gmt":"2024-09-10T12:15:24","slug":"dofinansowanie-z-ministerstwa-klimatu-i-srodowiska-i-wojewodzkiego-funduszu-ochrony-srodowiska-i-gospodarki-wodnej-w-kielcach","status":"publish","type":"page","link":"https:\/\/www.chemar-piping.pl\/en\/dofinansowanie-z-ministerstwa-klimatu-i-srodowiska-i-wojewodzkiego-funduszu-ochrony-srodowiska-i-gospodarki-wodnej-w-kielcach\/","title":{"rendered":"Funding from the Ministry of Climate and Environment and the Provincial Fund for Environmental Protection and Water Management in Kielce"},"content":{"rendered":"<div class=\"wp-block-stackable-columns alignfull stk-block-columns stk-block stk-579b117 stk-block-background stk--has-background-overlay\" data-block-id=\"579b117\"><style>.stk-579b117{background-color:var(--theme-palette-color-3,#38454A) !important;background-image:url(http:\/\/www.chemar-piping.pl\/wp-content\/uploads\/2024\/09\/download-4-e1725958653223-1.png) !important;min-height:175px !important;padding-top:26px !important;padding-bottom:43px !important;margin-bottom:0px !important}.stk-579b117:before{background-color:var(--theme-palette-color-3,#38454A) !important;opacity:0.7 !important}@media screen and (max-width:999px){.stk-579b117{padding-top:80px !important;padding-bottom:80px !important}}@media screen and (max-width:689px){.stk-579b117{padding-top:60px !important;padding-bottom:60px !important}}<\/style><div class=\"stk-row stk-inner-blocks stk-block-content stk-content-align stk-579b117-column\">\n<div class=\"wp-block-stackable-column stk-block-column stk-column stk-block stk-f8a03ee\" data-v=\"4\" data-block-id=\"f8a03ee\"><div class=\"stk-column-wrapper stk-block-column__content stk-container stk-f8a03ee-container stk--no-background stk--no-padding\"><div class=\"stk-block-content stk-inner-blocks stk-f8a03ee-inner-blocks\">\n<div class=\"wp-block-uagb-container uagb-layout-flex uagb-block-b89157ef alignfull uagb-is-root-container\"><div class=\"uagb-container-inner-blocks-wrap\">\n<h2 class=\"wp-block-heading\" id=\"rurociagi-1\" style=\"margin-right:0;margin-left:0;font-size:clamp(20px, 1.25rem + ((1vw - 3.2px) * 0.938), 32px);letter-spacing:0.01px\"><span style=\"color: #ffffff;\" class=\"stk-highlight\">Funding from the Ministry of Climate and Environment and the Provincial Fund for Environmental Protection and Water Management in Kielce<\/span><\/h2>\n\n\n\n<div class=\"wp-block-stackable-divider stk-block-divider stk-block stk-227f16c\" data-block-id=\"227f16c\"><style>.stk-227f16c{margin-bottom:0px !important;top:-35px !important}.stk-227f16c hr.stk-block-divider__hr{background:var(--theme-palette-color-8,#ffffff) !important;height:4px !important;width:100% !important}<\/style><hr class=\"stk-block-divider__hr\"\/><\/div>\n<\/div><\/div>\n<\/div><\/div><\/div>\n<\/div><\/div>\n\n\n\n<div class=\"wp-block-uagb-container animated fadeInUp uagb-block-c32f50b6 alignfull uagb-is-root-container\"><div class=\"uagb-container-inner-blocks-wrap\">\n<figure class=\"wp-block-gallery has-nested-images columns-default is-cropped wp-block-gallery-1 is-layout-flex wp-block-gallery-is-layout-flex\">\n<figure class=\"wp-block-image size-large\"><img loading=\"lazy\" decoding=\"async\" width=\"1024\" height=\"258\" data-id=\"2278\" src=\"http:\/\/www.chemar-piping.pl\/wp-content\/uploads\/2024\/07\/05_znak_uproszczony_kolor_biale_tlo-e1721727677545-1024x258.png\" alt=\"\" class=\"wp-image-2278\" srcset=\"https:\/\/www.chemar-piping.pl\/wp-content\/uploads\/2024\/07\/05_znak_uproszczony_kolor_biale_tlo-e1721727677545-1024x258.png 1024w, https:\/\/www.chemar-piping.pl\/wp-content\/uploads\/2024\/07\/05_znak_uproszczony_kolor_biale_tlo-e1721727677545-300x75.png 300w, https:\/\/www.chemar-piping.pl\/wp-content\/uploads\/2024\/07\/05_znak_uproszczony_kolor_biale_tlo-e1721727677545-768x193.png 768w, https:\/\/www.chemar-piping.pl\/wp-content\/uploads\/2024\/07\/05_znak_uproszczony_kolor_biale_tlo-e1721727677545-18x5.png 18w, https:\/\/www.chemar-piping.pl\/wp-content\/uploads\/2024\/07\/05_znak_uproszczony_kolor_biale_tlo-e1721727677545.png 1280w\" sizes=\"auto, (max-width: 1024px) 100vw, 1024px\" \/><\/figure>\n<\/figure>\n<\/div><\/div>\n\n\n\n<div class=\"wp-block-uagb-container animated fadeInUp uagb-layout-flex uagb-block-9acc3a30 default uagb-is-root-container\">\n<p class=\"has-text-align-center\" style=\"margin-top:5px;font-size:clamp(17.905px, 1.119rem + ((1vw - 3.2px) * 0.789), 28px);\"><strong><em>\u201e&quot;Improving energy efficiency by thermal modernization of an office, social and production building and obtaining energy from a photovoltaic installation&quot;\u201d<\/em><\/strong><\/p>\n<\/div>\n\n\n\n<div class=\"wp-block-uagb-container animated fadeInUp uagb-block-e63d0d4e default uagb-is-root-container\">\n<p style=\"margin-top:8px;margin-bottom:8px;font-size:clamp(14.082px, 0.88rem + ((1vw - 3.2px) * 0.54), 21px);\">thanks to the support&nbsp;<strong>Ministry of Climate and Environment and the Provincial Fund for Environmental Protection and Water Management in Kielce<\/strong>, in the form of a preferential loan, in the amount&nbsp;<strong>2,782,776.75 PLN<\/strong>.<\/p>\n<\/div>\n\n\n\n<div class=\"wp-block-uagb-container animated fadeInUp uagb-block-30843bf5 alignfull uagb-is-root-container\"><div class=\"uagb-container-inner-blocks-wrap\">\n<figure class=\"wp-block-gallery has-nested-images columns-default is-cropped wp-block-gallery-2 is-layout-flex wp-block-gallery-is-layout-flex\">\n<figure class=\"wp-block-image size-large\"><img loading=\"lazy\" decoding=\"async\" width=\"980\" height=\"200\" data-id=\"2280\" src=\"http:\/\/www.chemar-piping.pl\/wp-content\/uploads\/2024\/07\/logo-dof.png\" alt=\"\" class=\"wp-image-2280\" srcset=\"https:\/\/www.chemar-piping.pl\/wp-content\/uploads\/2024\/07\/logo-dof.png 980w, https:\/\/www.chemar-piping.pl\/wp-content\/uploads\/2024\/07\/logo-dof-300x61.png 300w, https:\/\/www.chemar-piping.pl\/wp-content\/uploads\/2024\/07\/logo-dof-768x157.png 768w, https:\/\/www.chemar-piping.pl\/wp-content\/uploads\/2024\/07\/logo-dof-18x4.png 18w\" sizes=\"auto, (max-width: 980px) 100vw, 980px\" \/><\/figure>\n<\/figure>\n<\/div><\/div>\n\n\n\n<p><\/p>","protected":false},"excerpt":{"rendered":"<p>Dofinansowanie z Ministerstwa Klimatu i \u015arodowiska i Wojew\u00f3dzkiego Funduszu Ochrony \u015arodowiska i Gospodarki Wodnej w Kielcach \u201ePodniesienie efektywno\u015bci energetycznej poprzez przeprowadzenie termomodernizacji budynku biurowo-socjalno-produkcyjnego oraz pozyskiwanie energii z instalacji fotowoltaicznej\u201d dzi\u0119ki wsparciu&nbsp;Ministerstwa Klimatu i \u015arodowiska i Wojew\u00f3dzkiego Funduszu Ochrony \u015arodowiska i Gospodarki Wodnej w Kielcach, w formie po\u017cyczki preferencyjnej, w kwocie&nbsp;2,782,776.75 z\u0142.<\/p>","protected":false},"author":1,"featured_media":0,"parent":0,"menu_order":0,"comment_status":"closed","ping_status":"closed","template":"","meta":{"_gspb_post_css":"","_uag_custom_page_level_css":"","iawp_total_views":7,"footnotes":""},"class_list":["post-2006","page","type-page","status-publish","hentry"],"blocksy_meta":[],"featured_image_src":null,"uagb_featured_image_src":{"full":false,"thumbnail":false,"medium":false,"medium_large":false,"large":false,"1536x1536":false,"2048x2048":false,"trp-custom-language-flag":false},"uagb_author_info":{"display_name":"Chemar Ruroci\u0105gi","author_link":"https:\/\/www.chemar-piping.pl\/en\/author\/michpaj\/"},"uagb_comment_info":0,"uagb_excerpt":"Dofinansowanie z Ministerstwa Klimatu i \u015arodowiska i Wojew\u00f3dzkiego Funduszu Ochrony \u015arodowiska i Gospodarki Wodnej w Kielcach \u201ePodniesienie efektywno\u015bci energetycznej poprzez przeprowadzenie termomodernizacji budynku biurowo-socjalno-produkcyjnego oraz pozyskiwanie energii z instalacji fotowoltaicznej\u201d dzi\u0119ki wsparciu&nbsp;Ministerstwa Klimatu i \u015arodowiska i Wojew\u00f3dzkiego Funduszu Ochrony \u015arodowiska i Gospodarki Wodnej w Kielcach, w formie po\u017cyczki preferencyjnej, w kwocie&nbsp;2,782,776.75 z\u0142.","_links":{"self":[{"href":"https:\/\/www.chemar-piping.pl\/en\/wp-json\/wp\/v2\/pages\/2006","targetHints":{"allow":["GET"]}}],"collection":[{"href":"https:\/\/www.chemar-piping.pl\/en\/wp-json\/wp\/v2\/pages"}],"about":[{"href":"https:\/\/www.chemar-piping.pl\/en\/wp-json\/wp\/v2\/types\/page"}],"author":[{"embeddable":true,"href":"https:\/\/www.chemar-piping.pl\/en\/wp-json\/wp\/v2\/users\/1"}],"replies":[{"embeddable":true,"href":"https:\/\/www.chemar-piping.pl\/en\/wp-json\/wp\/v2\/comments?post=2006"}],"version-history":[{"count":11,"href":"https:\/\/www.chemar-piping.pl\/en\/wp-json\/wp\/v2\/pages\/2006\/revisions"}],"predecessor-version":[{"id":3360,"href":"https:\/\/www.chemar-piping.pl\/en\/wp-json\/wp\/v2\/pages\/2006\/revisions\/3360"}],"wp:attachment":[{"href":"https:\/\/www.chemar-piping.pl\/en\/wp-json\/wp\/v2\/media?parent=2006"}],"curies":[{"name":"wp","href":"https:\/\/api.w.org\/{rel}","templated":true}]}}