{"id":2008,"date":"2024-07-17T08:14:52","date_gmt":"2024-07-17T08:14:52","guid":{"rendered":"http:\/\/wwwnowa.chemar-piping.pl\/?page_id=2008"},"modified":"2025-10-13T10:56:44","modified_gmt":"2025-10-13T08:56:44","slug":"dofinansowanie-z-funduszy-europejskich","status":"publish","type":"page","link":"https:\/\/www.chemar-piping.pl\/en\/dofinansowanie-z-funduszy-europejskich\/","title":{"rendered":"Co-financing from European Funds"},"content":{"rendered":"<div class=\"wp-block-stackable-columns alignfull stk-block-columns stk-block stk-579b117 stk-block-background stk--has-background-overlay\" data-block-id=\"579b117\"><style>.stk-579b117 {background-color:var(--theme-palette-color-3, #38454A) !important;background-image:url(http:\/\/www.chemar-piping.pl\/wp-content\/uploads\/2024\/09\/download-4-e1725958653223-1.png) !important;min-height:175px !important;padding-top:26px !important;padding-bottom:43px !important;margin-bottom:0px !important;}.stk-579b117:before{background-color:var(--theme-palette-color-3, #38454A) !important;opacity:0.7 !important;}@media screen and (max-width:999px){.stk-579b117 {padding-top:80px !important;padding-bottom:80px !important;}}@media screen and (max-width:689px){.stk-579b117 {padding-top:60px !important;padding-bottom:60px !important;}}<\/style><div class=\"stk-row stk-inner-blocks stk-block-content stk-content-align stk-579b117-column\">\n<div class=\"wp-block-stackable-column stk-block-column stk-column stk-block stk-f8a03ee\" data-v=\"4\" data-block-id=\"f8a03ee\"><div class=\"stk-column-wrapper stk-block-column__content stk-container stk-f8a03ee-container stk--no-background stk--no-padding\"><div class=\"stk-block-content stk-inner-blocks stk-f8a03ee-inner-blocks\">\n<div class=\"wp-block-uagb-container uagb-layout-flex uagb-block-b89157ef alignfull uagb-is-root-container\"><div class=\"uagb-container-inner-blocks-wrap\">\n<h2 class=\"wp-block-heading\" id=\"rurociagi-1\" style=\"font-size:clamp(30.693px, 1.918rem + ((1vw - 3.2px) * 1.821), 54px);letter-spacing:0.01px\"><span style=\"color: #ffffff;\" class=\"stk-highlight\">Co-financing from European Funds<\/span><\/h2>\n\n\n\n<div class=\"wp-block-stackable-divider stk-block-divider stk-block stk-227f16c\" data-block-id=\"227f16c\"><style>.stk-227f16c hr.stk-block-divider__hr{background:var(--theme-palette-color-8, #ffffff) !important;height:4px !important;width:100% !important;}.stk-227f16c {margin-bottom:0px !important;top:-50px !important;}<\/style><hr class=\"stk-block-divider__hr\"\/><\/div>\n<\/div><\/div>\n<\/div><\/div><\/div>\n<\/div><\/div>\n\n\n\n<div class=\"wp-block-stackable-columns stk-block-columns stk-block stk-1cef4ae animated fadeInUp\" data-block-id=\"1cef4ae\"><style>.stk-1cef4ae {margin-bottom:0px !important;}.stk-1cef4ae-column{max-width:1050px !important;min-width:auto !important;}<\/style><div class=\"stk-row stk-inner-blocks stk-block-content stk-content-align stk-1cef4ae-column\">\n<div class=\"wp-block-stackable-column stk-block-column stk-column stk-block stk-96ab05f\" data-v=\"4\" data-block-id=\"96ab05f\"><div class=\"stk-column-wrapper stk-block-column__content stk-container stk-96ab05f-container stk--no-background stk--no-padding\"><div class=\"stk-block-content stk-inner-blocks stk-96ab05f-inner-blocks\">\n<figure class=\"wp-block-gallery has-nested-images columns-default is-cropped wp-block-gallery-1 is-layout-flex wp-block-gallery-is-layout-flex\">\n<figure class=\"wp-block-image size-full\"><img loading=\"lazy\" decoding=\"async\" width=\"880\" height=\"296\" data-id=\"2283\" src=\"http:\/\/www.chemar-piping.pl\/wp-content\/uploads\/2024\/07\/833-e1721733021245.jpg\" alt=\"\" class=\"wp-image-2283\" srcset=\"https:\/\/www.chemar-piping.pl\/wp-content\/uploads\/2024\/07\/833-e1721733021245.jpg 880w, https:\/\/www.chemar-piping.pl\/wp-content\/uploads\/2024\/07\/833-e1721733021245-300x101.jpg 300w, https:\/\/www.chemar-piping.pl\/wp-content\/uploads\/2024\/07\/833-e1721733021245-768x258.jpg 768w, https:\/\/www.chemar-piping.pl\/wp-content\/uploads\/2024\/07\/833-e1721733021245-18x6.jpg 18w\" sizes=\"auto, (max-width: 880px) 100vw, 880px\" \/><\/figure>\n<\/figure>\n<\/div><\/div><\/div>\n\n\n\n<div class=\"wp-block-stackable-column stk-block-column stk-column stk-block stk-c8e506d\" data-v=\"4\" data-block-id=\"c8e506d\"><div class=\"stk-column-wrapper stk-block-column__content stk-container stk-c8e506d-container stk--no-background stk--no-padding\"><div class=\"has-text-align-left stk-block-content stk-inner-blocks stk-c8e506d-inner-blocks\">\n<figure class=\"wp-block-gallery has-nested-images columns-default is-cropped wp-block-gallery-2 is-layout-flex wp-block-gallery-is-layout-flex\">\n<figure class=\"wp-block-image size-large\"><img loading=\"lazy\" decoding=\"async\" width=\"1024\" height=\"317\" data-id=\"2284\" src=\"http:\/\/www.chemar-piping.pl\/wp-content\/uploads\/2024\/07\/UE2-e1721733149405-1024x317.jpg\" alt=\"\" class=\"wp-image-2284\" srcset=\"https:\/\/www.chemar-piping.pl\/wp-content\/uploads\/2024\/07\/UE2-e1721733149405-1024x317.jpg 1024w, https:\/\/www.chemar-piping.pl\/wp-content\/uploads\/2024\/07\/UE2-e1721733149405-300x93.jpg 300w, https:\/\/www.chemar-piping.pl\/wp-content\/uploads\/2024\/07\/UE2-e1721733149405-768x238.jpg 768w, https:\/\/www.chemar-piping.pl\/wp-content\/uploads\/2024\/07\/UE2-e1721733149405-1536x476.jpg 1536w, https:\/\/www.chemar-piping.pl\/wp-content\/uploads\/2024\/07\/UE2-e1721733149405-18x6.jpg 18w, https:\/\/www.chemar-piping.pl\/wp-content\/uploads\/2024\/07\/UE2-e1721733149405.jpg 1931w\" sizes=\"auto, (max-width: 1024px) 100vw, 1024px\" \/><\/figure>\n<\/figure>\n<\/div><\/div><\/div>\n<\/div><\/div>\n\n\n\n<div class=\"wp-block-uagb-container animated fadeInUp uagb-block-acfbccc2 default uagb-is-root-container\">\n<p style=\"margin-top:0px;font-size:clamp(14.082px, 0.88rem + ((1vw - 3.2px) * 0.54), 21px);\"><strong>Chemar Ruroci\u0105gi Sp. z o. o. is implementing a project co-financed from European Funds entitled:. <em>\u201e&quot;Improving energy efficiency by carrying out thermal modernization of an office, social and production building and obtaining energy from a photovoltaic installation.&quot;.<\/em><\/strong><\/p>\n<\/div>\n\n\n\n<div class=\"wp-block-uagb-container animated fadeInUp uagb-block-d665d4f0 default uagb-is-root-container\">\n<p style=\"margin-top:10px;margin-bottom:10px;font-size:clamp(14.082px, 0.88rem + ((1vw - 3.2px) * 0.54), 21px);\"><strong>The aim of the project is to increase the company&#039;s energy efficiency and obtain energy from Renewable Energy Sources (RES) by carrying out thermal modernisation works of the office, social and production building, replacing the lighting, installing individual heat meters and installing a photovoltaic installation.<\/strong><\/p>\n<\/div>\n\n\n\n<div class=\"wp-block-stackable-columns stk-block-columns stk-block stk-60ff851 animated fadeInUp\" data-block-id=\"60ff851\"><style>.stk-60ff851 {margin-bottom:0px !important;}<\/style><div class=\"stk-row stk-inner-blocks stk-block-content stk-content-align stk-60ff851-column\">\n<div class=\"wp-block-stackable-column stk-block-column stk-column stk-block stk-f178748\" data-v=\"4\" data-block-id=\"f178748\"><style>.stk-f178748 {top:11px !important;}@media screen and (min-width:690px){.stk-f178748 {flex:var(--stk-flex-grow, 1) 1 calc(48.333333333333336% - var(--stk-column-gap, 0px) * 2 \/ 3 ) !important;}}<\/style><div class=\"stk-column-wrapper stk-block-column__content stk-container stk-f178748-container stk--no-background stk--no-padding\"><div class=\"stk-block-content stk-inner-blocks stk-f178748-inner-blocks\">\n<p class=\"has-palette-color-1-color has-text-color has-link-color wp-elements-0131026417b71308b578cdb6a73a7fa5\" style=\"font-size:clamp(23.54px, 1.471rem + ((1vw - 3.2px) * 1.208), 39px);\"><strong>EU funding for the project:<\/strong><\/p>\n<\/div><\/div><\/div>\n\n\n\n<div class=\"wp-block-stackable-column stk-block-column stk-column stk-block stk-03188c0\" data-v=\"4\" data-block-id=\"03188c0\"><style>@media screen and (min-width:690px){.stk-03188c0 {flex:var(--stk-flex-grow, 1) 1 calc(30% - var(--stk-column-gap, 0px) * 2 \/ 3 ) !important;}}<\/style><div class=\"stk-column-wrapper stk-block-column__content stk-container stk-03188c0-container stk--no-background stk--no-padding\"><div class=\"stk-block-content stk-inner-blocks stk-03188c0-inner-blocks\">\n<div class=\"wp-block-greenshift-blocks-counter gs-counterwrap gspb_counter-id-gsbp-e0c68da\"><div class=\"gs-counterdiv\"><div class=\"gs-counter\" data-start=\"0\" data-end=\"1000000\" data-duration=\"2\">0<\/div><\/div><\/div>\n<\/div><\/div><\/div>\n\n\n\n<div class=\"wp-block-stackable-column stk-block-column stk-column stk-block stk-1cf301f\" data-v=\"4\" data-block-id=\"1cf301f\"><style>@media screen and (min-width:690px){.stk-1cf301f {flex:var(--stk-flex-grow, 1) 1 calc(21.66666666666667% - var(--stk-column-gap, 0px) * 2 \/ 3 ) !important;}}<\/style><div class=\"stk-column-wrapper stk-block-column__content stk-container stk-1cf301f-container stk--no-background stk--no-padding\"><div class=\"stk-block-content stk-inner-blocks stk-1cf301f-inner-blocks\">\n<div class=\"wp-block-stackable-text stk-block-text stk-block stk-232727a\" data-block-id=\"232727a\"><style>.stk-232727a {top:-21px !important;}.stk-232727a .stk-block-text__text{font-size:65px !important;color:var(--theme-palette-color-1, #264796) !important;}@media screen and (max-width:999px){.stk-232727a .stk-block-text__text{font-size:50px !important;}}<\/style><p class=\"stk-block-text__text has-text-color\">,00 PLN<\/p><\/div>\n<\/div><\/div><\/div>\n<\/div><\/div>\n\n\n\n<div class=\"wp-block-stackable-columns stk-block-columns stk-block stk-08ae9dd animated fadeInUp\" data-block-id=\"08ae9dd\"><style>.stk-08ae9dd-column{max-width:971px !important;min-width:auto !important;--stk-column-gap:80px !important;}.stk-08ae9dd {top:-46px !important;}<\/style><div class=\"stk-row stk-inner-blocks stk-block-content stk-content-align stk-08ae9dd-column\">\n<div class=\"wp-block-stackable-column stk-block-column stk-column stk-block stk-7ac1cf2\" data-v=\"4\" data-block-id=\"7ac1cf2\"><style>.stk-7ac1cf2 {align-self:center !important;}@media screen and (min-width:690px){.stk-7ac1cf2 {flex:var(--stk-flex-grow, 1) 1 calc(45% - var(--stk-column-gap, 0px) * 1 \/ 2 ) !important;}}<\/style><div class=\"stk-column-wrapper stk-block-column__content stk-container stk-7ac1cf2-container stk--no-background stk--no-padding\"><div class=\"stk-block-content stk-inner-blocks stk-7ac1cf2-inner-blocks\">\n<figure class=\"wp-block-gallery has-nested-images columns-default is-cropped wp-block-gallery-3 is-layout-flex wp-block-gallery-is-layout-flex\">\n<figure class=\"wp-block-image size-full has-custom-border\" style=\"margin-top:0;margin-right:var(--wp--preset--spacing--50);margin-bottom:0;margin-left:var(--wp--preset--spacing--50)\"><img loading=\"lazy\" decoding=\"async\" width=\"1600\" height=\"1000\" data-id=\"2229\" src=\"https:\/\/www.chemar-piping.pl\/wp-content\/uploads\/2024\/07\/flaga-Polski-1.png\" alt=\"\" class=\"wp-image-2229\" style=\"border-style:none;border-width:0px\" srcset=\"https:\/\/www.chemar-piping.pl\/wp-content\/uploads\/2024\/07\/flaga-Polski-1.png 1600w, https:\/\/www.chemar-piping.pl\/wp-content\/uploads\/2024\/07\/flaga-Polski-1-300x188.png 300w, https:\/\/www.chemar-piping.pl\/wp-content\/uploads\/2024\/07\/flaga-Polski-1-1024x640.png 1024w, https:\/\/www.chemar-piping.pl\/wp-content\/uploads\/2024\/07\/flaga-Polski-1-768x480.png 768w, https:\/\/www.chemar-piping.pl\/wp-content\/uploads\/2024\/07\/flaga-Polski-1-1536x960.png 1536w\" sizes=\"auto, (max-width: 1600px) 100vw, 1600px\" \/><\/figure>\n<\/figure>\n<\/div><\/div><\/div>\n\n\n\n<div class=\"wp-block-stackable-column stk-block-column stk-column stk-block stk-26338b2\" data-v=\"4\" data-block-id=\"26338b2\"><style>@media screen and (min-width:690px){.stk-26338b2 {flex:var(--stk-flex-grow, 1) 1 calc(55% - var(--stk-column-gap, 0px) * 1 \/ 2 ) !important;}}<\/style><div class=\"stk-column-wrapper stk-block-column__content stk-container stk-26338b2-container stk--no-background stk--no-padding\"><div class=\"has-text-align-center stk-block-content stk-inner-blocks stk-26338b2-inner-blocks\">\n<figure class=\"wp-block-gallery has-nested-images columns-default is-cropped wp-block-gallery-4 is-layout-flex wp-block-gallery-is-layout-flex\">\n<figure class=\"wp-block-image size-full\" style=\"margin-top:0;margin-right:var(--wp--preset--spacing--40);margin-bottom:0;margin-left:var(--wp--preset--spacing--40)\"><img loading=\"lazy\" decoding=\"async\" width=\"514\" height=\"275\" data-id=\"2288\" src=\"https:\/\/www.chemar-piping.pl\/wp-content\/uploads\/2024\/07\/rpows.png\" alt=\"\" class=\"wp-image-2288\" srcset=\"https:\/\/www.chemar-piping.pl\/wp-content\/uploads\/2024\/07\/rpows.png 514w, https:\/\/www.chemar-piping.pl\/wp-content\/uploads\/2024\/07\/rpows-300x161.png 300w, https:\/\/www.chemar-piping.pl\/wp-content\/uploads\/2024\/07\/rpows-18x10.png 18w\" sizes=\"auto, (max-width: 514px) 100vw, 514px\" \/><\/figure>\n<\/figure>\n<\/div><\/div><\/div>\n<\/div><\/div>\n\n\n\n<p><\/p>","protected":false},"excerpt":{"rendered":"<p>Dofinansowanie z Funduszy Europejskich Chemar Ruroci\u0105gi Sp. z o.o. realizuje projekt dofinansowany z Funduszy Europejskich pn. \u201ePodniesienie efektywno\u015bci energetycznej poprzez przeprowadzenie termomodernizacji budynku biurowo-socjalno-produkcyjnego oraz pozyskiwanie energii z instalacji fotowoltaicznej\u201d. Celem projektu jest zwi\u0119kszenie efektywno\u015bci energetycznej przedsi\u0119biorstwa i pozyskanie energii z Odnawialnych \u0179r\u00f3de\u0142 Energii (OZE) poprzez wykonanie prac termomodernizacyjnych budynku biurowo-socjalno-produkcyjnego, wymian\u0119 o\u015bwietlenia, monta\u017c indywidualnych [&hellip;]<\/p>\n","protected":false},"author":1,"featured_media":0,"parent":0,"menu_order":0,"comment_status":"closed","ping_status":"closed","template":"","meta":{"_gspb_post_css":".gspb_counter-id-gsbp-e0c68da,.gspb_counter-id-gsbp-e0c68da .gs-counterwrap{display:flex;align-items:center}.gspb_counter-id-gsbp-e0c68da .gs-counterdiv{display:flex;text-align:center;flex-direction:column;justify-content:center;align-items:center}.gspb_counter-id-gsbp-e0c68da .gs-counter{color:var(--wp--preset--color--palette-color-1, var(--theme-palette-color-1, #264796))}.gspb_counter-id-gsbp-e0c68da .gs-counterdiv{border-radius:5px}.gspb_counter-id-gsbp-e0c68da .gs-counter{font-size:80px;line-height:80px;font-weight:400;margin-bottom:5px}.gspb_counter-id-gsbp-e0c68da .gs-counterlabel{font-size:16px;line-height:16px}.gspb_counter-id-gsbp-e0c68da .gs-counterdiv{min-width:200px}body.gspb-bodyfront .gspb_counter-id-gsbp-e0c68da .gs-counterdiv{position:absolute;top:-10px;left:-1.7094017094017095%}","_uag_custom_page_level_css":"","iawp_total_views":5,"footnotes":""},"class_list":["post-2008","page","type-page","status-publish","hentry"],"blocksy_meta":[],"featured_image_src":null,"uagb_featured_image_src":{"full":false,"thumbnail":false,"medium":false,"medium_large":false,"large":false,"1536x1536":false,"2048x2048":false,"trp-custom-language-flag":false},"uagb_author_info":{"display_name":"Chemar Ruroci\u0105gi","author_link":"https:\/\/www.chemar-piping.pl\/en\/author\/michpaj\/"},"uagb_comment_info":0,"uagb_excerpt":"Dofinansowanie z Funduszy Europejskich Chemar Ruroci\u0105gi Sp. z o.o. realizuje projekt dofinansowany z Funduszy Europejskich pn. \u201ePodniesienie efektywno\u015bci energetycznej poprzez przeprowadzenie termomodernizacji budynku biurowo-socjalno-produkcyjnego oraz pozyskiwanie energii z instalacji fotowoltaicznej\u201d. Celem projektu jest zwi\u0119kszenie efektywno\u015bci energetycznej przedsi\u0119biorstwa i pozyskanie energii z Odnawialnych \u0179r\u00f3de\u0142 Energii (OZE) poprzez wykonanie prac termomodernizacyjnych budynku biurowo-socjalno-produkcyjnego, wymian\u0119 o\u015bwietlenia, monta\u017c indywidualnych&hellip;","_links":{"self":[{"href":"https:\/\/www.chemar-piping.pl\/en\/wp-json\/wp\/v2\/pages\/2008","targetHints":{"allow":["GET"]}}],"collection":[{"href":"https:\/\/www.chemar-piping.pl\/en\/wp-json\/wp\/v2\/pages"}],"about":[{"href":"https:\/\/www.chemar-piping.pl\/en\/wp-json\/wp\/v2\/types\/page"}],"author":[{"embeddable":true,"href":"https:\/\/www.chemar-piping.pl\/en\/wp-json\/wp\/v2\/users\/1"}],"replies":[{"embeddable":true,"href":"https:\/\/www.chemar-piping.pl\/en\/wp-json\/wp\/v2\/comments?post=2008"}],"version-history":[{"count":23,"href":"https:\/\/www.chemar-piping.pl\/en\/wp-json\/wp\/v2\/pages\/2008\/revisions"}],"predecessor-version":[{"id":3522,"href":"https:\/\/www.chemar-piping.pl\/en\/wp-json\/wp\/v2\/pages\/2008\/revisions\/3522"}],"wp:attachment":[{"href":"https:\/\/www.chemar-piping.pl\/en\/wp-json\/wp\/v2\/media?parent=2008"}],"curies":[{"name":"wp","href":"https:\/\/api.w.org\/{rel}","templated":true}]}}