{"id":2026,"date":"2024-07-17T09:02:05","date_gmt":"2024-07-17T09:02:05","guid":{"rendered":"http:\/\/wwwnowa.chemar-piping.pl\/?page_id=2026"},"modified":"2026-04-09T11:00:40","modified_gmt":"2026-04-09T09:00:40","slug":"oferty-pracy","status":"publish","type":"page","link":"https:\/\/www.chemar-piping.pl\/en\/oferty-pracy\/","title":{"rendered":"Job opportunities"},"content":{"rendered":"<div class=\"wp-block-stackable-columns alignfull stk-block-columns stk-block stk-579b117 stk-block-background stk--has-background-overlay\" data-block-id=\"579b117\"><style>.stk-579b117 {background-color:#0000006e !important;background-image:url(https:\/\/www.chemar-piping.pl\/wp-content\/uploads\/2026\/03\/Kolektor_1.webp) !important;background-position:center center !important;background-blend-mode:soft-light !important;min-height:120px !important;padding-top:26px !important;padding-bottom:43px !important;margin-bottom:0px !important;}.stk-579b117:before{background-color:#0000006e !important;opacity:0.3 !important;}@media screen and (max-width:999px){.stk-579b117 {padding-top:80px !important;padding-bottom:80px !important;}}@media screen and (max-width:689px){.stk-579b117 {padding-top:60px !important;padding-bottom:60px !important;}}<\/style><div class=\"stk-row stk-inner-blocks stk-block-content stk-content-align stk-579b117-column\">\n<div class=\"wp-block-stackable-column stk-block-column stk-column stk-block stk-f8a03ee\" data-v=\"4\" data-block-id=\"f8a03ee\"><div class=\"stk-column-wrapper stk-block-column__content stk-container stk-f8a03ee-container stk--no-background stk--no-padding\"><div class=\"stk-block-content stk-inner-blocks stk-f8a03ee-inner-blocks\">\n<div class=\"wp-block-uagb-container uagb-layout-flex uagb-block-b89157ef alignfull uagb-is-root-container\"><div class=\"uagb-container-inner-blocks-wrap\">\n<h2 class=\"wp-block-heading\" id=\"0-oferty-pracy-\" style=\"font-size:clamp(37.821px, 2.364rem + ((1vw - 3.2px) * 2.514), 70px);\"><span style=\"color: #ffffff;\" class=\"stk-highlight\">Job opportunities<\/span><\/h2>\n\n\n\n<div class=\"wp-block-stackable-divider stk-block-divider stk-block stk-227f16c\" data-block-id=\"227f16c\"><style>.stk-227f16c hr.stk-block-divider__hr{background:var(--theme-palette-color-8, #ffffff) !important;height:4px !important;width:100% !important;}.stk-227f16c {margin-bottom:0px !important;top:-60px !important;}<\/style><hr class=\"stk-block-divider__hr\"\/><\/div>\n<\/div><\/div>\n<\/div><\/div><\/div>\n<\/div><\/div>\n\n\n\n\n\n<div class=\"wp-block-stackable-spacer stk-block-spacer stk--no-padding stk-block stk-8cae698\" data-block-id=\"8cae698\"><style>.stk-8cae698 {height:50px !important;}<\/style><\/div>\n\n\n<div style=\"margin-left: 80px; margin-right: 20px; \" class=\"wp-block-ub-content-toggle wp-block-ub-content-toggle-block\" id=\"ub-content-toggle-block-5cab05f8-ce2e-439d-9f2b-f137ab70c6c0\" data-mobilecollapse=\"false\" data-desktopcollapse=\"false\" data-preventcollapse=\"false\" data-showonlyone=\"true\">\n<div class=\"wp-block-ub-content-toggle-accordion animated fadeInUp\" style=\"border-color: #f1f1f1; \" id=\"ub-content-toggle-panel-block-2323921c-5620-4920-9d73-bbda9b656a86\">\n\t\t\t<div class=\"wp-block-ub-content-toggle-accordion-title-wrap\" style=\"background-color: #f1f1f1;\" aria-controls=\"ub-content-toggle-panel-0-5cab05f8-ce2e-439d-9f2b-f137ab70c6c0\" tabindex=\"0\">\n\t\t\t<h4 class=\"wp-block-ub-content-toggle-accordion-title ub-content-toggle-title-5cab05f8-ce2e-439d-9f2b-f137ab70c6c0\" style=\"color: var(--theme-palette-color-1, #264796); \">Sales Specialist<\/h4>\n\t\t\t<div class=\"wp-block-ub-content-toggle-accordion-toggle-wrap right\" style=\"color: #000000;\"><span class=\"wp-block-ub-content-toggle-accordion-state-indicator wp-block-ub-chevron-down open\"><\/span><\/div>\n\t\t<\/div>\n\t\t\t<div role=\"region\" aria-expanded=\"true\" class=\"wp-block-ub-content-toggle-accordion-content-wrap\" id=\"ub-content-toggle-panel-0-5cab05f8-ce2e-439d-9f2b-f137ab70c6c0\">\n\n<p class=\"has-palette-color-7-color has-palette-color-1-background-color has-text-color has-background has-link-color has-medium-font-size wp-elements-a252eb515d1d7a506d2d5a7d52603b65\" style=\"line-height:0\"><strong><span style=\"color: #fffffe;\" class=\"stk-highlight\">REQUIREMENTS:<\/span><\/strong><\/p>\n\n\n\n<ul class=\"wp-block-list\">\n<li><strong>Good knowledge of English,<\/strong><\/li>\n\n\n\n<li>Higher education (technical)<\/li>\n\n\n\n<li>Good knowledge of MS Office (Word, Excel)<\/li>\n\n\n\n<li>Professional experience in a similar position in the industrial sector (preferred),<\/li>\n\n\n\n<li>Analytical thinking skills,<\/li>\n<\/ul>\n\n\n\n<p class=\"has-palette-color-1-background-color has-background\" style=\"line-height:0\"><strong><span style=\"color: #fffffe;\" class=\"stk-highlight\">SCOPE OF TASKS:<\/span><\/strong><\/p>\n\n\n\n<ul class=\"wp-block-list\">\n<li>Preparation of offers and tender cost estimates \u2013 calculation of the offer in accordance with the requirements of the Ordering Party,<\/li>\n\n\n\n<li>Preparing requests for proposals, obtaining and analyzing offers from subcontractors and suppliers, and verifying the correctness of offers submitted by subcontractors and suppliers,<\/li>\n\n\n\n<li>Managing short and long-term contracts,<\/li>\n\n\n\n<li>Participation in technical and commercial negotiations with investors and subcontractors,<\/li>\n\n\n\n<li>Supervising work progress and delivery deadlines, identifying threats and reporting delays,<\/li>\n\n\n\n<li>Economic settlement of ongoing contracts.<\/li>\n<\/ul>\n\n\n\n<p class=\"has-palette-color-1-background-color has-background has-medium-font-size\" style=\"line-height:0\"><strong><span style=\"color: #fffffe;\" class=\"stk-highlight\">WE OFFER:<\/span><\/strong><\/p>\n\n\n\n<ul class=\"wp-block-list\">\n<li>Integration meetings.<\/li>\n\n\n\n<li>Employment in the form of an employment contract<\/li>\n\n\n\n<li>Salary in the range of PLN 5,500-6,000 gross and a statutory bonus after the trial period,<\/li>\n\n\n\n<li>Work in a young team in a company with an established market position,<\/li>\n\n\n\n<li>Opportunity for professional development and improvement,<\/li>\n\n\n\n<li>Social benefits package,<\/li>\n\n\n\n<li>Private medical care,<\/li>\n\n\n\n<li>Co-financing for recreation,<\/li>\n\n\n\n<li>Co-financing of sports activities,<\/li>\n\n\n\n<li>Co-financing of training and courses,<\/li>\n<\/ul>\n\n<\/div>\n\t\t<\/div>\n\n\n\n\n<\/div>\n\n\n<div class=\"wp-block-stackable-columns stk-block-columns stk-block stk-5735266 stk-block-background animated fadeInUp uag-blocks-common-selector\" style=\"--z-index-desktop:2;;--z-index-tablet:undefined;;--z-index-mobile:undefined;\" data-block-id=\"5735266\"><style>.stk-5735266 .stk--block-align-5735266{align-items:center !important;}.stk-5735266 {background-color:var(--theme-palette-color-1, #224DB7) !important;padding-right:60px !important;margin-bottom:1px !important;z-index:2 !important;}.stk-5735266:before{background-color:var(--theme-palette-color-1, #224DB7) !important;}.stk-5735266-column{--stk-columns-spacing:0px !important;--stk-column-gap:0px !important;row-gap:0px !important;}<\/style><div class=\"stk-row stk-inner-blocks stk--block-align-5735266 stk-block-content stk-content-align stk-5735266-column\">\n<div class=\"wp-block-stackable-column stk-block-column stk-column stk-block stk-7a88dd5\" data-v=\"4\" data-block-id=\"7a88dd5\"><style>.stk-7a88dd5-container{margin-top:0px !important;margin-right:0px !important;margin-bottom:0px !important;margin-left:0px !important;}@media screen and (min-width:690px){.stk-7a88dd5 {flex:var(--stk-flex-grow, 1) 1 calc(50% - var(--stk-column-gap, 0px) * 1 \/ 2 ) !important;}}@media screen and (min-width:690px) and (max-width:999px){.stk-7a88dd5 {flex:var(--stk-flex-grow, 1) 1 calc(100% - var(--stk-column-gap, 0px) * 0 \/ 1 ) !important;}}<\/style><div class=\"stk-column-wrapper stk-block-column__content stk-container stk-7a88dd5-container stk--no-background stk--no-padding\"><div class=\"stk-block-content stk-inner-blocks stk-7a88dd5-inner-blocks\"><\/div><\/div><\/div>\n\n\n\n<div class=\"wp-block-stackable-column stk-block-column stk-column stk-block stk-2b09daf\" data-v=\"4\" data-block-id=\"2b09daf\"><style>.stk-2b09daf-container{margin-top:0px !important;margin-right:0px !important;margin-bottom:0px !important;margin-left:0px !important;}@media screen and (min-width:690px){.stk-2b09daf {flex:var(--stk-flex-grow, 1) 1 calc(50% - var(--stk-column-gap, 0px) * 1 \/ 2 ) !important;}}@media screen and (min-width:690px) and (max-width:999px){.stk-2b09daf {flex:var(--stk-flex-grow, 1) 1 calc(100% - var(--stk-column-gap, 0px) * 0 \/ 1 ) !important;}}<\/style><div class=\"stk-column-wrapper stk-block-column__content stk-container stk-2b09daf-container stk--no-background stk--no-padding\"><div class=\"stk-block-content stk-inner-blocks stk-2b09daf-inner-blocks\">\n<div class=\"wp-block-stackable-button-group stk-block-button-group stk-block stk-6f31041\" data-block-id=\"6f31041\"><style>.stk-6f31041 .stk-inner-blocks{column-gap:30px !important;row-gap:20px !important;}<\/style><div class=\"stk-row stk-inner-blocks has-text-align-right has-text-align-center-tablet stk-block-content stk-button-group\">\n<div class=\"wp-block-stackable-button stk-block-button hvr-grow stk-block stk-1a9ce7b\" data-block-id=\"1a9ce7b\"><style>.stk-1a9ce7b {margin-top:0px !important;margin-right:0px !important;margin-bottom:0px !important;margin-left:0px !important;}.stk-1a9ce7b .stk-button{padding-top:18px !important;padding-right:80px !important;padding-bottom:18px !important;padding-left:80px !important;background:var(--theme-palette-color-8, #ffffff) !important;}.stk-1a9ce7b .stk-button:hover:after{background:var(--theme-palette-color-4, #0A1821) !important;opacity:1 !important;}.stk-1a9ce7b .stk-button__inner-text{color:var(--theme-palette-color-2, #224DB7) !important;font-weight:700 !important;text-transform:uppercase !important;}.stk-1a9ce7b .stk-button:hover .stk-button__inner-text{color:var(--theme-palette-color-8, #ffffff) !important;}<\/style><a class=\"stk-link stk-button stk--hover-effect-darken\" href=\"https:\/\/www.chemar-piping.pl\/formularz-aplikacyjny\/\"><span class=\"has-text-color has-palette-color-2-color stk-button__inner-text\">APPLY<\/span><\/a><\/div>\n<\/div><\/div>\n<\/div><\/div><\/div>\n<\/div><\/div>\n\n\n\n<div class=\"wp-block-stackable-columns stk-block-columns stk-block stk-f8ad22e animated fadeInUp\" data-block-id=\"f8ad22e\"><style>.stk-f8ad22e {margin-top:30px !important;}.stk-f8ad22e-column{max-width:1050px !important;min-width:auto !important;}<\/style><div class=\"stk-row stk-inner-blocks stk-block-content stk-content-align stk-f8ad22e-column\">\n<div class=\"wp-block-stackable-column stk-block-column stk-column stk-block stk-f680cd0\" data-v=\"4\" data-block-id=\"f680cd0\"><div class=\"stk-column-wrapper stk-block-column__content stk-container stk-f680cd0-container stk--no-background stk--no-padding\"><div class=\"stk-block-content stk-inner-blocks stk-f680cd0-inner-blocks\">\n<h5 class=\"wp-block-heading\" id=\"luki-giete\">Please include the following statement in your applications:<\/h5>\n\n\n\n<p class=\"has-small-font-size\">&nbsp;\u201e&quot;I declare that I have read the information below and, in accordance with Article 6 section 1 letter a in conjunction with Article 7 of the GDPR, I consent to the processing of personal data included in my application for the purposes of this and future recruitment processes conducted by Chemar Ruroci\u0105gi Sp\u00f3\u0142ka z ograniczon\u0105 odpowiedzialno\u015bci\u0105 with its registered office in Kielce, ul. Olszewskiego 6, NIP 9591500229, REGON 292449593, KRS 0000066707, whose registration files are maintained by the District Court in Kielce, 10th Commercial Division of the National Court Register.&quot;\u201d<\/p>\n\n\n\n<p class=\"has-small-font-size\">In accordance with Article 13 paragraphs 1 and 2 of Regulation (EU) 2016\/679 of the European Parliament and of the Council of 27 April 2016 on the protection of natural persons with regard to the processing of personal data and on the free movement of such data, and repealing Directive 95\/46\/EC (General Data Protection Regulation) (OJ EU L 119, p. 1), hereinafter referred to as &quot;GDPR&quot;, we inform you that:<\/p>\n\n\n\n<ul class=\"wp-block-list has-small-font-size\">\n<li>The controller of your personal data is Chemar Ruroci\u0105gi Sp. z o. o. You can obtain information about the processing of your personal data in Kielce, at ul. Olszewskiego 6.<\/li>\n\n\n\n<li>If you have any questions regarding the method and scope of processing your personal data, as well as your rights, please contact us by e-mail: rodo@chemar-piping.pl&nbsp;<\/li>\n\n\n\n<li>We process your personal data specified in the Labor Code or other specific acts (as required by the job posting) based on legal provisions, and their provision is necessary for participation in the selection and recruitment process. We process other personal data (e.g., image) based on your voluntary consent, which you provided when submitting your recruitment application, and providing such data does not affect your ability to participate in the recruitment process.<\/li>\n\n\n\n<li>Providing your personal data is a legal requirement and a condition for participating in the recruitment process. Providing personal data not required by law is voluntary.<\/li>\n\n\n\n<li>Your personal data will not be made available to any entities.<\/li>\n\n\n\n<li>Your personal data will be stored only for the period necessary to fulfill the purpose for which it was collected or for the period specified in the recruitment regulations. Once the purpose for which it was collected has been fulfilled, it may be returned or destroyed. Based on your consent, your personal data may be stored and processed for the purposes of subsequent recruitment processes for a period no longer than December 31, 2026. You have the right to consent to the processing of personal data contained in your application solely for the purposes of this recruitment process. In such a case, in the declaration above, please clearly express your consent to the processing of personal data contained in your application solely for the purposes of this recruitment process.<\/li>\n\n\n\n<li>In connection with the processing of your personal data, you have the right to request access to, rectification of, or restriction of your personal data from the controller, or to object to its processing. Your rights may be limited in accordance with the provisions of the GDPR*. Your rights will be exercised by the controller upon request.<\/li>\n\n\n\n<li>If you believe that the processing of your data violates the provisions on personal data protection, you have the right to lodge a complaint regarding their processing with the President of the Personal Data Protection Office with its registered office in Warsaw at ul. Stawki 2.<\/li>\n\n\n\n<li>Where you have consented to the processing of your personal data, you have the right to withdraw your consent at any time. Withdrawing consent does not affect the processing of your data until the time of withdrawal.<\/li>\n<\/ul>\n\n\n\n<p class=\"has-small-font-size\" id=\"luki-giete\">Your personal data will not be processed in an automated manner. Your data will not be profiled.<\/p>\n<\/div><\/div><\/div>\n<\/div><\/div>\n\n\n\n\n\n<div class=\"wp-block-stackable-divider stk-block-divider has-text-align-left stk-block stk-54b97f7\" data-block-id=\"54b97f7\"><style>.stk-54b97f7 hr.stk-block-divider__hr{height:2px !important;width:100% !important;}.stk-54b97f7 {margin-bottom:0px !important;top:-15px !important;}<\/style><hr class=\"stk-block-divider__hr\"\/><\/div>\n\n\n\n<div class=\"wp-block-stackable-columns stk-block-columns stk-block stk-45929f8 stk-block-background animated fadeInUp uag-blocks-common-selector\" style=\"--z-index-desktop:2;;--z-index-tablet:undefined;;--z-index-mobile:undefined;\" data-block-id=\"45929f8\"><style>.stk-45929f8 .stk--block-align-45929f8{align-items:center !important;}.stk-45929f8 {background-color:var(--theme-palette-color-1, #224DB7) !important;padding-top:50px !important;padding-right:55px !important;padding-bottom:50px !important;padding-left:55px !important;margin-top:120px !important;margin-bottom:97px !important;z-index:2 !important;}.stk-45929f8:before{background-color:var(--theme-palette-color-1, #224DB7) !important;}.stk-45929f8-column{--stk-column-gap:50px !important;row-gap:50px !important;}<\/style><div class=\"stk-row stk-inner-blocks stk--block-align-45929f8 stk-block-content stk-content-align stk-45929f8-column\">\n<div class=\"wp-block-stackable-column stk-block-column stk-column stk-block stk-7a55db8\" data-v=\"4\" data-block-id=\"7a55db8\"><style>.stk-7a55db8-container{margin-top:0px !important;margin-right:0px !important;margin-bottom:0px !important;margin-left:0px !important;}@media screen and (min-width:690px) and (max-width:999px){.stk-7a55db8 {flex:var(--stk-flex-grow, 1) 1 calc(100% - var(--stk-column-gap, 0px) * 0 \/ 1 ) !important;}}<\/style><div class=\"stk-column-wrapper stk-block-column__content stk-container stk-7a55db8-container stk--no-background stk--no-padding\"><div class=\"stk-block-content stk-inner-blocks stk-7a55db8-inner-blocks\">\n<div class=\"wp-block-stackable-heading stk-block-heading stk-block-heading--v2 stk-block stk-e3ff0d9\" id=\"span-style-color-00000000-class-stk-highlight-span-skontaktuj-sie-z-nami\" data-block-id=\"e3ff0d9\"><style>.stk-e3ff0d9 {margin-top:-5px !important;margin-bottom:10px !important;top:4px !important;}.stk-e3ff0d9 .stk-block-heading__text{color:var(--theme-palette-color-8, #ffffff) !important;}@media screen and (max-width:999px){.stk-e3ff0d9 {margin-bottom:20px !important;}.stk-e3ff0d9 .stk-block-heading__text{font-size:30px !important;}}<\/style><h2 class=\"stk-block-heading__text has-text-color has-palette-color-8-color has-text-align-center-tablet stk-block-heading--use-theme-margins\"><span style=\"color: #00000000;\" class=\"stk-highlight\">.  <\/span>     Contact us<\/h2><\/div>\n\n\n\n<div class=\"wp-block-stackable-text stk-block-text stk-block stk-bc5b221\" data-block-id=\"bc5b221\"><style>.stk-bc5b221 {opacity:0.6 !important;}.stk-bc5b221 .stk-block-text__text{color:var(--theme-palette-color-8, #ffffff) !important;}<\/style><p class=\"stk-block-text__text has-text-color has-palette-color-8-color has-text-align-center-tablet\"><\/p><\/div>\n<\/div><\/div><\/div>\n\n\n\n<div class=\"wp-block-stackable-column stk-block-column stk-column stk-block stk-5da9125\" data-v=\"4\" data-block-id=\"5da9125\"><style>.stk-5da9125-container{margin-top:0px !important;margin-right:0px !important;margin-bottom:0px !important;margin-left:0px !important;}@media screen and (min-width:690px) and (max-width:999px){.stk-5da9125 {flex:var(--stk-flex-grow, 1) 1 calc(100% - var(--stk-column-gap, 0px) * 0 \/ 1 ) !important;}}<\/style><div class=\"stk-column-wrapper stk-block-column__content stk-container stk-5da9125-container stk--no-background stk--no-padding\"><div class=\"stk-block-content stk-inner-blocks stk-5da9125-inner-blocks\">\n<div class=\"wp-block-stackable-button-group stk-block-button-group stk-block stk-0de13d8\" data-block-id=\"0de13d8\"><style>.stk-0de13d8 .stk-inner-blocks{column-gap:30px !important;row-gap:20px !important;}<\/style><div class=\"stk-row stk-inner-blocks has-text-align-right has-text-align-center-tablet stk-block-content stk-button-group\">\n<div class=\"wp-block-stackable-button stk-block-button hvr-grow stk-block stk-fad9ac7\" data-block-id=\"fad9ac7\"><style>.stk-fad9ac7 {margin-top:0px !important;margin-right:0px !important;margin-bottom:0px !important;margin-left:0px !important;}.stk-fad9ac7 .stk-button{padding-top:18px !important;padding-right:30px !important;padding-bottom:18px !important;padding-left:30px !important;background:transparent !important;}.stk-fad9ac7 .stk-button:hover:after{background:var(--theme-palette-color-4, #0A1821) !important;opacity:1 !important;}:where(.stk-hover-parent:hover,  .stk-hover-parent.stk--is-hovered) .stk-fad9ac7 .stk-button:after{background:transparent !important;opacity:1 !important;}.stk-fad9ac7 .stk-button:before{border-style:solid !important;border-color:var(--theme-palette-color-8, #ffffff) !important;border-top-width:2px !important;border-right-width:2px !important;border-bottom-width:2px !important;border-left-width:2px !important;}.stk-fad9ac7 .stk-button:hover:before{border-color:var(--theme-palette-color-4, #0A1821) !important;}.stk-fad9ac7 .stk-button .stk--inner-svg svg:last-child, .stk-fad9ac7 .stk-button .stk--inner-svg svg:last-child :is(g, path, rect, polygon, ellipse){fill:var(--theme-palette-color-4, #0A1821) !important;}.stk-fad9ac7 .stk-button:hover .stk--inner-svg svg:last-child, .stk-fad9ac7 .stk-button:hover .stk--inner-svg svg:last-child :is(g, path, rect, polygon, ellipse){fill:var(--theme-palette-color-2, #224DB7) !important;}.stk-fad9ac7 .stk-button__inner-text{font-size:16px !important;color:var(--theme-palette-color-8, #ffffff) !important;font-weight:700 !important;text-transform:uppercase !important;}.stk-fad9ac7 .stk-button:hover .stk-button__inner-text{color:var(--theme-palette-color-8, #ffffff) !important;}@media screen and (max-width:999px){.stk-fad9ac7 .stk-button__inner-text{font-size:16px !important;}}<\/style><a class=\"stk-link stk-button stk--hover-effect-darken\" href=\"\"><span class=\"has-text-color has-palette-color-8-color stk-button__inner-text\">     contact     <\/span><\/a><\/div>\n\n\n\n<div class=\"wp-block-stackable-button stk-block-button hvr-grow stk-block stk-82f3f35\" data-block-id=\"82f3f35\"><style>.stk-82f3f35 {margin-top:0px !important;margin-right:0px !important;margin-bottom:0px !important;margin-left:0px !important;}.stk-82f3f35 .stk-button{padding-top:18px !important;padding-right:30px !important;padding-bottom:18px !important;padding-left:30px !important;background:var(--theme-palette-color-8, #ffffff) !important;}.stk-82f3f35 .stk-button:hover:after{background:var(--theme-palette-color-4, #0A1821) !important;opacity:1 !important;}.stk-82f3f35 .stk-button__inner-text{font-size:16px !important;color:var(--theme-palette-color-2, #224DB7) !important;font-weight:700 !important;text-transform:uppercase !important;}.stk-82f3f35 .stk-button:hover .stk-button__inner-text{color:var(--theme-palette-color-8, #ffffff) !important;}@media screen and (max-width:999px){.stk-82f3f35 .stk-button__inner-text{font-size:16px !important;}}<\/style><a class=\"stk-link stk-button stk--hover-effect-darken\" href=\"\"><span class=\"has-text-color has-palette-color-2-color stk-button__inner-text\"> contact form<\/span><\/a><\/div>\n<\/div><\/div>\n<\/div><\/div><\/div>\n<\/div><\/div>","protected":false},"excerpt":{"rendered":"<p>Oferty Pracy APLIKUJ W swoich aplikacjach prosimy o zawarcie poni\u017cszego o\u015bwiadczenia: &nbsp;\u201eO\u015bwiadczam, \u017ce zapozna\u0142em\/am si\u0119 z poni\u017csz\u0105 informacj\u0105 oraz zgodnie z art. 6 ust.1 lit.&nbsp;a&nbsp;w&nbsp;zw. z art. 7 RODO wyra\u017cam zgod\u0119 na przetwarzanie danych osobowych zawartych w&nbsp;mojej aplikacji dla potrzeb niniejszej i przysz\u0142ych rekrutacji prowadzonych przez Chemar Ruroci\u0105gi Sp\u00f3\u0142ka z&nbsp;ograniczon\u0105 odpowiedzialno\u015bci\u0105 z siedzib\u0105 w Kielcach, [&hellip;]<\/p>\n","protected":false},"author":1,"featured_media":0,"parent":0,"menu_order":0,"comment_status":"closed","ping_status":"closed","template":"","meta":{"_gspb_post_css":"","_uag_custom_page_level_css":"","iawp_total_views":66,"footnotes":""},"class_list":["post-2026","page","type-page","status-publish","hentry"],"blocksy_meta":[],"featured_image_src":null,"uagb_featured_image_src":{"full":false,"thumbnail":false,"medium":false,"medium_large":false,"large":false,"1536x1536":false,"2048x2048":false,"trp-custom-language-flag":false},"uagb_author_info":{"display_name":"Chemar Ruroci\u0105gi","author_link":"https:\/\/www.chemar-piping.pl\/en\/author\/michpaj\/"},"uagb_comment_info":0,"uagb_excerpt":"Oferty Pracy APLIKUJ W swoich aplikacjach prosimy o zawarcie poni\u017cszego o\u015bwiadczenia: &nbsp;\u201eO\u015bwiadczam, \u017ce zapozna\u0142em\/am si\u0119 z poni\u017csz\u0105 informacj\u0105 oraz zgodnie z art. 6 ust.1 lit.&nbsp;a&nbsp;w&nbsp;zw. z art. 7 RODO wyra\u017cam zgod\u0119 na przetwarzanie danych osobowych zawartych w&nbsp;mojej aplikacji dla potrzeb niniejszej i przysz\u0142ych rekrutacji prowadzonych przez Chemar Ruroci\u0105gi Sp\u00f3\u0142ka z&nbsp;ograniczon\u0105 odpowiedzialno\u015bci\u0105 z siedzib\u0105 w Kielcach,&hellip;","_links":{"self":[{"href":"https:\/\/www.chemar-piping.pl\/en\/wp-json\/wp\/v2\/pages\/2026","targetHints":{"allow":["GET"]}}],"collection":[{"href":"https:\/\/www.chemar-piping.pl\/en\/wp-json\/wp\/v2\/pages"}],"about":[{"href":"https:\/\/www.chemar-piping.pl\/en\/wp-json\/wp\/v2\/types\/page"}],"author":[{"embeddable":true,"href":"https:\/\/www.chemar-piping.pl\/en\/wp-json\/wp\/v2\/users\/1"}],"replies":[{"embeddable":true,"href":"https:\/\/www.chemar-piping.pl\/en\/wp-json\/wp\/v2\/comments?post=2026"}],"version-history":[{"count":55,"href":"https:\/\/www.chemar-piping.pl\/en\/wp-json\/wp\/v2\/pages\/2026\/revisions"}],"predecessor-version":[{"id":4853,"href":"https:\/\/www.chemar-piping.pl\/en\/wp-json\/wp\/v2\/pages\/2026\/revisions\/4853"}],"wp:attachment":[{"href":"https:\/\/www.chemar-piping.pl\/en\/wp-json\/wp\/v2\/media?parent=2026"}],"curies":[{"name":"wp","href":"https:\/\/api.w.org\/{rel}","templated":true}]}}