{"id":3475,"date":"2025-10-10T12:01:39","date_gmt":"2025-10-10T10:01:39","guid":{"rendered":"https:\/\/wwwnowa.chemar-piping.pl\/?page_id=3475"},"modified":"2026-03-27T09:12:47","modified_gmt":"2026-03-27T08:12:47","slug":"materialy-do-uplynnienia","status":"publish","type":"page","link":"https:\/\/www.chemar-piping.pl\/en\/materialy-do-uplynnienia\/","title":{"rendered":"Materials for liquidation"},"content":{"rendered":"<div class=\"wp-block-stackable-columns alignfull stk-block-columns stk-block stk-579b117 stk-block-background stk--has-background-overlay\" data-block-id=\"579b117\"><style>.stk-579b117 {background-color:var(u002du002dtheme-palette-color-3, #38454A) !important;background-image:url(http:\/\/www.chemar-piping.pl\/wp-content\/uploads\/2024\/09\/download-4-e1725958653223-1.png) !important;min-height:120px !important;padding-top:26px !important;padding-bottom:43px !important;margin-bottom:0px !important;}.stk-579b117:before{background-color:var(u002du002dtheme-palette-color-3, #38454A) !important;opacity:0.7 !important;}@media screen and (max-width:999px){.stk-579b117 {padding-top:80px !important;padding-bottom:80px !important;}}@media screen and (max-width:689px){.stk-579b117 {padding-top:60px !important;padding-bottom:60px !important;}}<\/style><div class=\"stk-row stk-inner-blocks stk-block-content stk-content-align stk-579b117-column\">\n<div class=\"wp-block-stackable-column stk-block-column stk-column stk-block stk-f8a03ee\" data-v=\"4\" data-block-id=\"f8a03ee\"><div class=\"stk-column-wrapper stk-block-column__content stk-container stk-f8a03ee-container stk--no-background stk--no-padding\"><div class=\"stk-block-content stk-inner-blocks stk-f8a03ee-inner-blocks\">\n<div class=\"wp-block-uagb-container uagb-layout-flex uagb-block-b89157ef alignfull uagb-is-root-container\"><div class=\"uagb-container-inner-blocks-wrap\">\n<h2 class=\"wp-block-heading\" id=\"rurociagi-1\" style=\"font-size:clamp(29.303px, 1.831rem + ((1vw - 3.2px) * 1.695), 51px);letter-spacing:0.1px\"><span style=\"color: var(--theme-palette-color-8, #ffffff);\" class=\"stk-highlight\"><span style=\"color: #ffffff;\" class=\"stk-highlight\">Materials for liquidation<\/span><\/span><\/h2>\n\n\n\n<div class=\"wp-block-stackable-divider stk-block-divider stk-block stk-227f16c\" data-block-id=\"227f16c\"><style>.stk-227f16c hr.stk-block-divider__hr{background:var(u002du002dtheme-palette-color-8, #ffffff) !important;height:4px !important;width:100% !important;}.stk-227f16c {margin-bottom:0px !important;top:-60px !important;}<\/style><hr class=\"stk-block-divider__hr\"\/><\/div>\n<\/div><\/div>\n<\/div><\/div><\/div>\n<\/div><\/div>\n\n\n\n<div class=\"wp-block-stackable-columns stk-block-columns stk-block stk-a16c341\" data-block-id=\"a16c341\"><div class=\"stk-row stk-inner-blocks stk-block-content stk-content-align stk-a16c341-column\">\n<div class=\"wp-block-stackable-column stk-block-column stk-column stk-block stk-caaaf55 animated fadeInUp\" data-v=\"4\" data-block-id=\"caaaf55\"><div class=\"stk-column-wrapper stk-block-column__content stk-container stk-caaaf55-container stk--no-background stk--no-padding\"><div class=\"stk-block-content stk-inner-blocks stk-caaaf55-inner-blocks\">\n<div class=\"wp-block-stackable-columns stk-block-columns stk-block stk-52ad32f\" data-block-id=\"52ad32f\"><div class=\"stk-row stk-inner-blocks stk-block-content stk-content-align stk-52ad32f-column\">\n<div class=\"wp-block-stackable-column stk-block-column stk-column stk-block stk-df9f947\" data-v=\"4\" data-block-id=\"df9f947\"><div class=\"stk-column-wrapper stk-block-column__content stk-container stk-df9f947-container stk--no-background stk--no-padding\"><div class=\"stk-block-content stk-inner-blocks stk-df9f947-inner-blocks\">\n<div style=\"height:30px\" aria-hidden=\"true\" class=\"wp-block-spacer\"><\/div>\n\n\n\n<div class=\"wp-block-group is-layout-constrained wp-block-group-is-layout-constrained\">\n<p><strong>Chemar Ruroci\u0105gi Sp. z o.o. has surplus materials for liquidation.<\/strong><\/p>\n\n\n\n<div class=\"wp-block-stackable-columns stk-block-columns stk-block stk-a0c503c\" data-block-id=\"a0c503c\"><style>.stk-a0c503c {margin-top:0px !important;margin-bottom:3px !important;margin-left:0px !important;}<\/style><div class=\"stk-row stk-inner-blocks stk-block-content stk-content-align stk-a0c503c-column\">\n<div class=\"wp-block-stackable-column stk-block-column stk-column stk-block stk-c88799b\" data-v=\"4\" data-block-id=\"c88799b\"><style>@media screen and (min-width:690px){.stk-c88799b {flex:var(--stk-flex-grow, 1) 1 calc(5.099999999999994% - var(--stk-column-gap, 0px) * 1 \/ 2 ) !important;}}<\/style><div class=\"stk-column-wrapper stk-block-column__content stk-container stk-c88799b-container stk--no-background stk--no-padding\"><div class=\"stk-block-content stk-inner-blocks stk-c88799b-inner-blocks\">\n<div class=\"wp-block-stackable-icon stk-block-icon animated bounceIn stk-block stk-25e6a77\" data-block-id=\"25e6a77\"><style>.stk-25e6a77 {bottom:3px !important;}.stk-25e6a77 .stk--svg-wrapper .stk--inner-svg svg:last-child, .stk-25e6a77 .stk--svg-wrapper .stk--inner-svg svg:last-child :is(g, path, rect, polygon, ellipse){fill:var(--theme-palette-color-1, #264796) !important;}<\/style><span class=\"stk--svg-wrapper\"><div class=\"stk--inner-svg\"><svg style=\"height:0;width:0\"><defs><lineargradient id=\"linear-gradient-25e6a77\" x1=\"0\" x2=\"100%\" y1=\"0\" y2=\"0\"><stop offset=\"0%\" style=\"stop-opacity:1;stop-color:var(--linear-gradient-25-e-6-a-77-color-1)\"><\/stop><stop offset=\"100%\" style=\"stop-opacity:1;stop-color:var(--linear-gradient-25-e-6-a-77-color-2)\"><\/stop><\/lineargradient><\/defs><\/svg><svg xmlns=\"http:\/\/www.w3.org\/2000\/svg\" viewbox=\"0 0 512 512\" aria-hidden=\"true\" width=\"32\" height=\"32\"><path d=\"M64 464l48 0 0 48-48 0c-35.3 0-64-28.7-64-64L0 64C0 28.7 28.7 0 64 0L229.5 0c17 0 33.3 6.7 45.3 18.7l90.5 90.5c12 12 18.7 28.3 18.7 45.3L384 304l-48 0 0-144-80 0c-17.7 0-32-14.3-32-32l0-80L64 48c-8.8 0-16 7.2-16 16l0 384c0 8.8 7.2 16 16 16zM176 352l32 0c30.9 0 56 25.1 56 56s-25.1 56-56 56l-16 0 0 32c0 8.8-7.2 16-16 16s-16-7.2-16-16l0-48 0-80c0-8.8 7.2-16 16-16zm32 80c13.3 0 24-10.7 24-24s-10.7-24-24-24l-16 0 0 48 16 0zm96-80l32 0c26.5 0 48 21.5 48 48l0 64c0 26.5-21.5 48-48 48l-32 0c-8.8 0-16-7.2-16-16l0-128c0-8.8 7.2-16 16-16zm32 128c8.8 0 16-7.2 16-16l0-64c0-8.8-7.2-16-16-16l-16 0 0 96 16 0zm80-112c0-8.8 7.2-16 16-16l48 0c8.8 0 16 7.2 16 16s-7.2 16-16 16l-32 0 0 32 32 0c8.8 0 16 7.2 16 16s-7.2 16-16 16l-32 0 0 48c0 8.8-7.2 16-16 16s-16-7.2-16-16l0-64 0-64z\"\/><\/svg><\/div><\/span><\/div>\n<\/div><\/div><\/div>\n\n\n\n<div class=\"wp-block-stackable-column stk-block-column stk-column stk-block stk-792db85\" data-v=\"4\" data-block-id=\"792db85\"><style>@media screen and (min-width:690px){.stk-792db85 {flex:var(--stk-flex-grow, 1) 1 calc(94.9% - var(--stk-column-gap, 0px) * 1 \/ 2 ) !important;}}<\/style><div class=\"stk-column-wrapper stk-block-column__content stk-container stk-792db85-container stk--no-background stk--no-padding\"><div class=\"stk-block-content stk-inner-blocks stk-792db85-inner-blocks\">\n<p><a href=\"https:\/\/www.chemar-piping.pl\/wp-content\/uploads\/2026\/03\/RURY-DO-ODSPRZEDAZY-2026.pdf\" target=\"_blank\" rel=\"noreferrer noopener\">Pipes for resale<\/a><\/p>\n<\/div><\/div><\/div>\n<\/div><\/div>\n\n\n\n<p>If you are interested, please contact the Purchasing Office.<\/p>\n\n\n\n<p>Contact details:<br><strong>Purchasing Office<\/strong><\/p>\n\n\n<div class=\"ct-block-wrapper\">\n<div class=\"ct-contact-info-block\" style=\"--theme-icon-size:18px;--items-spacing:15px;--items-direction:column;--theme-icon-color:var(--wp--preset--color--white);--theme-icon-hover-color:var(--wp--preset--color--pale-cyan-blue);--background-color:var(--wp--preset--color--palette-color-1);--background-hover-color:var(--wp--preset--color--palette-color-1);\">\n\t\t<ul data-icons-type=\"rounded:solid\">\n\t\t\t\t\t\t\t\t\t\t\t<li class=\"\">\n\t\t\t\t\t<span class=\"ct-icon-container\"><svg width=\"18\" height=\"18\" viewbox=\"0 0 20 20\" aria-hidden=\"true\"><path d=\"M4.4,0C4,0,3.6,0.2,3.2,0.4l0,0l0,0L0.8,2.9l0,0C0,3.6-0.2,4.7,0.1,5.6c0,0,0,0,0,0c0.7,1.9,2.3,5.5,5.6,8.7c3.3,3.3,6.9,4.9,8.7,5.6h0c0.9,0.3,1.9,0.1,2.7-0.5l2.4-2.4c0.6-0.6,0.6-1.7,0-2.4l-3.1-3.1l0,0c-0.6-0.6-1.8-0.6-2.4,0l-1.5,1.5c-0.6-0.3-1.9-1-3.1-2.2C8,9.5,7.4,8.2,7.2,7.6l1.5-1.5c0.6-0.6,0.7-1.7,0-2.4l0,0L8.6,3.6L5.6,0.5l0,0l0,0C5.2,0.2,4.8,0,4.4,0zM4.4,1.5c0.1,0,0.1,0,0.2,0.1l3.1,3.1l0.1,0.1c0,0,0,0.1,0,0.2L5.7,6.9L5.3,7.3l0.2,0.5c0,0,0.9,2.4,2.7,4.1L8.4,12c1.8,1.6,3.9,2.5,3.9,2.5l0.5,0.2l2.3-2.3c0.1-0.1,0.1-0.1,0.2,0l3.1,3.1c0.1,0.1,0.1,0.1,0,0.2l-2.4,2.4c-0.4,0.3-0.7,0.4-1.2,0.2c-1.7-0.7-5.1-2.2-8.1-5.2c-3-3-4.6-6.5-5.2-8.2c-0.1-0.3,0-0.8,0.2-1l0,0l2.3-2.4C4.2,1.6,4.3,1.5,4.4,1.5z\"\/><\/svg><\/span>\n\t\t\t\t\t\t\t\t\t\t\t<div class=\"contact-info\">\n\t\t\t\t\t\t\t\n\t\t\t\t\t\t\t\t\t\t\t\t\t\t\t<span class=\"contact-text\">\n\t\t\t\t\t\t\t\t\t\t\t\t\t\t\t\t\t\t\t<a href=\"tel:+48697612829\" >\n\t\t\t\t\t\t\t\t\t\n\t\t\t\t\t\t\t\t\t+48 \/ 697 612 829\n\t\t\t\t\t\t\t\t\t\t\t\t\t\t\t\t\t\t\t<\/a>\n\t\t\t\t\t\t\t\t\t\t\t\t\t\t\t\t\t<\/span>\n\t\t\t\t\t\t\t\t\t\t\t\t\t<\/div>\n\t\t\t\t\t\t\t\t\t<\/li>\n\t\t\t\t\t\t\t\t\t\t\t<li class=\"\">\n\t\t\t\t\t<span class=\"ct-icon-container\"><svg width=\"18\" height=\"18\" viewbox=\"0 0 20 20\" aria-hidden=\"true\"><path d=\"M10,0C4.5,0,0,4.5,0,10s4.5,10,10,10h5v-2h-5c-4.4,0-8-3.6-8-8s3.6-8,8-8s8,3.6,8,8v1.5c0,0.8-0.7,1.5-1.5,1.5S15,12.3,15,11.5V10c0-2.7-2.3-5-5-5s-5,2.3-5,5s2.3,5,5,5c1.4,0,2.7-0.6,3.6-1.6c0.6,0.9,1.7,1.6,2.9,1.6c1.9,0,3.5-1.6,3.5-3.5V10C20,4.5,15.5,0,10,0zM10,7c1.7,0,3,1.3,3,3s-1.3,3-3,3s-3-1.3-3-3S8.3,7,10,7z\"\/><\/svg><\/span>\n\t\t\t\t\t\t\t\t\t\t\t<div class=\"contact-info\">\n\t\t\t\t\t\t\t\n\t\t\t\t\t\t\t\t\t\t\t\t\t\t\t<span class=\"contact-text\">\n\t\t\t\t\t\t\t\t\t\n\t\t\t\t\t\t\t\t\tdz@chemar-piping.pl\n\t\t\t\t\t\t\t\t\t\t\t\t\t\t\t\t\t<\/span>\n\t\t\t\t\t\t\t\t\t\t\t\t\t<\/div>\n\t\t\t\t\t\t\t\t\t<\/li>\n\t\t\t\t\t<\/ul>\n\n\t\t<\/div>\n<\/div><\/div>\n<\/div><\/div><\/div>\n<\/div><\/div>\n<\/div><\/div><\/div>\n<\/div><\/div>\n\n\n\n<div class=\"wp-block-stackable-columns stk-block-columns stk-block stk-45929f8 stk-block-background animated fadeInUp uag-blocks-common-selector\" style=\"--z-index-desktop:2;;--z-index-tablet:undefined;;--z-index-mobile:undefined;\" data-block-id=\"45929f8\"><style>.stk-45929f8 .stk--block-align-45929f8{align-items:center !important;}.stk-45929f8 {background-color:var(--theme-palette-color-1, #224DB7) !important;padding-top:50px !important;padding-right:55px !important;padding-bottom:50px !important;padding-left:55px !important;margin-top:101px !important;margin-bottom:92px !important;z-index:2 !important;}.stk-45929f8:before{background-color:var(--theme-palette-color-1, #224DB7) !important;}.stk-45929f8-column{--stk-column-gap:50px !important;row-gap:50px !important;}<\/style><div class=\"stk-row stk-inner-blocks stk--block-align-45929f8 stk-block-content stk-content-align stk-45929f8-column\">\n<div class=\"wp-block-stackable-column stk-block-column stk-column stk-block stk-7a55db8\" data-v=\"4\" data-block-id=\"7a55db8\"><style>.stk-7a55db8-container{margin-top:0px !important;margin-right:0px !important;margin-bottom:0px !important;margin-left:0px !important;}@media screen and (min-width:690px) and (max-width:999px){.stk-7a55db8 {flex:var(--stk-flex-grow, 1) 1 calc(100% - var(--stk-column-gap, 0px) * 0 \/ 1 ) !important;}}<\/style><div class=\"stk-column-wrapper stk-block-column__content stk-container stk-7a55db8-container stk--no-background stk--no-padding\"><div class=\"stk-block-content stk-inner-blocks stk-7a55db8-inner-blocks\">\n<div class=\"wp-block-stackable-heading stk-block-heading stk-block-heading--v2 stk-block stk-e3ff0d9\" id=\"span-style-color-00000000-class-stk-highlight-span-skontaktuj-sie-z-nami\" data-block-id=\"e3ff0d9\"><style>.stk-e3ff0d9 {margin-top:-5px !important;margin-bottom:10px !important;top:4px !important;}.stk-e3ff0d9 .stk-block-heading__text{color:var(--theme-palette-color-8, #ffffff) !important;}@media screen and (max-width:999px){.stk-e3ff0d9 {margin-bottom:20px !important;}.stk-e3ff0d9 .stk-block-heading__text{font-size:30px !important;}}<\/style><h2 class=\"stk-block-heading__text has-text-color has-palette-color-8-color has-text-align-center-tablet stk-block-heading--use-theme-margins\"><span style=\"color: #00000000;\" class=\"stk-highlight\">.  <\/span>     Contact us<\/h2><\/div>\n\n\n\n<div class=\"wp-block-stackable-text stk-block-text stk-block stk-bc5b221\" data-block-id=\"bc5b221\"><style>.stk-bc5b221 {opacity:0.6 !important;}.stk-bc5b221 .stk-block-text__text{color:var(--theme-palette-color-8, #ffffff) !important;}<\/style><p class=\"stk-block-text__text has-text-color has-palette-color-8-color has-text-align-center-tablet\"><\/p><\/div>\n<\/div><\/div><\/div>\n\n\n\n<div class=\"wp-block-stackable-column stk-block-column stk-column stk-block stk-5da9125\" data-v=\"4\" data-block-id=\"5da9125\"><style>.stk-5da9125-container{margin-top:0px !important;margin-right:0px !important;margin-bottom:0px !important;margin-left:0px !important;}@media screen and (min-width:690px) and (max-width:999px){.stk-5da9125 {flex:var(--stk-flex-grow, 1) 1 calc(100% - var(--stk-column-gap, 0px) * 0 \/ 1 ) !important;}}<\/style><div class=\"stk-column-wrapper stk-block-column__content stk-container stk-5da9125-container stk--no-background stk--no-padding\"><div class=\"stk-block-content stk-inner-blocks stk-5da9125-inner-blocks\">\n<div class=\"wp-block-stackable-button-group stk-block-button-group stk-block stk-0de13d8\" data-block-id=\"0de13d8\"><style>.stk-0de13d8 .stk-inner-blocks{column-gap:30px !important;row-gap:20px !important;}<\/style><div class=\"stk-row stk-inner-blocks has-text-align-right has-text-align-center-tablet stk-block-content stk-button-group\">\n<div class=\"wp-block-stackable-button stk-block-button hvr-grow stk-block stk-fad9ac7\" data-block-id=\"fad9ac7\"><style>.stk-fad9ac7 {margin-top:0px !important;margin-right:0px !important;margin-bottom:0px !important;margin-left:0px !important;}.stk-fad9ac7 .stk-button{padding-top:18px !important;padding-right:30px !important;padding-bottom:18px !important;padding-left:30px !important;background:transparent !important;}.stk-fad9ac7 .stk-button:hover:after{background:var(--theme-palette-color-4, #0A1821) !important;opacity:1 !important;}:where(.stk-hover-parent:hover,  .stk-hover-parent.stk--is-hovered) .stk-fad9ac7 .stk-button:after{background:transparent !important;opacity:1 !important;}.stk-fad9ac7 .stk-button:before{border-style:solid !important;border-color:var(--theme-palette-color-8, #ffffff) !important;border-top-width:2px !important;border-right-width:2px !important;border-bottom-width:2px !important;border-left-width:2px !important;}.stk-fad9ac7 .stk-button:hover:before{border-color:var(--theme-palette-color-4, #0A1821) !important;}.stk-fad9ac7 .stk-button .stk--inner-svg svg:last-child, .stk-fad9ac7 .stk-button .stk--inner-svg svg:last-child :is(g, path, rect, polygon, ellipse){fill:var(--theme-palette-color-4, #0A1821) !important;}.stk-fad9ac7 .stk-button:hover .stk--inner-svg svg:last-child, .stk-fad9ac7 .stk-button:hover .stk--inner-svg svg:last-child :is(g, path, rect, polygon, ellipse){fill:var(--theme-palette-color-2, #224DB7) !important;}.stk-fad9ac7 .stk-button__inner-text{font-size:16px !important;color:var(--theme-palette-color-8, #ffffff) !important;font-weight:700 !important;text-transform:uppercase !important;}.stk-fad9ac7 .stk-button:hover .stk-button__inner-text{color:var(--theme-palette-color-8, #ffffff) !important;}@media screen and (max-width:999px){.stk-fad9ac7 .stk-button__inner-text{font-size:16px !important;}}<\/style><a class=\"stk-link stk-button stk--hover-effect-darken\" href=\"https:\/\/www.chemar-piping.pl\/en\/dane-kontaktowe\/\"><span class=\"has-text-color has-palette-color-8-color stk-button__inner-text\">     contact     <\/span><\/a><\/div>\n\n\n\n<div class=\"wp-block-stackable-button stk-block-button hvr-grow stk-block stk-82f3f35\" data-block-id=\"82f3f35\"><style>.stk-82f3f35 {margin-top:0px !important;margin-right:0px !important;margin-bottom:0px !important;margin-left:0px !important;}.stk-82f3f35 .stk-button{padding-top:18px !important;padding-right:30px !important;padding-bottom:18px !important;padding-left:30px !important;background:var(--theme-palette-color-8, #ffffff) !important;}.stk-82f3f35 .stk-button:hover:after{background:var(--theme-palette-color-4, #0A1821) !important;opacity:1 !important;}.stk-82f3f35 .stk-button__inner-text{font-size:16px !important;color:var(--theme-palette-color-2, #224DB7) !important;font-weight:700 !important;text-transform:uppercase !important;}.stk-82f3f35 .stk-button:hover .stk-button__inner-text{color:var(--theme-palette-color-8, #ffffff) !important;}@media screen and (max-width:999px){.stk-82f3f35 .stk-button__inner-text{font-size:16px !important;}}<\/style><a class=\"stk-link stk-button stk--hover-effect-darken\" href=\"https:\/\/www.chemar-piping.pl\/en\/formularz-kontaktowy\/\"><span class=\"has-text-color has-palette-color-2-color stk-button__inner-text\">contact form<\/span><\/a><\/div>\n<\/div><\/div>\n<\/div><\/div><\/div>\n<\/div><\/div>","protected":false},"excerpt":{"rendered":"<p>Materia\u0142y do up\u0142ynnienia Chemar Ruroci\u0105gi Sp. z o.o. posiada materia\u0142y do up\u0142ynnienia. Rury do odsprzeda\u017cy W razie zainteresowania prosimy o kontakt z Biurem Zakup\u00f3w. Dane kontaktowe:Biuro Zakup\u00f3w . Skontaktuj si\u0119 z nami kontakt formularz kontaktowy<\/p>","protected":false},"author":1,"featured_media":0,"parent":0,"menu_order":0,"comment_status":"closed","ping_status":"closed","template":"","meta":{"_gspb_post_css":"","_uag_custom_page_level_css":"","iawp_total_views":18,"footnotes":""},"class_list":["post-3475","page","type-page","status-publish","hentry"],"blocksy_meta":[],"featured_image_src":null,"uagb_featured_image_src":{"full":false,"thumbnail":false,"medium":false,"medium_large":false,"large":false,"1536x1536":false,"2048x2048":false,"trp-custom-language-flag":false},"uagb_author_info":{"display_name":"Chemar Ruroci\u0105gi","author_link":"https:\/\/www.chemar-piping.pl\/en\/author\/michpaj\/"},"uagb_comment_info":0,"uagb_excerpt":"Materia\u0142y do up\u0142ynnienia Chemar Ruroci\u0105gi Sp. z o.o. posiada materia\u0142y do up\u0142ynnienia. Rury do odsprzeda\u017cy W razie zainteresowania prosimy o kontakt z Biurem Zakup\u00f3w. Dane kontaktowe:Biuro Zakup\u00f3w . Skontaktuj si\u0119 z nami kontakt formularz kontaktowy","_links":{"self":[{"href":"https:\/\/www.chemar-piping.pl\/en\/wp-json\/wp\/v2\/pages\/3475","targetHints":{"allow":["GET"]}}],"collection":[{"href":"https:\/\/www.chemar-piping.pl\/en\/wp-json\/wp\/v2\/pages"}],"about":[{"href":"https:\/\/www.chemar-piping.pl\/en\/wp-json\/wp\/v2\/types\/page"}],"author":[{"embeddable":true,"href":"https:\/\/www.chemar-piping.pl\/en\/wp-json\/wp\/v2\/users\/1"}],"replies":[{"embeddable":true,"href":"https:\/\/www.chemar-piping.pl\/en\/wp-json\/wp\/v2\/comments?post=3475"}],"version-history":[{"count":17,"href":"https:\/\/www.chemar-piping.pl\/en\/wp-json\/wp\/v2\/pages\/3475\/revisions"}],"predecessor-version":[{"id":4686,"href":"https:\/\/www.chemar-piping.pl\/en\/wp-json\/wp\/v2\/pages\/3475\/revisions\/4686"}],"wp:attachment":[{"href":"https:\/\/www.chemar-piping.pl\/en\/wp-json\/wp\/v2\/media?parent=3475"}],"curies":[{"name":"wp","href":"https:\/\/api.w.org\/{rel}","templated":true}]}}