{"id":3511,"date":"2025-10-13T10:39:24","date_gmt":"2025-10-13T08:39:24","guid":{"rendered":"https:\/\/wwwnowa.chemar-piping.pl\/?page_id=3511"},"modified":"2026-03-10T09:50:58","modified_gmt":"2026-03-10T08:50:58","slug":"dofinansowanie-z-funduszy-europejskich-dla-nowoczesnej-gospodarki","status":"publish","type":"page","link":"https:\/\/www.chemar-piping.pl\/en\/dofinansowanie-z-funduszy-europejskich-dla-nowoczesnej-gospodarki\/","title":{"rendered":"European Funding for the Modern Economy ( FENG) 2021-2027"},"content":{"rendered":"<div class=\"wp-block-stackable-columns alignfull stk-block-columns stk-block stk-579b117 stk-block-background stk--has-background-overlay\" data-block-id=\"579b117\"><style>.stk-579b117 {background-color:var(u002du002dtheme-palette-color-3, #38454A) !important;background-image:url(http:\/\/www.chemar-piping.pl\/wp-content\/uploads\/2024\/09\/download-4-e1725958653223-1.png) !important;min-height:175px !important;padding-top:26px !important;padding-bottom:43px !important;margin-bottom:0px !important;}.stk-579b117:before{background-color:var(u002du002dtheme-palette-color-3, #38454A) !important;opacity:0.7 !important;}@media screen and (max-width:999px){.stk-579b117 {padding-top:80px !important;padding-bottom:80px !important;}}@media screen and (max-width:689px){.stk-579b117 {padding-top:60px !important;padding-bottom:60px !important;}}<\/style><div class=\"stk-row stk-inner-blocks stk-block-content stk-content-align stk-579b117-column\">\n<div class=\"wp-block-stackable-column stk-block-column stk-column stk-block stk-f8a03ee\" data-v=\"4\" data-block-id=\"f8a03ee\"><div class=\"stk-column-wrapper stk-block-column__content stk-container stk-f8a03ee-container stk--no-background stk--no-padding\"><div class=\"stk-block-content stk-inner-blocks stk-f8a03ee-inner-blocks\">\n<div class=\"wp-block-uagb-container uagb-layout-flex uagb-block-b89157ef alignfull uagb-is-root-container\"><div class=\"uagb-container-inner-blocks-wrap\">\n<h2 class=\"wp-block-heading\" id=\"rurociagi-1\" style=\"font-size:clamp(26.465px, 1.654rem + ((1vw - 3.2px) * 1.448), 45px);letter-spacing:0.01px\"><span style=\"color: #ffffff;\" class=\"stk-highlight\">Funding from the European Funds for a Modern Economy (FENG) 2021-2027<\/span><\/h2>\n\n\n\n<div class=\"wp-block-stackable-divider stk-block-divider stk-block stk-227f16c\" data-block-id=\"227f16c\"><style>.stk-227f16c hr.stk-block-divider__hr{background:var(u002du002dtheme-palette-color-8, #ffffff) !important;height:4px !important;width:100% !important;}.stk-227f16c {margin-bottom:0px !important;top:-50px !important;}<\/style><hr class=\"stk-block-divider__hr\"\/><\/div>\n<\/div><\/div>\n<\/div><\/div><\/div>\n<\/div><\/div>\n\n\n\n<div class=\"wp-block-stackable-columns stk-block-columns stk-block stk-1cef4ae animated fadeInUp\" data-block-id=\"1cef4ae\"><style>.stk-1cef4ae {margin-bottom:17px !important;}.stk-1cef4ae-column{max-width:1050px !important;min-width:auto !important;}<\/style><div class=\"stk-row stk-inner-blocks stk-block-content stk-content-align stk-1cef4ae-column\">\n<div class=\"wp-block-stackable-column stk-block-column stk-column stk-block stk-96ab05f\" data-v=\"4\" data-block-id=\"96ab05f\"><div class=\"stk-column-wrapper stk-block-column__content stk-container stk-96ab05f-container stk--no-background stk--no-padding\"><div class=\"stk-block-content stk-inner-blocks stk-96ab05f-inner-blocks\">\n<figure class=\"wp-block-image size-full\"><img loading=\"lazy\" decoding=\"async\" width=\"1600\" height=\"215\" src=\"https:\/\/www.chemar-piping.pl\/wp-content\/uploads\/2025\/10\/fe_nowoczesna_gospodarka-scaled-e1760102196990.jpg\" alt=\"\" class=\"wp-image-3499\"\/><\/figure>\n<\/div><\/div><\/div>\n<\/div><\/div>\n\n\n\n<div class=\"wp-block-uagb-container animated fadeInUp uagb-block-acfbccc2 default uagb-is-root-container\">\n<p class=\"has-text-align-center\" style=\"margin-top:0px;font-size:clamp(14.082px, 0.88rem + ((1vw - 3.2px) * 0.54), 21px);\"><strong>On September 26, 2025, an agreement was signed with Bank Gospodarstwa Krajowego for co-financing the project entitled:.&nbsp;<\/strong><\/p>\n\n\n\n<h4 class=\"wp-block-heading has-text-align-center\" id=\"poprawa-efektywnosci-energetycznej-przedsiebiorstwa-chemar-rurociagi-sp-z-o-o-poprzez-prace-termomodernizacyjne-zasadnicza-zmiane-produkcji-oraz-montaz-instalacji-fotowoltaicznej\"><em><strong>\u201e&quot;Improving the energy efficiency of the Chemar Ruroci\u0105gi Sp. z o. o. enterprise through thermal modernization works, a fundamental change in production and the installation of a photovoltaic installation.&quot;.<\/strong><\/em><\/h4>\n\n\n\n<div class=\"wp-block-stackable-divider stk-block-divider has-text-align-left stk-block stk-27f957a\" data-block-id=\"27f957a\"><style>.stk-27f957a hr.stk-block-divider__hr{height:5px !important;width:100% !important;}.stk-27f957a {margin-bottom:0px !important;}<\/style><hr class=\"stk-block-divider__hr\"\/><\/div>\n<\/div>\n\n\n\n<div class=\"wp-block-uagb-container animated fadeInUp uagb-block-d665d4f0 default uagb-is-root-container\">\n<p>The project will include thermal modernisation of the production building, i.e. bricking up the roof skylights, replacing the roof skylights, insulating the flat roof, installing mechanical ventilation, modernising the heating system with a heat recovery system, purchasing machinery: a horizontal table drilling and milling machine, a horizontal drilling and milling machine, a large CNC lathe, a small CNC lathe, a burner system for the processing furnace, a forging furnace, and installing new photovoltaic installations with a capacity of 150 kW.<\/p>\n\n\n\n<p>The aim of the project is to increase the energy efficiency of the company by carrying out thermal modernisation works of the production building (bricking up roof skylights, replacing roof skylights, insulating the flat roof, installing mechanical ventilation, modernising the heating system with a heat recovery system), obtaining energy from renewable energy sources and fundamentally changing the production process through the purchase of new machinery.<\/p>\n\n\n\n<p>The project&#039;s primary target group is Chemar Ruroci\u0105gi Sp. z o.o., particularly production and technical employees, as well as management staff responsible for the implementation of technological processes and energy management at the plant. An indirect target group includes contractors and customers of the company&#039;s products, who, thanks to the modernization of the production process, will receive products manufactured using a more efficient, modern, and environmentally friendly production process. The local community and the natural environment will benefit from reduced energy consumption, reduced CO\u2082 emissions, and increased use of renewable energy sources.<\/p>\n\n\n\n<p>The project results will include a reduction in the annual primary energy consumption in enterprises, annual energy savings, a reduction in CO2 emissions, a reduction in working time in the machining process and the amount of waste in the form of cutting tool waste, as well as the introduction of process innovations and the implementation of solutions extending the product life cycle included in the technical design of the device.<\/p>\n\n\n\n<p style=\"margin-top:10px;margin-bottom:10px;font-size:clamp(14.082px, 0.88rem + ((1vw - 3.2px) * 0.54), 21px);\">Implementation period: 01\/04\/2025 \u2013 30\/06\/2027<\/p>\n<\/div>\n\n\n\n<div class=\"wp-block-stackable-columns stk-block-columns stk-block stk-60ff851 animated fadeInUp\" data-block-id=\"60ff851\"><style>.stk-60ff851 {margin-bottom:0px !important;}.stk-60ff851-column{max-width:1155px !important;min-width:auto !important;}<\/style><div class=\"stk-row stk-inner-blocks stk-block-content stk-content-align stk-60ff851-column\">\n<div class=\"wp-block-stackable-column stk-block-column stk-column stk-block stk-f178748\" data-v=\"4\" data-block-id=\"f178748\"><style>.stk-f178748 {align-items:flex-start !important;margin-top:-10px !important;margin-left:50px !important;display:flex !important;top:11px !important;}.stk-f178748-container{padding-top:0px !important;padding-right:0px !important;padding-bottom:0px !important;padding-left:0px !important;}@media screen and (min-width:690px){.stk-f178748 {flex:var(--stk-flex-grow, 1) 1 calc(50% - var(--stk-column-gap, 0px) * 2 \/ 3 ) !important;}}<\/style><div class=\"stk-column-wrapper stk-block-column__content stk-container stk-f178748-container stk--no-background stk--no-padding\"><div class=\"stk-block-content stk-inner-blocks stk-f178748-inner-blocks\">\n<p class=\"has-palette-color-1-color has-text-color has-link-color wp-elements-c1f75fb80ee29339a62740fb73a81d0c\" style=\"font-size:clamp(17.371px, 1.086rem + ((1vw - 3.2px) * 0.752), 27px);\"><strong>Project value:<\/strong><\/p>\n<\/div><\/div><\/div>\n\n\n\n<div class=\"wp-block-stackable-column stk-block-column stk-column stk-block stk-03188c0\" data-v=\"4\" data-block-id=\"03188c0\"><style>@media screen and (min-width:690px){.stk-03188c0 {flex:var(--stk-flex-grow, 1) 1 calc(25% - var(--stk-column-gap, 0px) * 2 \/ 3 ) !important;}}<\/style><div class=\"stk-column-wrapper stk-block-column__content stk-container stk-03188c0-container stk--no-background stk--no-padding\"><div class=\"has-text-align-right stk-block-content stk-inner-blocks stk-03188c0-inner-blocks\">\n<div class=\"wp-block-greenshift-blocks-counter gs-counterwrap gspb_counter-id-gsbp-e0c68da\"><div class=\"gs-counterdiv\"><div class=\"gs-counter\" data-start=\"0\" data-end=\"10238828\" data-duration=\"2\">0<\/div><\/div><\/div>\n<\/div><\/div><\/div>\n\n\n\n<div class=\"wp-block-stackable-column stk-block-column stk-column stk-block stk-1cf301f\" data-v=\"4\" data-block-id=\"1cf301f\"><style>@media screen and (min-width:690px){.stk-1cf301f {flex:var(--stk-flex-grow, 1) 1 calc(25% - var(--stk-column-gap, 0px) * 2 \/ 3 ) !important;}}<\/style><div class=\"stk-column-wrapper stk-block-column__content stk-container stk-1cf301f-container stk--no-background stk--no-padding\"><div class=\"stk-block-content stk-inner-blocks stk-1cf301f-inner-blocks\">\n<div class=\"wp-block-stackable-text stk-block-text stk-block stk-232727a\" data-block-id=\"232727a\"><style>.stk-232727a {top:-21px !important;}.stk-232727a .stk-block-text__text{font-size:46px !important;color:var(u002du002dtheme-palette-color-1, #264796) !important;}@media screen and (max-width:999px){.stk-232727a .stk-block-text__text{font-size:46px !important;}}<\/style><p class=\"stk-block-text__text has-text-color\">.45 PLN<\/p><\/div>\n<\/div><\/div><\/div>\n<\/div><\/div>\n\n\n\n<div class=\"wp-block-stackable-columns stk-block-columns stk-block stk-131a0dd animated fadeInUp\" data-block-id=\"131a0dd\"><style>.stk-131a0dd {margin-bottom:0px !important;}.stk-131a0dd-column{max-width:1155px !important;min-width:auto !important;}<\/style><div class=\"stk-row stk-inner-blocks stk-block-content stk-content-align stk-131a0dd-column\">\n<div class=\"wp-block-stackable-column stk-block-column stk-column stk-block stk-aa8027e\" data-v=\"4\" data-block-id=\"aa8027e\"><style>.stk-aa8027e {margin-top:-10px !important;margin-left:50px !important;top:11px !important;}@media screen and (min-width:690px){.stk-aa8027e {flex:var(--stk-flex-grow, 1) 1 calc(52.4% - var(--stk-column-gap, 0px) * 2 \/ 3 ) !important;}}<\/style><div class=\"stk-column-wrapper stk-block-column__content stk-container stk-aa8027e-container stk--no-background stk--no-padding\"><div class=\"stk-block-content stk-inner-blocks stk-aa8027e-inner-blocks\">\n<p class=\"has-palette-color-1-color has-text-color has-link-color wp-elements-0d523fc216eed523eacb335f0cb73e75\" style=\"font-size:clamp(17.371px, 1.086rem + ((1vw - 3.2px) * 0.752), 27px);\"><strong>Amount of contribution from European Funds:<\/strong><\/p>\n<\/div><\/div><\/div>\n\n\n\n<div class=\"wp-block-stackable-column stk-block-column stk-column stk-block stk-3b7fd38\" data-v=\"4\" data-block-id=\"3b7fd38\"><style>@media screen and (min-width:690px){.stk-3b7fd38 {flex:var(--stk-flex-grow, 1) 1 calc(22.599999999999994% - var(--stk-column-gap, 0px) * 2 \/ 3 ) !important;}}<\/style><div class=\"stk-column-wrapper stk-block-column__content stk-container stk-3b7fd38-container stk--no-background stk--no-padding\"><div class=\"has-text-align-right stk-block-content stk-inner-blocks stk-3b7fd38-inner-blocks\">\n<div class=\"wp-block-greenshift-blocks-counter gs-counterwrap gspb_counter-id-gsbp-a0b6629\"><div class=\"gs-counterdiv\"><div class=\"gs-counter\" data-start=\"0\" data-end=\"6417976\" data-duration=\"2\">0<\/div><\/div><\/div>\n<\/div><\/div><\/div>\n\n\n\n<div class=\"wp-block-stackable-column stk-block-column stk-column stk-block stk-ded4a4b\" data-v=\"4\" data-block-id=\"ded4a4b\"><style>@media screen and (min-width:690px){.stk-ded4a4b {flex:var(--stk-flex-grow, 1) 1 calc(25% - var(--stk-column-gap, 0px) * 2 \/ 3 ) !important;}}<\/style><div class=\"stk-column-wrapper stk-block-column__content stk-container stk-ded4a4b-container stk--no-background stk--no-padding\"><div class=\"stk-block-content stk-inner-blocks stk-ded4a4b-inner-blocks\">\n<div class=\"wp-block-stackable-text stk-block-text stk-block stk-f7901f1\" data-block-id=\"f7901f1\"><style>.stk-f7901f1 {top:-21px !important;}.stk-f7901f1 .stk-block-text__text{font-size:46px !important;color:var(u002du002dtheme-palette-color-1, #264796) !important;}@media screen and (max-width:999px){.stk-f7901f1 .stk-block-text__text{font-size:46px !important;}}<\/style><p class=\"stk-block-text__text has-text-color\">.91 PLN<\/p><\/div>\n<\/div><\/div><\/div>\n<\/div><\/div>\n\n\n\n<div class=\"wp-block-uagb-container animated fadeInUp uagb-block-cdfb5ddd default uagb-is-root-container\">\n<p>The project entitled &quot;Improving the energy efficiency of the Chemar Ruroci\u0105gi Sp. z o. o. enterprise through thermal modernization works, a fundamental change in production and the installation of a photovoltaic installation&quot; carried out by Chemar Ruroci\u0105gi Sp. z o. o. is co-financed by the European Union under&nbsp;<strong>European Funds for a Modern Economy Programme 2021-2027, Priority FENG.03 \u2013 Greening of enterprises, Activity 3.01 \u2013 Ecological Credit.<\/strong><\/p>\n<\/div>\n\n\n\n<p><\/p>","protected":false},"excerpt":{"rendered":"<p>Dofinansowanie z Funduszy Europejskich dla Nowoczesnej Gospodarki (FENG) 2021-2027 W dn. 26.09.2025 r. zosta\u0142a podpisana umowa z Bankiem Gospodarstwa Krajowego na dofinansowanie projektu pn.&nbsp; \u201ePoprawa efektywno\u015bci energetycznej przedsi\u0119biorstwa Chemar Ruroci\u0105gi Sp. z o.o. poprzez prace termomodernizacyjne, zasadnicz\u0105 zmian\u0119 produkcji oraz monta\u017c instalacji fotowoltaicznej\u201d. W ramach projektu zostan\u0105 wykonane prac\u0119 termomodernizacyjne budynku produkcyjnego tj. zamurowanie \u015bwietlik\u00f3w [&hellip;]<\/p>\n","protected":false},"author":1,"featured_media":0,"parent":0,"menu_order":0,"comment_status":"closed","ping_status":"closed","template":"","meta":{"_gspb_post_css":".gspb_counter-id-gsbp-e0c68da,.gspb_counter-id-gsbp-e0c68da .gs-counterwrap{display:flex;align-items:center}.gspb_counter-id-gsbp-e0c68da .gs-counterdiv{display:flex;text-align:center;flex-direction:column;justify-content:center;align-items:center}.gspb_counter-id-gsbp-e0c68da,.gspb_counter-id-gsbp-e0c68da .gs-counterwrap{justify-content:flex-end}.gspb_counter-id-gsbp-e0c68da .gs-counter{color:var(u002du002dwpu002du002dpresetu002du002dcoloru002du002dpalette-color-1, var(u002du002dtheme-palette-color-1, #264796))}.gspb_counter-id-gsbp-e0c68da .gs-counterdiv{border-radius:5px}.gspb_counter-id-gsbp-e0c68da .gs-counter{font-size:52px;line-height:52px;font-weight:400;margin-bottom:5px}.gspb_counter-id-gsbp-e0c68da .gs-counterlabel{font-size:16px;line-height:16px}.gspb_counter-id-gsbp-e0c68da .gs-counterdiv{min-width:200px}body.gspb-bodyfront .gspb_counter-id-gsbp-a0b6629 .gs-counterdiv,body.gspb-bodyfront .gspb_counter-id-gsbp-e0c68da .gs-counterdiv{position:absolute;top:-10px;left:-1.7094017094017095%}.gspb_counter-id-gsbp-a0b6629,.gspb_counter-id-gsbp-a0b6629 .gs-counterwrap{display:flex;align-items:center}.gspb_counter-id-gsbp-a0b6629 .gs-counterdiv{display:flex;text-align:center;flex-direction:column;justify-content:center;align-items:center}.gspb_counter-id-gsbp-a0b6629,.gspb_counter-id-gsbp-a0b6629 .gs-counterwrap{justify-content:flex-end}.gspb_counter-id-gsbp-a0b6629 .gs-counter{color:var(u002du002dwpu002du002dpresetu002du002dcoloru002du002dpalette-color-1, var(u002du002dtheme-palette-color-1, #264796))}.gspb_counter-id-gsbp-a0b6629 .gs-counterdiv{border-radius:5px}.gspb_counter-id-gsbp-a0b6629 .gs-counter{font-size:52px;line-height:52px;font-weight:400;margin-bottom:5px}.gspb_counter-id-gsbp-a0b6629 .gs-counterlabel{font-size:16px;line-height:16px}.gspb_counter-id-gsbp-a0b6629 .gs-counterdiv{min-width:200px}","_uag_custom_page_level_css":"","iawp_total_views":7,"footnotes":""},"class_list":["post-3511","page","type-page","status-publish","hentry"],"blocksy_meta":[],"featured_image_src":null,"uagb_featured_image_src":{"full":false,"thumbnail":false,"medium":false,"medium_large":false,"large":false,"1536x1536":false,"2048x2048":false,"trp-custom-language-flag":false},"uagb_author_info":{"display_name":"Chemar Ruroci\u0105gi","author_link":"https:\/\/www.chemar-piping.pl\/en\/author\/michpaj\/"},"uagb_comment_info":0,"uagb_excerpt":"Dofinansowanie z Funduszy Europejskich dla Nowoczesnej Gospodarki (FENG) 2021-2027 W dn. 26.09.2025 r. zosta\u0142a podpisana umowa z Bankiem Gospodarstwa Krajowego na dofinansowanie projektu pn.&nbsp; \u201ePoprawa efektywno\u015bci energetycznej przedsi\u0119biorstwa Chemar Ruroci\u0105gi Sp. z o.o. poprzez prace termomodernizacyjne, zasadnicz\u0105 zmian\u0119 produkcji oraz monta\u017c instalacji fotowoltaicznej\u201d. W ramach projektu zostan\u0105 wykonane prac\u0119 termomodernizacyjne budynku produkcyjnego tj. zamurowanie \u015bwietlik\u00f3w&hellip;","_links":{"self":[{"href":"https:\/\/www.chemar-piping.pl\/en\/wp-json\/wp\/v2\/pages\/3511","targetHints":{"allow":["GET"]}}],"collection":[{"href":"https:\/\/www.chemar-piping.pl\/en\/wp-json\/wp\/v2\/pages"}],"about":[{"href":"https:\/\/www.chemar-piping.pl\/en\/wp-json\/wp\/v2\/types\/page"}],"author":[{"embeddable":true,"href":"https:\/\/www.chemar-piping.pl\/en\/wp-json\/wp\/v2\/users\/1"}],"replies":[{"embeddable":true,"href":"https:\/\/www.chemar-piping.pl\/en\/wp-json\/wp\/v2\/comments?post=3511"}],"version-history":[{"count":13,"href":"https:\/\/www.chemar-piping.pl\/en\/wp-json\/wp\/v2\/pages\/3511\/revisions"}],"predecessor-version":[{"id":4618,"href":"https:\/\/www.chemar-piping.pl\/en\/wp-json\/wp\/v2\/pages\/3511\/revisions\/4618"}],"wp:attachment":[{"href":"https:\/\/www.chemar-piping.pl\/en\/wp-json\/wp\/v2\/media?parent=3511"}],"curies":[{"name":"wp","href":"https:\/\/api.w.org\/{rel}","templated":true}]}}