{"id":4453,"date":"2026-03-02T10:15:48","date_gmt":"2026-03-02T09:15:48","guid":{"rendered":"https:\/\/wwwnowa.chemar-piping.pl\/?page_id=4453"},"modified":"2026-03-02T11:56:54","modified_gmt":"2026-03-02T10:56:54","slug":"realizacje","status":"publish","type":"page","link":"https:\/\/www.chemar-piping.pl\/en\/realizacje\/","title":{"rendered":"Projects - posts"},"content":{"rendered":"<div class=\"wp-block-stackable-columns stk-block-columns stk-block stk-9514cf4 animated fadeInUp\" data-block-id=\"9514cf4\"><style>.stk-9514cf4 {margin-bottom:0px !important;}.stk-9514cf4-column{max-width:1050px !important;min-width:auto !important;}<\/style><div class=\"stk-row stk-inner-blocks stk-block-content stk-content-align stk-9514cf4-column\">\n<div class=\"wp-block-stackable-column stk-block-column stk-column stk-block stk-b0030a8\" data-v=\"4\" data-block-id=\"b0030a8\"><div class=\"stk-column-wrapper stk-block-column__content stk-container stk-b0030a8-container stk--no-background stk--no-padding\"><div class=\"stk-block-content stk-inner-blocks stk-b0030a8-inner-blocks\">\n<div class=\"wp-block-stackable-heading stk-block-heading stk-block-heading--v2 stk-block stk-7a9f993\" id=\"realizacje\" data-block-id=\"7a9f993\"><h2 class=\"stk-block-heading__text\">Realisations<\/h2><\/div>\n\n\n\n\t\t\t<div data-aos= \"fade\" data-aos-duration=\"400\" data-aos-delay=\"0\" data-aos-easing=\"ease\" data-aos-once=\"true\" class=\"wp-block-uagb-post-carousel uagb-post-grid  uagb-post__image-position-top uagb-post__image-enabled uagb-block-d634c3fe     uagb-post__arrow-outside uagb-post__items uagb-post__columns-3 is-carousel uagb-post__columns-tablet-2 uagb-post__columns-mobile-1\" data-total=\"1\" style=\"\">\n\n\t\t\t\t\t\t\t\t\t\t\t\t<article class=\"uagb-post__inner-wrap\">\t\t\t\t\t\t\t\t<div class='uagb-post__image'>\n\t\t\t\t\t\t\t\t\t<a href=\"https:\/\/www.chemar-piping.pl\/en\/realizacja-ec-belchatow\/\" target=\"_self\" rel=\"bookmark noopener noreferrer\"><img loading=\"lazy\" decoding=\"async\" width=\"1024\" height=\"768\" src=\"https:\/\/www.chemar-piping.pl\/wp-content\/uploads\/2026\/03\/ec_belchatow_-1024x768.webp\" class=\"attachment-large size-large\" alt=\"\" srcset=\"https:\/\/www.chemar-piping.pl\/wp-content\/uploads\/2026\/03\/ec_belchatow_-1024x768.webp 1024w, https:\/\/www.chemar-piping.pl\/wp-content\/uploads\/2026\/03\/ec_belchatow_-300x225.webp 300w, https:\/\/www.chemar-piping.pl\/wp-content\/uploads\/2026\/03\/ec_belchatow_-768x576.webp 768w, https:\/\/www.chemar-piping.pl\/wp-content\/uploads\/2026\/03\/ec_belchatow_-1536x1152.webp 1536w, https:\/\/www.chemar-piping.pl\/wp-content\/uploads\/2026\/03\/ec_belchatow_-16x12.webp 16w, https:\/\/www.chemar-piping.pl\/wp-content\/uploads\/2026\/03\/ec_belchatow_.webp 1920w\" sizes=\"auto, (max-width: 1024px) 100vw, 1024px\" \/>\t\t\t\t\t<\/a>\n\t\t\t\t\t\t\t\t\t<\/div>\n\t\t\t\t\t\t<h4 class=\"uagb-post__title uagb-post__text\">\n\t\t\t\t<a href=\"https:\/\/www.chemar-piping.pl\/en\/realizacja-ec-belchatow\/\" target=\"_self\" rel=\"bookmark noopener noreferrer\">Implementation \u2013 Be\u0142chat\u00f3w Ecological Park<\/a>\n\t\t\t<\/h4>\n\t\t\t\t\t\t\t<div class='uagb-post__text uagb-post__excerpt'>\n\t\t\t\t\t<p>Implementation \u2013 Be\u0142chat\u00f3w Power Plant Contractor: PGE GiEK SA Branch Be\u0142chat\u00f3w Power Plant Project: Be\u0142chat\u00f3w Power Plant Block\u2026\t\t\t\t<\/div>\n\t\t\t\t\t\t<div class=\"uagb-post__text uagb-post__cta wp-block-button\">\n\t\t\t\t<a class=\"wp-block-button__link uagb-text-link\" style=\"\" href=\"https:\/\/www.chemar-piping.pl\/en\/realizacja-ec-belchatow\/\" target=\"_self\" rel=\"bookmark noopener noreferrer\">Read More<\/a>\n\t\t\t<\/div>\n\t\t\t\n\t\t\t\t\t\t\t\t\t<\/article>\n\t\t\t\t\t\t\t\t\t\t\t\t\t\t\t\t<article class=\"uagb-post__inner-wrap\">\t\t\t\t\t\t\t\t<div class='uagb-post__image'>\n\t\t\t\t\t\t\t\t\t<a href=\"https:\/\/www.chemar-piping.pl\/en\/realizacja-ec-plock\/\" target=\"_self\" rel=\"bookmark noopener noreferrer\"><img loading=\"lazy\" decoding=\"async\" width=\"1024\" height=\"768\" src=\"https:\/\/www.chemar-piping.pl\/wp-content\/uploads\/2026\/03\/ec_plock-1024x768.webp\" class=\"attachment-large size-large\" alt=\"\" srcset=\"https:\/\/www.chemar-piping.pl\/wp-content\/uploads\/2026\/03\/ec_plock-1024x768.webp 1024w, https:\/\/www.chemar-piping.pl\/wp-content\/uploads\/2026\/03\/ec_plock-300x225.webp 300w, https:\/\/www.chemar-piping.pl\/wp-content\/uploads\/2026\/03\/ec_plock-768x576.webp 768w, https:\/\/www.chemar-piping.pl\/wp-content\/uploads\/2026\/03\/ec_plock-1536x1152.webp 1536w, https:\/\/www.chemar-piping.pl\/wp-content\/uploads\/2026\/03\/ec_plock-16x12.webp 16w, https:\/\/www.chemar-piping.pl\/wp-content\/uploads\/2026\/03\/ec_plock.webp 1920w\" sizes=\"auto, (max-width: 1024px) 100vw, 1024px\" \/>\t\t\t\t\t<\/a>\n\t\t\t\t\t\t\t\t\t<\/div>\n\t\t\t\t\t\t<h4 class=\"uagb-post__title uagb-post__text\">\n\t\t\t\t<a href=\"https:\/\/www.chemar-piping.pl\/en\/realizacja-ec-plock\/\" target=\"_self\" rel=\"bookmark noopener noreferrer\">Implementation \u2013 P\u0142ock Ecology Centre<\/a>\n\t\t\t<\/h4>\n\t\t\t\t\t\t\t<div class='uagb-post__text uagb-post__excerpt'>\n\t\t\t\t\t<p>Implementation \u2013 P\u0142ock Power Plant Contractor: ORLEN SA Project: P\u0142ock Power Plant Scope: \u201eModernization of high-pressure steam pipelines\u2026\t\t\t\t<\/div>\n\t\t\t\t\t\t<div class=\"uagb-post__text uagb-post__cta wp-block-button\">\n\t\t\t\t<a class=\"wp-block-button__link uagb-text-link\" style=\"\" href=\"https:\/\/www.chemar-piping.pl\/en\/realizacja-ec-plock\/\" target=\"_self\" rel=\"bookmark noopener noreferrer\">Read More<\/a>\n\t\t\t<\/div>\n\t\t\t\n\t\t\t\t\t\t\t\t\t<\/article>\n\t\t\t\t\t\t\t\t\t\t\t\t\t\t\t\t<article class=\"uagb-post__inner-wrap\">\t\t\t\t\t\t\t\t<div class='uagb-post__image'>\n\t\t\t\t\t\t\t\t\t<a href=\"https:\/\/www.chemar-piping.pl\/en\/realizacja-ec-kielce\/\" target=\"_self\" rel=\"bookmark noopener noreferrer\"><img loading=\"lazy\" decoding=\"async\" width=\"1024\" height=\"768\" src=\"https:\/\/www.chemar-piping.pl\/wp-content\/uploads\/2026\/03\/ec_kielce-1024x768.webp\" class=\"attachment-large size-large\" alt=\"\" srcset=\"https:\/\/www.chemar-piping.pl\/wp-content\/uploads\/2026\/03\/ec_kielce-1024x768.webp 1024w, https:\/\/www.chemar-piping.pl\/wp-content\/uploads\/2026\/03\/ec_kielce-300x225.webp 300w, https:\/\/www.chemar-piping.pl\/wp-content\/uploads\/2026\/03\/ec_kielce-768x576.webp 768w, https:\/\/www.chemar-piping.pl\/wp-content\/uploads\/2026\/03\/ec_kielce-1536x1152.webp 1536w, https:\/\/www.chemar-piping.pl\/wp-content\/uploads\/2026\/03\/ec_kielce-16x12.webp 16w, https:\/\/www.chemar-piping.pl\/wp-content\/uploads\/2026\/03\/ec_kielce.webp 1920w\" sizes=\"auto, (max-width: 1024px) 100vw, 1024px\" \/>\t\t\t\t\t<\/a>\n\t\t\t\t\t\t\t\t\t<\/div>\n\t\t\t\t\t\t<h4 class=\"uagb-post__title uagb-post__text\">\n\t\t\t\t<a href=\"https:\/\/www.chemar-piping.pl\/en\/realizacja-ec-kielce\/\" target=\"_self\" rel=\"bookmark noopener noreferrer\">Implementation \u2013 Kielce Energy Community<\/a>\n\t\t\t<\/h4>\n\t\t\t\t\t\t\t<div class='uagb-post__text uagb-post__excerpt'>\n\t\t\t\t\t<p>Implementation \u2013 Kielce Power Plant Contractor: RAFAKO SA Design: PGE Kielce Power Plant Scope: \u201eDelivery and assembly\u2026\t\t\t\t<\/div>\n\t\t\t\t\t\t<div class=\"uagb-post__text uagb-post__cta wp-block-button\">\n\t\t\t\t<a class=\"wp-block-button__link uagb-text-link\" style=\"\" href=\"https:\/\/www.chemar-piping.pl\/en\/realizacja-ec-kielce\/\" target=\"_self\" rel=\"bookmark noopener noreferrer\">Read More<\/a>\n\t\t\t<\/div>\n\t\t\t\n\t\t\t\t\t\t\t\t\t<\/article>\n\t\t\t\t\t\t\t\t\t\t\t<\/div>\n\t\t\t<\/div><\/div><\/div>\n<\/div><\/div>\n\n\n\n<p><\/p>","protected":false},"excerpt":{"rendered":"<p>Realisations<\/p>","protected":false},"author":1,"featured_media":0,"parent":0,"menu_order":0,"comment_status":"closed","ping_status":"closed","template":"page-templates\/full-width.php","meta":{"_gspb_post_css":"","_uag_custom_page_level_css":"","iawp_total_views":75,"footnotes":""},"class_list":["post-4453","page","type-page","status-publish","hentry"],"blocksy_meta":{"page_structure_type":"type-4","styles_descriptor":{"styles":{"desktop":"","tablet":"","mobile":""},"google_fonts":[],"version":6}},"featured_image_src":null,"uagb_featured_image_src":{"full":false,"thumbnail":false,"medium":false,"medium_large":false,"large":false,"1536x1536":false,"2048x2048":false,"trp-custom-language-flag":false},"uagb_author_info":{"display_name":"Chemar Ruroci\u0105gi","author_link":"https:\/\/www.chemar-piping.pl\/en\/author\/michpaj\/"},"uagb_comment_info":0,"uagb_excerpt":"Realizacje","_links":{"self":[{"href":"https:\/\/www.chemar-piping.pl\/en\/wp-json\/wp\/v2\/pages\/4453","targetHints":{"allow":["GET"]}}],"collection":[{"href":"https:\/\/www.chemar-piping.pl\/en\/wp-json\/wp\/v2\/pages"}],"about":[{"href":"https:\/\/www.chemar-piping.pl\/en\/wp-json\/wp\/v2\/types\/page"}],"author":[{"embeddable":true,"href":"https:\/\/www.chemar-piping.pl\/en\/wp-json\/wp\/v2\/users\/1"}],"replies":[{"embeddable":true,"href":"https:\/\/www.chemar-piping.pl\/en\/wp-json\/wp\/v2\/comments?post=4453"}],"version-history":[{"count":8,"href":"https:\/\/www.chemar-piping.pl\/en\/wp-json\/wp\/v2\/pages\/4453\/revisions"}],"predecessor-version":[{"id":4483,"href":"https:\/\/www.chemar-piping.pl\/en\/wp-json\/wp\/v2\/pages\/4453\/revisions\/4483"}],"wp:attachment":[{"href":"https:\/\/www.chemar-piping.pl\/en\/wp-json\/wp\/v2\/media?parent=4453"}],"curies":[{"name":"wp","href":"https:\/\/api.w.org\/{rel}","templated":true}]}}